{"id":7173,"date":"2025-06-28T18:17:24","date_gmt":"2025-06-28T16:17:24","guid":{"rendered":"https:\/\/uj.adatbank.ro\/lexikon\/termek\/ebner-lajos-%c2%a7\/"},"modified":"2025-06-28T18:17:24","modified_gmt":"2025-06-28T16:17:24","slug":"ebner-lajos-%c2%a7","status":"publish","type":"product","link":"https:\/\/uj.adatbank.ro\/lexikon\/termek\/ebner-lajos-%c2%a7\/","title":{"rendered":"EBNER Lajos, \u00a7"},"content":{"rendered":"<p>? \u2020\u00a0? : alezredes. \u2013 R\u00e9szt vett az I. vh.-ban a 9. honv\u00e9d husz\u00e1r p\u00f3tsz\u00e1zad parancsnoka. A hadidisz\u00edtm\u00e9nyes \u00e9rdemkereszt kit\u00fcntetettje. <br \/><strong>Irod.:<\/strong> Mv. \u00e9s a h\u00e1bor\u00fa 2.<\/br><\/p>\n","protected":false},"excerpt":{"rendered":"<p>? \u2020\u00a0? : alezredes. \u2013 R\u00e9szt vett az I. vh.-ban a 9. honv\u00e9d husz\u00e1r p\u00f3tsz\u00e1zad parancsnoka. A hadidisz\u00edtm\u00e9nyes \u00e9rdemkereszt kit\u00fcntetettje. Irod.: Mv. \u00e9s a h\u00e1bor\u00fa 2.<\/p>\n","protected":false},"featured_media":0,"comment_status":"open","ping_status":"closed","template":"","meta":[],"product_brand":[],"product_cat":[137],"product_tag":[],"class_list":{"0":"post-7173","1":"product","2":"type-product","3":"status-publish","5":"product_cat-maros-megyei-eletrajzi-lexikon","7":"first","8":"instock","9":"shipping-taxable","10":"product-type-simple"},"_links":{"self":[{"href":"https:\/\/uj.adatbank.ro\/lexikon\/wp-json\/wp\/v2\/product\/7173","targetHints":{"allow":["GET"]}}],"collection":[{"href":"https:\/\/uj.adatbank.ro\/lexikon\/wp-json\/wp\/v2\/product"}],"about":[{"href":"https:\/\/uj.adatbank.ro\/lexikon\/wp-json\/wp\/v2\/types\/product"}],"replies":[{"embeddable":true,"href":"https:\/\/uj.adatbank.ro\/lexikon\/wp-json\/wp\/v2\/comments?post=7173"}],"wp:attachment":[{"href":"https:\/\/uj.adatbank.ro\/lexikon\/wp-json\/wp\/v2\/media?parent=7173"}],"wp:term":[{"taxonomy":"product_brand","embeddable":true,"href":"https:\/\/uj.adatbank.ro\/lexikon\/wp-json\/wp\/v2\/product_brand?post=7173"},{"taxonomy":"product_cat","embeddable":true,"href":"https:\/\/uj.adatbank.ro\/lexikon\/wp-json\/wp\/v2\/product_cat?post=7173"},{"taxonomy":"product_tag","embeddable":true,"href":"https:\/\/uj.adatbank.ro\/lexikon\/wp-json\/wp\/v2\/product_tag?post=7173"}],"curies":[{"name":"wp","href":"https:\/\/api.w.org\/{rel}","templated":true}]}}