{"id":7175,"date":"2025-06-28T18:17:27","date_gmt":"2025-06-28T16:17:27","guid":{"rendered":"https:\/\/uj.adatbank.ro\/lexikon\/termek\/eckhart-simon\/"},"modified":"2025-06-28T18:17:27","modified_gmt":"2025-06-28T16:17:27","slug":"eckhart-simon","status":"publish","type":"product","link":"https:\/\/uj.adatbank.ro\/lexikon\/termek\/eckhart-simon\/","title":{"rendered":"ECKHART Simon"},"content":{"rendered":"<p>? \u2020 Sz\u00e1szr\u00e9gen, 1780. k.: szen\u00e1tor. \u2013 A sz\u00e1szr\u00e9geni ev.ang\u00e9likus templom sz\u00f3sz\u00e9ke mellett van eltemetve. <br \/><strong>Irod.:<\/strong> B\u00edr\u00f3 Don\u00e1t<\/br><\/p>\n","protected":false},"excerpt":{"rendered":"<p>? \u2020 Sz\u00e1szr\u00e9gen, 1780. k.: szen\u00e1tor. \u2013 A sz\u00e1szr\u00e9geni ev.ang\u00e9likus templom sz\u00f3sz\u00e9ke mellett van eltemetve. Irod.: B\u00edr\u00f3 Don\u00e1t<\/p>\n","protected":false},"featured_media":0,"comment_status":"open","ping_status":"closed","template":"","meta":[],"product_brand":[],"product_cat":[137],"product_tag":[],"class_list":{"0":"post-7175","1":"product","2":"type-product","3":"status-publish","5":"product_cat-maros-megyei-eletrajzi-lexikon","7":"first","8":"instock","9":"shipping-taxable","10":"product-type-simple"},"_links":{"self":[{"href":"https:\/\/uj.adatbank.ro\/lexikon\/wp-json\/wp\/v2\/product\/7175","targetHints":{"allow":["GET"]}}],"collection":[{"href":"https:\/\/uj.adatbank.ro\/lexikon\/wp-json\/wp\/v2\/product"}],"about":[{"href":"https:\/\/uj.adatbank.ro\/lexikon\/wp-json\/wp\/v2\/types\/product"}],"replies":[{"embeddable":true,"href":"https:\/\/uj.adatbank.ro\/lexikon\/wp-json\/wp\/v2\/comments?post=7175"}],"wp:attachment":[{"href":"https:\/\/uj.adatbank.ro\/lexikon\/wp-json\/wp\/v2\/media?parent=7175"}],"wp:term":[{"taxonomy":"product_brand","embeddable":true,"href":"https:\/\/uj.adatbank.ro\/lexikon\/wp-json\/wp\/v2\/product_brand?post=7175"},{"taxonomy":"product_cat","embeddable":true,"href":"https:\/\/uj.adatbank.ro\/lexikon\/wp-json\/wp\/v2\/product_cat?post=7175"},{"taxonomy":"product_tag","embeddable":true,"href":"https:\/\/uj.adatbank.ro\/lexikon\/wp-json\/wp\/v2\/product_tag?post=7175"}],"curies":[{"name":"wp","href":"https:\/\/api.w.org\/{rel}","templated":true}]}}