{"id":7176,"date":"2025-06-28T18:17:30","date_gmt":"2025-06-28T16:17:30","guid":{"rendered":"https:\/\/uj.adatbank.ro\/lexikon\/termek\/eckwert-jozsef\/"},"modified":"2025-06-28T18:17:30","modified_gmt":"2025-06-28T16:17:30","slug":"eckwert-jozsef","status":"publish","type":"product","link":"https:\/\/uj.adatbank.ro\/lexikon\/termek\/eckwert-jozsef\/","title":{"rendered":"ECKWERT J\u00f3zsef"},"content":{"rendered":"<p>? \u2020\u00a0? : gy\u00e1ros, f\u0151k\u00f6nyvel\u0151. \u2013 Mv.-en Weis \u00e9s Eckwert; G\u00e1sp\u00e1r \u00e9s Eckwert n\u00e9ven m\u0171k\u00f6d\u00f6tt gy\u00e1ra. A mv.-i Ker\u00e9kp\u00e1roz\u00f3k Egyes\u00fclet\u00e9nek aleln\u00f6ke (1899\u2013). <br \/><strong>Irod.:<\/strong> Eml\u00e9kk\u00f6nyv a K. M. Term\u00e9szettud.-i T\u00e1rsulat f\u00e9lsz\u00e1zados jubileum\u00e1n (Bp., 1892); Hol volt, hol nem volt\u2026 (N\u00fa., 2004. dec. 2.); Illy\u00e9s; A M. Korona orsz\u00e1gainak kivitelk\u00e9pes ipartelepei (Bp., 1897), Mo. k\u00f6zgazdas\u00e1gi \u00e9s k\u00f6zm\u0171vel\u0151d\u00e9si \u00e1llapota (Bp., 1897\u201398)<\/br><\/p>\n","protected":false},"excerpt":{"rendered":"<p>? \u2020\u00a0? : gy\u00e1ros, f\u0151k\u00f6nyvel\u0151. \u2013 Mv.-en Weis \u00e9s Eckwert; G\u00e1sp\u00e1r \u00e9s Eckwert n\u00e9ven m\u0171k\u00f6d\u00f6tt gy\u00e1ra. A mv.-i Ker\u00e9kp\u00e1roz\u00f3k Egyes\u00fclet\u00e9nek aleln\u00f6ke (1899\u2013). Irod.: Eml\u00e9kk\u00f6nyv a K. M. Term\u00e9szettud.-i T\u00e1rsulat f\u00e9lsz\u00e1zados jubileum\u00e1n (Bp., 1892); Hol volt, hol nem volt\u2026 (N\u00fa., 2004. dec. 2.); Illy\u00e9s; A M. Korona orsz\u00e1gainak kivitelk\u00e9pes ipartelepei (Bp., 1897), Mo. k\u00f6zgazdas\u00e1gi \u00e9s k\u00f6zm\u0171vel\u0151d\u00e9si [&hellip;]<\/p>\n","protected":false},"featured_media":0,"comment_status":"open","ping_status":"closed","template":"","meta":[],"product_brand":[],"product_cat":[137],"product_tag":[],"class_list":{"0":"post-7176","1":"product","2":"type-product","3":"status-publish","5":"product_cat-maros-megyei-eletrajzi-lexikon","7":"first","8":"instock","9":"shipping-taxable","10":"product-type-simple"},"_links":{"self":[{"href":"https:\/\/uj.adatbank.ro\/lexikon\/wp-json\/wp\/v2\/product\/7176","targetHints":{"allow":["GET"]}}],"collection":[{"href":"https:\/\/uj.adatbank.ro\/lexikon\/wp-json\/wp\/v2\/product"}],"about":[{"href":"https:\/\/uj.adatbank.ro\/lexikon\/wp-json\/wp\/v2\/types\/product"}],"replies":[{"embeddable":true,"href":"https:\/\/uj.adatbank.ro\/lexikon\/wp-json\/wp\/v2\/comments?post=7176"}],"wp:attachment":[{"href":"https:\/\/uj.adatbank.ro\/lexikon\/wp-json\/wp\/v2\/media?parent=7176"}],"wp:term":[{"taxonomy":"product_brand","embeddable":true,"href":"https:\/\/uj.adatbank.ro\/lexikon\/wp-json\/wp\/v2\/product_brand?post=7176"},{"taxonomy":"product_cat","embeddable":true,"href":"https:\/\/uj.adatbank.ro\/lexikon\/wp-json\/wp\/v2\/product_cat?post=7176"},{"taxonomy":"product_tag","embeddable":true,"href":"https:\/\/uj.adatbank.ro\/lexikon\/wp-json\/wp\/v2\/product_tag?post=7176"}],"curies":[{"name":"wp","href":"https:\/\/api.w.org\/{rel}","templated":true}]}}