{"id":7177,"date":"2025-06-28T18:17:32","date_gmt":"2025-06-28T16:17:32","guid":{"rendered":"https:\/\/uj.adatbank.ro\/lexikon\/termek\/ecsedy-arpad-vitez\/"},"modified":"2025-06-28T18:17:32","modified_gmt":"2025-06-28T16:17:32","slug":"ecsedy-arpad-vitez","status":"publish","type":"product","link":"https:\/\/uj.adatbank.ro\/lexikon\/termek\/ecsedy-arpad-vitez\/","title":{"rendered":"ECSEDY \u00c1rp\u00e1d, vit\u00e9z"},"content":{"rendered":"<p>? \u2020\u00a0? : rend\u0151rkapit\u00e1ny. \u2013 Mv.-en rend\u0151rkapit\u00e1ny (1940). <br \/><strong>Irod.:<\/strong> Id\u0151t\u00e1r 3<\/br><\/p>\n","protected":false},"excerpt":{"rendered":"<p>? \u2020\u00a0? : rend\u0151rkapit\u00e1ny. \u2013 Mv.-en rend\u0151rkapit\u00e1ny (1940). Irod.: Id\u0151t\u00e1r 3<\/p>\n","protected":false},"featured_media":0,"comment_status":"open","ping_status":"closed","template":"","meta":[],"product_brand":[],"product_cat":[137],"product_tag":[],"class_list":{"0":"post-7177","1":"product","2":"type-product","3":"status-publish","5":"product_cat-maros-megyei-eletrajzi-lexikon","7":"first","8":"instock","9":"shipping-taxable","10":"product-type-simple"},"_links":{"self":[{"href":"https:\/\/uj.adatbank.ro\/lexikon\/wp-json\/wp\/v2\/product\/7177","targetHints":{"allow":["GET"]}}],"collection":[{"href":"https:\/\/uj.adatbank.ro\/lexikon\/wp-json\/wp\/v2\/product"}],"about":[{"href":"https:\/\/uj.adatbank.ro\/lexikon\/wp-json\/wp\/v2\/types\/product"}],"replies":[{"embeddable":true,"href":"https:\/\/uj.adatbank.ro\/lexikon\/wp-json\/wp\/v2\/comments?post=7177"}],"wp:attachment":[{"href":"https:\/\/uj.adatbank.ro\/lexikon\/wp-json\/wp\/v2\/media?parent=7177"}],"wp:term":[{"taxonomy":"product_brand","embeddable":true,"href":"https:\/\/uj.adatbank.ro\/lexikon\/wp-json\/wp\/v2\/product_brand?post=7177"},{"taxonomy":"product_cat","embeddable":true,"href":"https:\/\/uj.adatbank.ro\/lexikon\/wp-json\/wp\/v2\/product_cat?post=7177"},{"taxonomy":"product_tag","embeddable":true,"href":"https:\/\/uj.adatbank.ro\/lexikon\/wp-json\/wp\/v2\/product_tag?post=7177"}],"curies":[{"name":"wp","href":"https:\/\/api.w.org\/{rel}","templated":true}]}}