{"id":7184,"date":"2025-06-28T18:17:46","date_gmt":"2025-06-28T16:17:46","guid":{"rendered":"https:\/\/uj.adatbank.ro\/lexikon\/termek\/efraim-fischer\/"},"modified":"2025-06-28T18:17:46","modified_gmt":"2025-06-28T16:17:46","slug":"efraim-fischer","status":"publish","type":"product","link":"https:\/\/uj.adatbank.ro\/lexikon\/termek\/efraim-fischer\/","title":{"rendered":"EFRAIM Fischer"},"content":{"rendered":"<p>? \u2020?: rabbi. \u2013 A mv.-i hitk\u00f6zs\u00e9g utols\u00f3 f\u0151rabbija (1948\u201359). A rabbinikus irodalom utols\u00f3 kimagasl\u00f3 szem\u00e9lyis\u00e9ge Mv.-en. \u2013 <strong>F. m.:<\/strong> Menachem mesiv (Menachem v\u00e1laszol). <br \/><strong>Irod.:<\/strong> Mv. zsid\u00f3s\u00e1ga<\/br><\/p>\n","protected":false},"excerpt":{"rendered":"<p>? \u2020?: rabbi. \u2013 A mv.-i hitk\u00f6zs\u00e9g utols\u00f3 f\u0151rabbija (1948\u201359). A rabbinikus irodalom utols\u00f3 kimagasl\u00f3 szem\u00e9lyis\u00e9ge Mv.-en. \u2013 F. m.: Menachem mesiv (Menachem v\u00e1laszol). Irod.: Mv. zsid\u00f3s\u00e1ga<\/p>\n","protected":false},"featured_media":0,"comment_status":"open","ping_status":"closed","template":"","meta":[],"product_brand":[],"product_cat":[137],"product_tag":[],"class_list":{"0":"post-7184","1":"product","2":"type-product","3":"status-publish","5":"product_cat-maros-megyei-eletrajzi-lexikon","7":"first","8":"instock","9":"shipping-taxable","10":"product-type-simple"},"_links":{"self":[{"href":"https:\/\/uj.adatbank.ro\/lexikon\/wp-json\/wp\/v2\/product\/7184","targetHints":{"allow":["GET"]}}],"collection":[{"href":"https:\/\/uj.adatbank.ro\/lexikon\/wp-json\/wp\/v2\/product"}],"about":[{"href":"https:\/\/uj.adatbank.ro\/lexikon\/wp-json\/wp\/v2\/types\/product"}],"replies":[{"embeddable":true,"href":"https:\/\/uj.adatbank.ro\/lexikon\/wp-json\/wp\/v2\/comments?post=7184"}],"wp:attachment":[{"href":"https:\/\/uj.adatbank.ro\/lexikon\/wp-json\/wp\/v2\/media?parent=7184"}],"wp:term":[{"taxonomy":"product_brand","embeddable":true,"href":"https:\/\/uj.adatbank.ro\/lexikon\/wp-json\/wp\/v2\/product_brand?post=7184"},{"taxonomy":"product_cat","embeddable":true,"href":"https:\/\/uj.adatbank.ro\/lexikon\/wp-json\/wp\/v2\/product_cat?post=7184"},{"taxonomy":"product_tag","embeddable":true,"href":"https:\/\/uj.adatbank.ro\/lexikon\/wp-json\/wp\/v2\/product_tag?post=7184"}],"curies":[{"name":"wp","href":"https:\/\/api.w.org\/{rel}","templated":true}]}}