{"id":7186,"date":"2025-06-28T18:17:48","date_gmt":"2025-06-28T16:17:48","guid":{"rendered":"https:\/\/uj.adatbank.ro\/lexikon\/termek\/egei-jeno\/"},"modified":"2025-06-28T18:17:48","modified_gmt":"2025-06-28T16:17:48","slug":"egei-jeno","status":"publish","type":"product","link":"https:\/\/uj.adatbank.ro\/lexikon\/termek\/egei-jeno\/","title":{"rendered":"\u00c9GEI Jen\u0151"},"content":{"rendered":"<p>? \u2020\u00a0? : \u00fcgyv\u00e9d. \u2013 Mv.-en az Imr\u00e9dy P\u00e1rt titk\u00e1rak\u00e9nt sz\u00e9lesk\u00f6r\u0171 antiszemita propagand\u00e1t fejtett ki a v\u00e1rosban, majd sokat seg\u00edtett a Gestapo embereinek a mv.-i zsid\u00f3k felkutat\u00e1s\u00e1ban \u00e9s letart\u00f3ztat\u00e1s\u00e1ban (1944. \u00e1pr. v\u00e9ge, m\u00e1j. 2 \u2013 3). <br \/><strong>Irod.:<\/strong> B\u0103la\u015f\u2013Kocsis<\/br><\/p>\n","protected":false},"excerpt":{"rendered":"<p>? \u2020\u00a0? : \u00fcgyv\u00e9d. \u2013 Mv.-en az Imr\u00e9dy P\u00e1rt titk\u00e1rak\u00e9nt sz\u00e9lesk\u00f6r\u0171 antiszemita propagand\u00e1t fejtett ki a v\u00e1rosban, majd sokat seg\u00edtett a Gestapo embereinek a mv.-i zsid\u00f3k felkutat\u00e1s\u00e1ban \u00e9s letart\u00f3ztat\u00e1s\u00e1ban (1944. \u00e1pr. v\u00e9ge, m\u00e1j. 2 \u2013 3). Irod.: B\u0103la\u015f\u2013Kocsis<\/p>\n","protected":false},"featured_media":0,"comment_status":"open","ping_status":"closed","template":"","meta":[],"product_brand":[],"product_cat":[137],"product_tag":[],"class_list":{"0":"post-7186","1":"product","2":"type-product","3":"status-publish","5":"product_cat-maros-megyei-eletrajzi-lexikon","7":"first","8":"instock","9":"shipping-taxable","10":"product-type-simple"},"_links":{"self":[{"href":"https:\/\/uj.adatbank.ro\/lexikon\/wp-json\/wp\/v2\/product\/7186","targetHints":{"allow":["GET"]}}],"collection":[{"href":"https:\/\/uj.adatbank.ro\/lexikon\/wp-json\/wp\/v2\/product"}],"about":[{"href":"https:\/\/uj.adatbank.ro\/lexikon\/wp-json\/wp\/v2\/types\/product"}],"replies":[{"embeddable":true,"href":"https:\/\/uj.adatbank.ro\/lexikon\/wp-json\/wp\/v2\/comments?post=7186"}],"wp:attachment":[{"href":"https:\/\/uj.adatbank.ro\/lexikon\/wp-json\/wp\/v2\/media?parent=7186"}],"wp:term":[{"taxonomy":"product_brand","embeddable":true,"href":"https:\/\/uj.adatbank.ro\/lexikon\/wp-json\/wp\/v2\/product_brand?post=7186"},{"taxonomy":"product_cat","embeddable":true,"href":"https:\/\/uj.adatbank.ro\/lexikon\/wp-json\/wp\/v2\/product_cat?post=7186"},{"taxonomy":"product_tag","embeddable":true,"href":"https:\/\/uj.adatbank.ro\/lexikon\/wp-json\/wp\/v2\/product_tag?post=7186"}],"curies":[{"name":"wp","href":"https:\/\/api.w.org\/{rel}","templated":true}]}}