{"id":7188,"date":"2025-06-28T18:17:52","date_gmt":"2025-06-28T16:17:52","guid":{"rendered":"https:\/\/uj.adatbank.ro\/lexikon\/termek\/egerhazi-balazs-egerhazy-blasius-egerhazy-basilius\/"},"modified":"2025-06-28T18:17:52","modified_gmt":"2025-06-28T16:17:52","slug":"egerhazi-balazs-egerhazy-blasius-egerhazy-basilius","status":"publish","type":"product","link":"https:\/\/uj.adatbank.ro\/lexikon\/termek\/egerhazi-balazs-egerhazy-blasius-egerhazy-basilius\/","title":{"rendered":"EGERH\u00c1ZI Bal\u00e1zs, Egerh\u00e1zy Blasius, Egerh\u00e1zy Basilius"},"content":{"rendered":"<p>? \u2020\u00a0?: mez\u0151b\u00e1ndi. \u2013 A neve el\u0151fordul a Bethlen G\u00e1bor-f\u00e9le lustrak\u00f6nyvben is (1604). \u00c9rdemei\u00e9rt a Kornis Boldizs\u00e1r f\u0151kapit\u00e1ny k\u00e9r\u00e9s\u00e9re, B\u00e1thory G\u00e1bort\u00f3l kapott c\u00edmert, a m\u00e1r ismert nemess\u00e9ge mellett (1609. febr. 9.). A B\u00e1ndon l\u00e9v\u0151 j\u00f3sz\u00e1g\u00e1t \u00e9s h\u00e1z\u00e1t minden ad\u00f3tol \u00e9s tehert\u0151l mentes\u00edtette. <br \/><strong>Irod.:<\/strong> P\u00e1lmay; Sepsisz\u00e9ki; S\u00e1ndor Imre<\/br><\/p>\n","protected":false},"excerpt":{"rendered":"<p>? \u2020\u00a0?: mez\u0151b\u00e1ndi. \u2013 A neve el\u0151fordul a Bethlen G\u00e1bor-f\u00e9le lustrak\u00f6nyvben is (1604). \u00c9rdemei\u00e9rt a Kornis Boldizs\u00e1r f\u0151kapit\u00e1ny k\u00e9r\u00e9s\u00e9re, B\u00e1thory G\u00e1bort\u00f3l kapott c\u00edmert, a m\u00e1r ismert nemess\u00e9ge mellett (1609. febr. 9.). A B\u00e1ndon l\u00e9v\u0151 j\u00f3sz\u00e1g\u00e1t \u00e9s h\u00e1z\u00e1t minden ad\u00f3tol \u00e9s tehert\u0151l mentes\u00edtette. Irod.: P\u00e1lmay; Sepsisz\u00e9ki; S\u00e1ndor Imre<\/p>\n","protected":false},"featured_media":0,"comment_status":"open","ping_status":"closed","template":"","meta":[],"product_brand":[],"product_cat":[137],"product_tag":[],"class_list":{"0":"post-7188","1":"product","2":"type-product","3":"status-publish","5":"product_cat-maros-megyei-eletrajzi-lexikon","7":"first","8":"instock","9":"shipping-taxable","10":"product-type-simple"},"_links":{"self":[{"href":"https:\/\/uj.adatbank.ro\/lexikon\/wp-json\/wp\/v2\/product\/7188","targetHints":{"allow":["GET"]}}],"collection":[{"href":"https:\/\/uj.adatbank.ro\/lexikon\/wp-json\/wp\/v2\/product"}],"about":[{"href":"https:\/\/uj.adatbank.ro\/lexikon\/wp-json\/wp\/v2\/types\/product"}],"replies":[{"embeddable":true,"href":"https:\/\/uj.adatbank.ro\/lexikon\/wp-json\/wp\/v2\/comments?post=7188"}],"wp:attachment":[{"href":"https:\/\/uj.adatbank.ro\/lexikon\/wp-json\/wp\/v2\/media?parent=7188"}],"wp:term":[{"taxonomy":"product_brand","embeddable":true,"href":"https:\/\/uj.adatbank.ro\/lexikon\/wp-json\/wp\/v2\/product_brand?post=7188"},{"taxonomy":"product_cat","embeddable":true,"href":"https:\/\/uj.adatbank.ro\/lexikon\/wp-json\/wp\/v2\/product_cat?post=7188"},{"taxonomy":"product_tag","embeddable":true,"href":"https:\/\/uj.adatbank.ro\/lexikon\/wp-json\/wp\/v2\/product_tag?post=7188"}],"curies":[{"name":"wp","href":"https:\/\/api.w.org\/{rel}","templated":true}]}}