{"id":7189,"date":"2025-06-28T18:17:54","date_gmt":"2025-06-28T16:17:54","guid":{"rendered":"https:\/\/uj.adatbank.ro\/lexikon\/termek\/egerhazi-istvan-mezobandi\/"},"modified":"2025-06-28T18:17:54","modified_gmt":"2025-06-28T16:17:54","slug":"egerhazi-istvan-mezobandi","status":"publish","type":"product","link":"https:\/\/uj.adatbank.ro\/lexikon\/termek\/egerhazi-istvan-mezobandi\/","title":{"rendered":"EGERH\u00c1ZI Istv\u00e1n, mez\u0151b\u00e1ndi"},"content":{"rendered":"<p>?16.sz., \u2020 1647.k.: fest\u0151m\u0171v\u00e9sz. \u2013 E. J\u00e1nos testv\u00e9re. A nemess\u00e9g adom\u00e1nyoz\u00e1s\u00e1ban r\u00e9szes\u00fclt (1609. febr. 9.). Mint regalista szerepelt a Bethlen G\u00e1bor\u2013f\u00e9le lustrak\u00f6nyvben (1630) \u00e9s Bethlen G\u00e1bor fejedelem fest\u0151m\u0171v\u00e9sze. Gyulakut\u00e1n dolgozott (1625). A csal\u00e1dnak a mez\u0151b\u00e1ndi\u00a0ref. templomban l\u00e1that\u00f3 a geneal\u00f3gi\u00e1ja (2000. aug. 20.-t\u00f3l). <br \/><strong>Irod.:<\/strong> Moln\u00e1r; P\u00e1lmay; Sepsisz\u00e9ki<\/br><\/p>\n","protected":false},"excerpt":{"rendered":"<p>?16.sz., \u2020 1647.k.: fest\u0151m\u0171v\u00e9sz. \u2013 E. J\u00e1nos testv\u00e9re. A nemess\u00e9g adom\u00e1nyoz\u00e1s\u00e1ban r\u00e9szes\u00fclt (1609. febr. 9.). Mint regalista szerepelt a Bethlen G\u00e1bor\u2013f\u00e9le lustrak\u00f6nyvben (1630) \u00e9s Bethlen G\u00e1bor fejedelem fest\u0151m\u0171v\u00e9sze. Gyulakut\u00e1n dolgozott (1625). A csal\u00e1dnak a mez\u0151b\u00e1ndi\u00a0ref. templomban l\u00e1that\u00f3 a geneal\u00f3gi\u00e1ja (2000. aug. 20.-t\u00f3l). Irod.: Moln\u00e1r; P\u00e1lmay; Sepsisz\u00e9ki<\/p>\n","protected":false},"featured_media":0,"comment_status":"open","ping_status":"closed","template":"","meta":[],"product_brand":[],"product_cat":[137],"product_tag":[],"class_list":{"0":"post-7189","1":"product","2":"type-product","3":"status-publish","5":"product_cat-maros-megyei-eletrajzi-lexikon","7":"first","8":"instock","9":"shipping-taxable","10":"product-type-simple"},"_links":{"self":[{"href":"https:\/\/uj.adatbank.ro\/lexikon\/wp-json\/wp\/v2\/product\/7189","targetHints":{"allow":["GET"]}}],"collection":[{"href":"https:\/\/uj.adatbank.ro\/lexikon\/wp-json\/wp\/v2\/product"}],"about":[{"href":"https:\/\/uj.adatbank.ro\/lexikon\/wp-json\/wp\/v2\/types\/product"}],"replies":[{"embeddable":true,"href":"https:\/\/uj.adatbank.ro\/lexikon\/wp-json\/wp\/v2\/comments?post=7189"}],"wp:attachment":[{"href":"https:\/\/uj.adatbank.ro\/lexikon\/wp-json\/wp\/v2\/media?parent=7189"}],"wp:term":[{"taxonomy":"product_brand","embeddable":true,"href":"https:\/\/uj.adatbank.ro\/lexikon\/wp-json\/wp\/v2\/product_brand?post=7189"},{"taxonomy":"product_cat","embeddable":true,"href":"https:\/\/uj.adatbank.ro\/lexikon\/wp-json\/wp\/v2\/product_cat?post=7189"},{"taxonomy":"product_tag","embeddable":true,"href":"https:\/\/uj.adatbank.ro\/lexikon\/wp-json\/wp\/v2\/product_tag?post=7189"}],"curies":[{"name":"wp","href":"https:\/\/api.w.org\/{rel}","templated":true}]}}