{"id":7194,"date":"2025-06-28T18:18:08","date_gmt":"2025-06-28T16:18:08","guid":{"rendered":"https:\/\/uj.adatbank.ro\/lexikon\/termek\/egeto-arpad-bela\/"},"modified":"2025-06-28T18:18:08","modified_gmt":"2025-06-28T16:18:08","slug":"egeto-arpad-bela","status":"publish","type":"product","link":"https:\/\/uj.adatbank.ro\/lexikon\/termek\/egeto-arpad-bela\/","title":{"rendered":"\u00c9GET\u0150 \u00c1rp\u00e1d B\u00e9la"},"content":{"rendered":"<p>Brass\u00f3, 1923, \u2020\u00a0Mv., 2012: orvos. \u2013 Kv.-on v\u00e9gezte az orvosi egyetemet magyarul, az utols\u00f3 kv.-i avat\u00e1son (1948). Mv.-en a seb\u00e9szeten tan\u00e1rseg\u00e9d (1948\u201350), katonaorvos (1950\u20131952), az Ortop\u00e9diai Klinik\u00e1n ortop\u00e9d seb\u00e9sz nyugd\u00edjaz\u00e1s\u00e1ig. Ortop\u00e9diai \u00e9s seb\u00e9szeti jegyzeteket \u00edrt \u00e9s adott ki. <br \/><strong>Irod.:<\/strong> Kiss-P.- P.<\/br><\/p>\n","protected":false},"excerpt":{"rendered":"<p>Brass\u00f3, 1923, \u2020\u00a0Mv., 2012: orvos. \u2013 Kv.-on v\u00e9gezte az orvosi egyetemet magyarul, az utols\u00f3 kv.-i avat\u00e1son (1948). Mv.-en a seb\u00e9szeten tan\u00e1rseg\u00e9d (1948\u201350), katonaorvos (1950\u20131952), az Ortop\u00e9diai Klinik\u00e1n ortop\u00e9d seb\u00e9sz nyugd\u00edjaz\u00e1s\u00e1ig. Ortop\u00e9diai \u00e9s seb\u00e9szeti jegyzeteket \u00edrt \u00e9s adott ki. Irod.: Kiss-P.- P.<\/p>\n","protected":false},"featured_media":0,"comment_status":"open","ping_status":"closed","template":"","meta":[],"product_brand":[],"product_cat":[137],"product_tag":[],"class_list":{"0":"post-7194","1":"product","2":"type-product","3":"status-publish","5":"product_cat-maros-megyei-eletrajzi-lexikon","7":"first","8":"instock","9":"shipping-taxable","10":"product-type-simple"},"_links":{"self":[{"href":"https:\/\/uj.adatbank.ro\/lexikon\/wp-json\/wp\/v2\/product\/7194","targetHints":{"allow":["GET"]}}],"collection":[{"href":"https:\/\/uj.adatbank.ro\/lexikon\/wp-json\/wp\/v2\/product"}],"about":[{"href":"https:\/\/uj.adatbank.ro\/lexikon\/wp-json\/wp\/v2\/types\/product"}],"replies":[{"embeddable":true,"href":"https:\/\/uj.adatbank.ro\/lexikon\/wp-json\/wp\/v2\/comments?post=7194"}],"wp:attachment":[{"href":"https:\/\/uj.adatbank.ro\/lexikon\/wp-json\/wp\/v2\/media?parent=7194"}],"wp:term":[{"taxonomy":"product_brand","embeddable":true,"href":"https:\/\/uj.adatbank.ro\/lexikon\/wp-json\/wp\/v2\/product_brand?post=7194"},{"taxonomy":"product_cat","embeddable":true,"href":"https:\/\/uj.adatbank.ro\/lexikon\/wp-json\/wp\/v2\/product_cat?post=7194"},{"taxonomy":"product_tag","embeddable":true,"href":"https:\/\/uj.adatbank.ro\/lexikon\/wp-json\/wp\/v2\/product_tag?post=7194"}],"curies":[{"name":"wp","href":"https:\/\/api.w.org\/{rel}","templated":true}]}}