{"id":7197,"date":"2025-06-28T18:18:13","date_gmt":"2025-06-28T16:18:13","guid":{"rendered":"https:\/\/uj.adatbank.ro\/lexikon\/termek\/egressy-gabor-egressi-gabor\/"},"modified":"2025-06-28T18:18:13","modified_gmt":"2025-06-28T16:18:13","slug":"egressy-gabor-egressi-gabor","status":"publish","type":"product","link":"https:\/\/uj.adatbank.ro\/lexikon\/termek\/egressy-gabor-egressi-gabor\/","title":{"rendered":"EGRESSY G\u00e1bor, Egressi G\u00e1bor"},"content":{"rendered":"<p>? \u2020\u00a0? : sz\u00edn\u00e9sz. \u2013 A reformkor \u00fcnnepelt sz\u00edn\u00e9sze volt. Mv.-en az Apollo h\u00e1z sz\u00ednpad\u00e1n vend\u00e9gszerepelt el\u0151sz\u00f6r (1842 ), val\u00f3sz\u00edn\u0171leg Laborfalvi R\u00f3z\u00e1val egy\u00fctt. Mint honv\u00e9d\u0151rnagy, Mv.-en Pet\u0151fivel egy\u00fctt t\u00f6lt\u00f6tte 1849. j\u00fal. 28\u201330 -\u00e1t a G\u00f6r\u00f6g h\u00e1zban, innen k\u00eds\u00e9rte a k\u00f6lt\u0151t utols\u00f3 \u00fatj\u00e1ra. Mv.-en utca viselte a nev\u00e9t (1941\u20131995), ma Nyomda \/ Poligrafiei. <br \/><strong>Irod.:<\/strong> Sipos; Szentimrei<\/br><\/p>\n","protected":false},"excerpt":{"rendered":"<p>? \u2020\u00a0? : sz\u00edn\u00e9sz. \u2013 A reformkor \u00fcnnepelt sz\u00edn\u00e9sze volt. Mv.-en az Apollo h\u00e1z sz\u00ednpad\u00e1n vend\u00e9gszerepelt el\u0151sz\u00f6r (1842 ), val\u00f3sz\u00edn\u0171leg Laborfalvi R\u00f3z\u00e1val egy\u00fctt. Mint honv\u00e9d\u0151rnagy, Mv.-en Pet\u0151fivel egy\u00fctt t\u00f6lt\u00f6tte 1849. j\u00fal. 28\u201330 -\u00e1t a G\u00f6r\u00f6g h\u00e1zban, innen k\u00eds\u00e9rte a k\u00f6lt\u0151t utols\u00f3 \u00fatj\u00e1ra. Mv.-en utca viselte a nev\u00e9t (1941\u20131995), ma Nyomda \/ Poligrafiei. Irod.: Sipos; Szentimrei<\/p>\n","protected":false},"featured_media":0,"comment_status":"open","ping_status":"closed","template":"","meta":[],"product_brand":[],"product_cat":[137],"product_tag":[],"class_list":{"0":"post-7197","1":"product","2":"type-product","3":"status-publish","5":"product_cat-maros-megyei-eletrajzi-lexikon","7":"first","8":"instock","9":"shipping-taxable","10":"product-type-simple"},"_links":{"self":[{"href":"https:\/\/uj.adatbank.ro\/lexikon\/wp-json\/wp\/v2\/product\/7197","targetHints":{"allow":["GET"]}}],"collection":[{"href":"https:\/\/uj.adatbank.ro\/lexikon\/wp-json\/wp\/v2\/product"}],"about":[{"href":"https:\/\/uj.adatbank.ro\/lexikon\/wp-json\/wp\/v2\/types\/product"}],"replies":[{"embeddable":true,"href":"https:\/\/uj.adatbank.ro\/lexikon\/wp-json\/wp\/v2\/comments?post=7197"}],"wp:attachment":[{"href":"https:\/\/uj.adatbank.ro\/lexikon\/wp-json\/wp\/v2\/media?parent=7197"}],"wp:term":[{"taxonomy":"product_brand","embeddable":true,"href":"https:\/\/uj.adatbank.ro\/lexikon\/wp-json\/wp\/v2\/product_brand?post=7197"},{"taxonomy":"product_cat","embeddable":true,"href":"https:\/\/uj.adatbank.ro\/lexikon\/wp-json\/wp\/v2\/product_cat?post=7197"},{"taxonomy":"product_tag","embeddable":true,"href":"https:\/\/uj.adatbank.ro\/lexikon\/wp-json\/wp\/v2\/product_tag?post=7197"}],"curies":[{"name":"wp","href":"https:\/\/api.w.org\/{rel}","templated":true}]}}