{"id":7199,"date":"2025-06-28T18:18:18","date_gmt":"2025-06-28T16:18:18","guid":{"rendered":"https:\/\/uj.adatbank.ro\/lexikon\/termek\/egressy-richard-egresi-richard\/"},"modified":"2025-06-28T18:18:18","modified_gmt":"2025-06-28T16:18:18","slug":"egressy-richard-egresi-richard","status":"publish","type":"product","link":"https:\/\/uj.adatbank.ro\/lexikon\/termek\/egressy-richard-egresi-richard\/","title":{"rendered":"EGRESSY Rich\u00e1rd, Egresi Rich\u00e1rd"},"content":{"rendered":"<p>? \u2020\u00a0? : karmester. \u2013 A mv.-i Sz\u00e9kely Sz\u00ednh\u00e1z karmestere volt, operetteket vez\u00e9nyelt (1946\u201347), majd a szatm\u00e1ri Filharm\u00f3nia dirigense. \u2013 Vez\u00e9nyelt: Mv.-en a Sz\u00e9kely Sz\u00ednh\u00e1z el\u0151ad\u00e1sait: Kacs\u00f3 Pongr\u00e1c: J\u00e1nos viz\u00e9z; Paul Laurent: Szerelmes di\u00e1kok; Jakobi Viktor: Sybill; Eisemann M.: Fekete P\u00e9ter; Huszka Jen\u0151: G\u00fcl- baba; K\u00e1lm\u00e1n Imre: Cirkuszhercegn\u0151, Bajad\u00e9r, Az obsitos; Leh\u00e1r Ferenc: A k\u00e9k mazur, Losonczy Dezs\u0151: Egyetlen \u00e9jszak\u00e1ra; Vaszary-Losonczy Dezs\u0151: Bubus; Carlo de Fries: Ilyenek a f\u00e9rfiak; Domby Imre: A s\u00e1t\u00e1nfi\u00f3ka. <br \/><strong>Irod.:<\/strong> Horv\u00e1th Bea; Kov\u00e1cs Levente; A Muresul Filharm\u00f3nia 75. hangversenye (V. Z., 1952. dec. 2.)<\/br><\/p>\n","protected":false},"excerpt":{"rendered":"<p>? \u2020\u00a0? : karmester. \u2013 A mv.-i Sz\u00e9kely Sz\u00ednh\u00e1z karmestere volt, operetteket vez\u00e9nyelt (1946\u201347), majd a szatm\u00e1ri Filharm\u00f3nia dirigense. \u2013 Vez\u00e9nyelt: Mv.-en a Sz\u00e9kely Sz\u00ednh\u00e1z el\u0151ad\u00e1sait: Kacs\u00f3 Pongr\u00e1c: J\u00e1nos viz\u00e9z; Paul Laurent: Szerelmes di\u00e1kok; Jakobi Viktor: Sybill; Eisemann M.: Fekete P\u00e9ter; Huszka Jen\u0151: G\u00fcl- baba; K\u00e1lm\u00e1n Imre: Cirkuszhercegn\u0151, Bajad\u00e9r, Az obsitos; Leh\u00e1r Ferenc: A k\u00e9k [&hellip;]<\/p>\n","protected":false},"featured_media":0,"comment_status":"open","ping_status":"closed","template":"","meta":[],"product_brand":[],"product_cat":[137],"product_tag":[],"class_list":{"0":"post-7199","1":"product","2":"type-product","3":"status-publish","5":"product_cat-maros-megyei-eletrajzi-lexikon","7":"first","8":"instock","9":"shipping-taxable","10":"product-type-simple"},"_links":{"self":[{"href":"https:\/\/uj.adatbank.ro\/lexikon\/wp-json\/wp\/v2\/product\/7199","targetHints":{"allow":["GET"]}}],"collection":[{"href":"https:\/\/uj.adatbank.ro\/lexikon\/wp-json\/wp\/v2\/product"}],"about":[{"href":"https:\/\/uj.adatbank.ro\/lexikon\/wp-json\/wp\/v2\/types\/product"}],"replies":[{"embeddable":true,"href":"https:\/\/uj.adatbank.ro\/lexikon\/wp-json\/wp\/v2\/comments?post=7199"}],"wp:attachment":[{"href":"https:\/\/uj.adatbank.ro\/lexikon\/wp-json\/wp\/v2\/media?parent=7199"}],"wp:term":[{"taxonomy":"product_brand","embeddable":true,"href":"https:\/\/uj.adatbank.ro\/lexikon\/wp-json\/wp\/v2\/product_brand?post=7199"},{"taxonomy":"product_cat","embeddable":true,"href":"https:\/\/uj.adatbank.ro\/lexikon\/wp-json\/wp\/v2\/product_cat?post=7199"},{"taxonomy":"product_tag","embeddable":true,"href":"https:\/\/uj.adatbank.ro\/lexikon\/wp-json\/wp\/v2\/product_tag?post=7199"}],"curies":[{"name":"wp","href":"https:\/\/api.w.org\/{rel}","templated":true}]}}