{"id":7200,"date":"2025-06-28T18:18:19","date_gmt":"2025-06-28T16:18:19","guid":{"rendered":"https:\/\/uj.adatbank.ro\/lexikon\/termek\/egri-janos-kovesdi\/"},"modified":"2025-06-28T18:18:19","modified_gmt":"2025-06-28T16:18:19","slug":"egri-janos-kovesdi","status":"publish","type":"product","link":"https:\/\/uj.adatbank.ro\/lexikon\/termek\/egri-janos-kovesdi\/","title":{"rendered":"EGRI J\u00e1nos, k\u00f6vesdi"},"content":{"rendered":"<p>? \u2020\u00a0? : primipil\u00e1ris. \u2013 Fiai: Istv\u00e1n, J\u00e1nos, P\u00e9ter, apjukkal egy\u00fctt primpil\u00e1rist nyertek II. R\u00e1k\u00f3czi Gy\u00f6rgyt\u0151l (1649. szept. 3.). <br \/><strong>Irod.:<\/strong> P\u00e1lmay<\/br><\/p>\n","protected":false},"excerpt":{"rendered":"<p>? \u2020\u00a0? : primipil\u00e1ris. \u2013 Fiai: Istv\u00e1n, J\u00e1nos, P\u00e9ter, apjukkal egy\u00fctt primpil\u00e1rist nyertek II. R\u00e1k\u00f3czi Gy\u00f6rgyt\u0151l (1649. szept. 3.). Irod.: P\u00e1lmay<\/p>\n","protected":false},"featured_media":0,"comment_status":"open","ping_status":"closed","template":"","meta":[],"product_brand":[],"product_cat":[137],"product_tag":[],"class_list":{"0":"post-7200","1":"product","2":"type-product","3":"status-publish","5":"product_cat-maros-megyei-eletrajzi-lexikon","7":"first","8":"instock","9":"shipping-taxable","10":"product-type-simple"},"_links":{"self":[{"href":"https:\/\/uj.adatbank.ro\/lexikon\/wp-json\/wp\/v2\/product\/7200","targetHints":{"allow":["GET"]}}],"collection":[{"href":"https:\/\/uj.adatbank.ro\/lexikon\/wp-json\/wp\/v2\/product"}],"about":[{"href":"https:\/\/uj.adatbank.ro\/lexikon\/wp-json\/wp\/v2\/types\/product"}],"replies":[{"embeddable":true,"href":"https:\/\/uj.adatbank.ro\/lexikon\/wp-json\/wp\/v2\/comments?post=7200"}],"wp:attachment":[{"href":"https:\/\/uj.adatbank.ro\/lexikon\/wp-json\/wp\/v2\/media?parent=7200"}],"wp:term":[{"taxonomy":"product_brand","embeddable":true,"href":"https:\/\/uj.adatbank.ro\/lexikon\/wp-json\/wp\/v2\/product_brand?post=7200"},{"taxonomy":"product_cat","embeddable":true,"href":"https:\/\/uj.adatbank.ro\/lexikon\/wp-json\/wp\/v2\/product_cat?post=7200"},{"taxonomy":"product_tag","embeddable":true,"href":"https:\/\/uj.adatbank.ro\/lexikon\/wp-json\/wp\/v2\/product_tag?post=7200"}],"curies":[{"name":"wp","href":"https:\/\/api.w.org\/{rel}","templated":true}]}}