{"id":7204,"date":"2025-06-28T18:18:26","date_gmt":"2025-06-28T16:18:26","guid":{"rendered":"https:\/\/uj.adatbank.ro\/lexikon\/termek\/egyed-bela\/"},"modified":"2025-06-28T18:18:26","modified_gmt":"2025-06-28T16:18:26","slug":"egyed-bela","status":"publish","type":"product","link":"https:\/\/uj.adatbank.ro\/lexikon\/termek\/egyed-bela\/","title":{"rendered":"EGYED B\u00e9la"},"content":{"rendered":"<p>D\u00e9s, 1911. j\u00fan. 10., \u2020 Bp., 1990. j\u00fal. 14.: orvos, seb\u00e9sz. \u2013 A kv.-i egy. en orvosi oklevelet szerzett (1937), az egyetem seb\u00e9szeti klinik\u00e1j\u00e1n gyakornok (1937\u201339), a mv.-i k\u00f3rh\u00e1zban gyakornok (1939\u201344), klinikai tan\u00e1rseg\u00e9d, seb\u00e9sz szakorvosi vizsg\u00e1t tett (1941), oszt\u00e1lyvezet\u0151 f\u0151orvoshelyettes, az Orsz. T\u00e1rsadalombiztos\u00edt\u00e1si Int. (OTI) \u00e9s a M\u00c1V mv.-i seb\u00e9sz f\u0151orvosa (1941\u201344). A II. vh. v\u00e9g\u00e9n t\u00e1bori k\u00f3rh\u00e1zakban seb\u00e9sz f\u0151orvos (1944\u201345), majd \u00e1t\u00e1llt a V\u00f6r\u00f6s Hadsereghez, ahol hadnagyi rendfokozatban t\u00e1bori seb\u00e9sz f\u0151orvosk\u00e9nt szolg\u00e1lt (1945. aug.-ig). A bp. i Kolt\u00f3i Anna K\u00f3rh\u00e1zban seg\u00e9dorvos, alorvos, oszt\u00e1lyvezet\u0151 adjunktus (1945\u201360), a k\u00f6zponti baleseti rehabilit\u00e1ci\u00f3s oszt\u00e1ly oszt\u00e1lyvezet\u0151 f\u0151orvosa (1960\u201376). A bp. i orvostud. egyetem c\u00edmzetes egyetemi tan\u00e1ra. Baleseti seb\u00e9szettel, a baleseti s\u00e9r\u00fcltek rehabilit\u00e1ci\u00f3j\u00e1val foglalkozott. Az orvostudom\u00e1ny kandid\u00e1tusa (1968). Semmelweis-eml\u00e9k\u00e9rem (1976). \u2013 <strong>F. m.:<\/strong> Eg\u00e9szs\u00e9ges \u00e9s beteg gyermek (Bp., 1957); A sajkacsont t\u00f6r\u00e9sei \u00e9s ezen t\u00f6r\u00e9sek sz\u00f6v\u0151dm\u00e9nyei (Bp., 1958); Traumatol\u00f3gia (egy. tank\u00f6nyv; Bp., 1959); A traumatol\u00f3giai rehabilit\u00e1ci\u00f3 elvi \u00e9s szervez\u00e9si k\u00e9rd\u00e9sei Magyarorsz\u00e1gon. (Peer Gyul\u00e1val; Bp., 1963); Baleseti s\u00e9r\u00fcltek rehabilit\u00e1ci\u00f3ja (Bp., 1966); Mozg\u00e1sszervi s\u00e9r\u00fcltek rehabilit\u00e1ci\u00f3ja (egy. tank\u00f6nyv; Bp., 1983). <br \/><strong>Irod.:<\/strong> \u00daM\u00c9L<\/br><\/p>\n","protected":false},"excerpt":{"rendered":"<p>D\u00e9s, 1911. j\u00fan. 10., \u2020 Bp., 1990. j\u00fal. 14.: orvos, seb\u00e9sz. \u2013 A kv.-i egy. en orvosi oklevelet szerzett (1937), az egyetem seb\u00e9szeti klinik\u00e1j\u00e1n gyakornok (1937\u201339), a mv.-i k\u00f3rh\u00e1zban gyakornok (1939\u201344), klinikai tan\u00e1rseg\u00e9d, seb\u00e9sz szakorvosi vizsg\u00e1t tett (1941), oszt\u00e1lyvezet\u0151 f\u0151orvoshelyettes, az Orsz. T\u00e1rsadalombiztos\u00edt\u00e1si Int. (OTI) \u00e9s a M\u00c1V mv.-i seb\u00e9sz f\u0151orvosa (1941\u201344). A II. vh. [&hellip;]<\/p>\n","protected":false},"featured_media":0,"comment_status":"open","ping_status":"closed","template":"","meta":[],"product_brand":[],"product_cat":[137],"product_tag":[],"class_list":{"0":"post-7204","1":"product","2":"type-product","3":"status-publish","5":"product_cat-maros-megyei-eletrajzi-lexikon","7":"first","8":"instock","9":"shipping-taxable","10":"product-type-simple"},"_links":{"self":[{"href":"https:\/\/uj.adatbank.ro\/lexikon\/wp-json\/wp\/v2\/product\/7204","targetHints":{"allow":["GET"]}}],"collection":[{"href":"https:\/\/uj.adatbank.ro\/lexikon\/wp-json\/wp\/v2\/product"}],"about":[{"href":"https:\/\/uj.adatbank.ro\/lexikon\/wp-json\/wp\/v2\/types\/product"}],"replies":[{"embeddable":true,"href":"https:\/\/uj.adatbank.ro\/lexikon\/wp-json\/wp\/v2\/comments?post=7204"}],"wp:attachment":[{"href":"https:\/\/uj.adatbank.ro\/lexikon\/wp-json\/wp\/v2\/media?parent=7204"}],"wp:term":[{"taxonomy":"product_brand","embeddable":true,"href":"https:\/\/uj.adatbank.ro\/lexikon\/wp-json\/wp\/v2\/product_brand?post=7204"},{"taxonomy":"product_cat","embeddable":true,"href":"https:\/\/uj.adatbank.ro\/lexikon\/wp-json\/wp\/v2\/product_cat?post=7204"},{"taxonomy":"product_tag","embeddable":true,"href":"https:\/\/uj.adatbank.ro\/lexikon\/wp-json\/wp\/v2\/product_tag?post=7204"}],"curies":[{"name":"wp","href":"https:\/\/api.w.org\/{rel}","templated":true}]}}