{"id":7209,"date":"2025-06-28T18:18:38","date_gmt":"2025-06-28T16:18:38","guid":{"rendered":"https:\/\/uj.adatbank.ro\/lexikon\/termek\/egyed-janos-2\/"},"modified":"2025-06-28T18:18:38","modified_gmt":"2025-06-28T16:18:38","slug":"egyed-janos-2","status":"publish","type":"product","link":"https:\/\/uj.adatbank.ro\/lexikon\/termek\/egyed-janos-2\/","title":{"rendered":"EGYED J\u00e1nos"},"content":{"rendered":"<p>? \u2020\u00a01886.: f\u00f6ldbirtokos. \u2013 Maroscsap\u00f3 f\u00f6ldbirtokosa. Az egyh\u00e1zn\u00e1l tan\u00e1csosi tisztet t\u00f6lt\u00f6tt be. <br \/><strong>Irod.:<\/strong> Kelemen<\/br><\/p>\n","protected":false},"excerpt":{"rendered":"<p>? \u2020\u00a01886.: f\u00f6ldbirtokos. \u2013 Maroscsap\u00f3 f\u00f6ldbirtokosa. Az egyh\u00e1zn\u00e1l tan\u00e1csosi tisztet t\u00f6lt\u00f6tt be. Irod.: Kelemen<\/p>\n","protected":false},"featured_media":0,"comment_status":"open","ping_status":"closed","template":"","meta":[],"product_brand":[],"product_cat":[137],"product_tag":[],"class_list":{"0":"post-7209","1":"product","2":"type-product","3":"status-publish","5":"product_cat-maros-megyei-eletrajzi-lexikon","7":"first","8":"instock","9":"shipping-taxable","10":"product-type-simple"},"_links":{"self":[{"href":"https:\/\/uj.adatbank.ro\/lexikon\/wp-json\/wp\/v2\/product\/7209","targetHints":{"allow":["GET"]}}],"collection":[{"href":"https:\/\/uj.adatbank.ro\/lexikon\/wp-json\/wp\/v2\/product"}],"about":[{"href":"https:\/\/uj.adatbank.ro\/lexikon\/wp-json\/wp\/v2\/types\/product"}],"replies":[{"embeddable":true,"href":"https:\/\/uj.adatbank.ro\/lexikon\/wp-json\/wp\/v2\/comments?post=7209"}],"wp:attachment":[{"href":"https:\/\/uj.adatbank.ro\/lexikon\/wp-json\/wp\/v2\/media?parent=7209"}],"wp:term":[{"taxonomy":"product_brand","embeddable":true,"href":"https:\/\/uj.adatbank.ro\/lexikon\/wp-json\/wp\/v2\/product_brand?post=7209"},{"taxonomy":"product_cat","embeddable":true,"href":"https:\/\/uj.adatbank.ro\/lexikon\/wp-json\/wp\/v2\/product_cat?post=7209"},{"taxonomy":"product_tag","embeddable":true,"href":"https:\/\/uj.adatbank.ro\/lexikon\/wp-json\/wp\/v2\/product_tag?post=7209"}],"curies":[{"name":"wp","href":"https:\/\/api.w.org\/{rel}","templated":true}]}}