{"id":7210,"date":"2025-06-28T18:18:39","date_gmt":"2025-06-28T16:18:39","guid":{"rendered":"https:\/\/uj.adatbank.ro\/lexikon\/termek\/egyed-jozsef\/"},"modified":"2025-06-28T18:18:39","modified_gmt":"2025-06-28T16:18:39","slug":"egyed-jozsef","status":"publish","type":"product","link":"https:\/\/uj.adatbank.ro\/lexikon\/termek\/egyed-jozsef\/","title":{"rendered":"EGYED J\u00f3zsef"},"content":{"rendered":"<p>1840.\u2020 Maroscsap\u00f3, 1911.jan.2.: f\u00f6ldbirtokos. F\u0151tan\u00e1csosi tag. K\u00fck\u00fcll\u0151 v\u00e1rmegyei hat\u00f3s\u00e1gi bizotts\u00e1gnak volt tagja. Maroscsap\u00f3n f\u00f6ldbirtokos. <br \/><strong>Irod.:<\/strong> Kelemen<\/br><\/p>\n","protected":false},"excerpt":{"rendered":"<p>1840.\u2020 Maroscsap\u00f3, 1911.jan.2.: f\u00f6ldbirtokos. F\u0151tan\u00e1csosi tag. K\u00fck\u00fcll\u0151 v\u00e1rmegyei hat\u00f3s\u00e1gi bizotts\u00e1gnak volt tagja. Maroscsap\u00f3n f\u00f6ldbirtokos. Irod.: Kelemen<\/p>\n","protected":false},"featured_media":0,"comment_status":"open","ping_status":"closed","template":"","meta":[],"product_brand":[],"product_cat":[137],"product_tag":[],"class_list":{"0":"post-7210","1":"product","2":"type-product","3":"status-publish","5":"product_cat-maros-megyei-eletrajzi-lexikon","7":"first","8":"instock","9":"shipping-taxable","10":"product-type-simple"},"_links":{"self":[{"href":"https:\/\/uj.adatbank.ro\/lexikon\/wp-json\/wp\/v2\/product\/7210","targetHints":{"allow":["GET"]}}],"collection":[{"href":"https:\/\/uj.adatbank.ro\/lexikon\/wp-json\/wp\/v2\/product"}],"about":[{"href":"https:\/\/uj.adatbank.ro\/lexikon\/wp-json\/wp\/v2\/types\/product"}],"replies":[{"embeddable":true,"href":"https:\/\/uj.adatbank.ro\/lexikon\/wp-json\/wp\/v2\/comments?post=7210"}],"wp:attachment":[{"href":"https:\/\/uj.adatbank.ro\/lexikon\/wp-json\/wp\/v2\/media?parent=7210"}],"wp:term":[{"taxonomy":"product_brand","embeddable":true,"href":"https:\/\/uj.adatbank.ro\/lexikon\/wp-json\/wp\/v2\/product_brand?post=7210"},{"taxonomy":"product_cat","embeddable":true,"href":"https:\/\/uj.adatbank.ro\/lexikon\/wp-json\/wp\/v2\/product_cat?post=7210"},{"taxonomy":"product_tag","embeddable":true,"href":"https:\/\/uj.adatbank.ro\/lexikon\/wp-json\/wp\/v2\/product_tag?post=7210"}],"curies":[{"name":"wp","href":"https:\/\/api.w.org\/{rel}","templated":true}]}}