{"id":7214,"date":"2025-06-28T18:18:47","date_gmt":"2025-06-28T16:18:47","guid":{"rendered":"https:\/\/uj.adatbank.ro\/lexikon\/termek\/egyedi-szocs-istvan\/"},"modified":"2025-06-28T18:18:47","modified_gmt":"2025-06-28T16:18:47","slug":"egyedi-szocs-istvan","status":"publish","type":"product","link":"https:\/\/uj.adatbank.ro\/lexikon\/termek\/egyedi-szocs-istvan\/","title":{"rendered":"EGYEDI SZ\u0150CS Istv\u00e1n"},"content":{"rendered":"<p>1597, \u2020 Mv., 1649, h\u00fasv\u00e9t napj\u00e1n: sz\u0171csmester. \u2013 A mv.-i sz\u0171csc\u00e9h mestere (1633\u2013). P\u00e9nz\u00fcgyekben Szebenbe (1638), majd Medgyesre (1640) k\u00fcldt\u00e9k. C\u00e9hmesterr\u00e9 v\u00e1lasztott\u00e1k (1649). S\u00edreml\u00e9ke a mv.-i ref. temet\u0151ben van. <br \/><strong>Irod.:<\/strong> Csekme; K.L. M\u0171v. t\u00f6rt. tan.1.; P\u00e1lmay J\u00f3zsef<\/br><\/p>\n","protected":false},"excerpt":{"rendered":"<p>1597, \u2020 Mv., 1649, h\u00fasv\u00e9t napj\u00e1n: sz\u0171csmester. \u2013 A mv.-i sz\u0171csc\u00e9h mestere (1633\u2013). P\u00e9nz\u00fcgyekben Szebenbe (1638), majd Medgyesre (1640) k\u00fcldt\u00e9k. C\u00e9hmesterr\u00e9 v\u00e1lasztott\u00e1k (1649). S\u00edreml\u00e9ke a mv.-i ref. temet\u0151ben van. Irod.: Csekme; K.L. M\u0171v. t\u00f6rt. tan.1.; P\u00e1lmay J\u00f3zsef<\/p>\n","protected":false},"featured_media":0,"comment_status":"open","ping_status":"closed","template":"","meta":[],"product_brand":[],"product_cat":[137],"product_tag":[],"class_list":{"0":"post-7214","1":"product","2":"type-product","3":"status-publish","5":"product_cat-maros-megyei-eletrajzi-lexikon","7":"first","8":"instock","9":"shipping-taxable","10":"product-type-simple"},"_links":{"self":[{"href":"https:\/\/uj.adatbank.ro\/lexikon\/wp-json\/wp\/v2\/product\/7214","targetHints":{"allow":["GET"]}}],"collection":[{"href":"https:\/\/uj.adatbank.ro\/lexikon\/wp-json\/wp\/v2\/product"}],"about":[{"href":"https:\/\/uj.adatbank.ro\/lexikon\/wp-json\/wp\/v2\/types\/product"}],"replies":[{"embeddable":true,"href":"https:\/\/uj.adatbank.ro\/lexikon\/wp-json\/wp\/v2\/comments?post=7214"}],"wp:attachment":[{"href":"https:\/\/uj.adatbank.ro\/lexikon\/wp-json\/wp\/v2\/media?parent=7214"}],"wp:term":[{"taxonomy":"product_brand","embeddable":true,"href":"https:\/\/uj.adatbank.ro\/lexikon\/wp-json\/wp\/v2\/product_brand?post=7214"},{"taxonomy":"product_cat","embeddable":true,"href":"https:\/\/uj.adatbank.ro\/lexikon\/wp-json\/wp\/v2\/product_cat?post=7214"},{"taxonomy":"product_tag","embeddable":true,"href":"https:\/\/uj.adatbank.ro\/lexikon\/wp-json\/wp\/v2\/product_tag?post=7214"}],"curies":[{"name":"wp","href":"https:\/\/api.w.org\/{rel}","templated":true}]}}