{"id":7216,"date":"2025-06-28T18:18:54","date_gmt":"2025-06-28T16:18:54","guid":{"rendered":"https:\/\/uj.adatbank.ro\/lexikon\/termek\/ehrenberger-matyas-ehrenfeld-matyas\/"},"modified":"2025-06-28T18:18:54","modified_gmt":"2025-06-28T16:18:54","slug":"ehrenberger-matyas-ehrenfeld-matyas","status":"publish","type":"product","link":"https:\/\/uj.adatbank.ro\/lexikon\/termek\/ehrenberger-matyas-ehrenfeld-matyas\/","title":{"rendered":"EHRENBERGER M\u00e1ty\u00e1s, Ehrenfeld M\u00e1ty\u00e1s"},"content":{"rendered":"<p>? \u2020 ? : politikus. \u2013 A Szoci\u00e1lgemokrata P\u00e1rt, a mv.-i Nemzeti Tan\u00e1cs tagja (1918). <br \/><strong>Irod.:<\/strong> Fuchs Simon: A kommunista p\u00e1rthoz vezet\u0151 uton (Korunk, 10.sz., 1957); Sebesty\u00e9n M.: Antalffy Endre avagy Mv. Sz\u00ednev\u00e1ltoz\u00e1sa = Mv. t\u00f6rt\u00e9net\u00e9b\u0151l<\/br><\/p>\n","protected":false},"excerpt":{"rendered":"<p>? \u2020 ? : politikus. \u2013 A Szoci\u00e1lgemokrata P\u00e1rt, a mv.-i Nemzeti Tan\u00e1cs tagja (1918). Irod.: Fuchs Simon: A kommunista p\u00e1rthoz vezet\u0151 uton (Korunk, 10.sz., 1957); Sebesty\u00e9n M.: Antalffy Endre avagy Mv. Sz\u00ednev\u00e1ltoz\u00e1sa = Mv. t\u00f6rt\u00e9net\u00e9b\u0151l<\/p>\n","protected":false},"featured_media":0,"comment_status":"open","ping_status":"closed","template":"","meta":[],"product_brand":[],"product_cat":[137],"product_tag":[],"class_list":{"0":"post-7216","1":"product","2":"type-product","3":"status-publish","5":"product_cat-maros-megyei-eletrajzi-lexikon","7":"first","8":"instock","9":"shipping-taxable","10":"product-type-simple"},"_links":{"self":[{"href":"https:\/\/uj.adatbank.ro\/lexikon\/wp-json\/wp\/v2\/product\/7216","targetHints":{"allow":["GET"]}}],"collection":[{"href":"https:\/\/uj.adatbank.ro\/lexikon\/wp-json\/wp\/v2\/product"}],"about":[{"href":"https:\/\/uj.adatbank.ro\/lexikon\/wp-json\/wp\/v2\/types\/product"}],"replies":[{"embeddable":true,"href":"https:\/\/uj.adatbank.ro\/lexikon\/wp-json\/wp\/v2\/comments?post=7216"}],"wp:attachment":[{"href":"https:\/\/uj.adatbank.ro\/lexikon\/wp-json\/wp\/v2\/media?parent=7216"}],"wp:term":[{"taxonomy":"product_brand","embeddable":true,"href":"https:\/\/uj.adatbank.ro\/lexikon\/wp-json\/wp\/v2\/product_brand?post=7216"},{"taxonomy":"product_cat","embeddable":true,"href":"https:\/\/uj.adatbank.ro\/lexikon\/wp-json\/wp\/v2\/product_cat?post=7216"},{"taxonomy":"product_tag","embeddable":true,"href":"https:\/\/uj.adatbank.ro\/lexikon\/wp-json\/wp\/v2\/product_tag?post=7216"}],"curies":[{"name":"wp","href":"https:\/\/api.w.org\/{rel}","templated":true}]}}