{"id":7217,"date":"2025-06-28T18:18:58","date_gmt":"2025-06-28T16:18:58","guid":{"rendered":"https:\/\/uj.adatbank.ro\/lexikon\/termek\/ehrenfeld-sarolta\/"},"modified":"2025-06-28T18:18:58","modified_gmt":"2025-06-28T16:18:58","slug":"ehrenfeld-sarolta","status":"publish","type":"product","link":"https:\/\/uj.adatbank.ro\/lexikon\/termek\/ehrenfeld-sarolta\/","title":{"rendered":"EHRENFELD Sarolta"},"content":{"rendered":"<p>? \u2020\u00a0?\u00a0: keresked\u0151. \u2013 Kalaprakt\u00e1rat l\u00e9tes\u00edtett Mv.-en (1910) a F\u0151t\u00e9r 4. sz. Alatt, amit k\u00e9s\u0151bb M\u00f3zes Jen\u0151 vett \u00e1t. <br \/><strong>Irod.:<\/strong> EBKL<\/br><\/p>\n","protected":false},"excerpt":{"rendered":"<p>? \u2020\u00a0?\u00a0: keresked\u0151. \u2013 Kalaprakt\u00e1rat l\u00e9tes\u00edtett Mv.-en (1910) a F\u0151t\u00e9r 4. sz. Alatt, amit k\u00e9s\u0151bb M\u00f3zes Jen\u0151 vett \u00e1t. Irod.: EBKL<\/p>\n","protected":false},"featured_media":0,"comment_status":"open","ping_status":"closed","template":"","meta":[],"product_brand":[],"product_cat":[137],"product_tag":[],"class_list":{"0":"post-7217","1":"product","2":"type-product","3":"status-publish","5":"product_cat-maros-megyei-eletrajzi-lexikon","7":"first","8":"instock","9":"shipping-taxable","10":"product-type-simple"},"_links":{"self":[{"href":"https:\/\/uj.adatbank.ro\/lexikon\/wp-json\/wp\/v2\/product\/7217","targetHints":{"allow":["GET"]}}],"collection":[{"href":"https:\/\/uj.adatbank.ro\/lexikon\/wp-json\/wp\/v2\/product"}],"about":[{"href":"https:\/\/uj.adatbank.ro\/lexikon\/wp-json\/wp\/v2\/types\/product"}],"replies":[{"embeddable":true,"href":"https:\/\/uj.adatbank.ro\/lexikon\/wp-json\/wp\/v2\/comments?post=7217"}],"wp:attachment":[{"href":"https:\/\/uj.adatbank.ro\/lexikon\/wp-json\/wp\/v2\/media?parent=7217"}],"wp:term":[{"taxonomy":"product_brand","embeddable":true,"href":"https:\/\/uj.adatbank.ro\/lexikon\/wp-json\/wp\/v2\/product_brand?post=7217"},{"taxonomy":"product_cat","embeddable":true,"href":"https:\/\/uj.adatbank.ro\/lexikon\/wp-json\/wp\/v2\/product_cat?post=7217"},{"taxonomy":"product_tag","embeddable":true,"href":"https:\/\/uj.adatbank.ro\/lexikon\/wp-json\/wp\/v2\/product_tag?post=7217"}],"curies":[{"name":"wp","href":"https:\/\/api.w.org\/{rel}","templated":true}]}}