{"id":7218,"date":"2025-06-28T18:18:59","date_gmt":"2025-06-28T16:18:59","guid":{"rendered":"https:\/\/uj.adatbank.ro\/lexikon\/termek\/ehrlacher\/"},"modified":"2025-06-28T18:18:59","modified_gmt":"2025-06-28T16:18:59","slug":"ehrlacher","status":"publish","type":"product","link":"https:\/\/uj.adatbank.ro\/lexikon\/termek\/ehrlacher\/","title":{"rendered":"EHRLACHER"},"content":{"rendered":"<p>? \u2020\u00a0?\u00a0: fest\u0151. \u2013 Erd\u00e9lybe \u00e9rkezett (1905). Mv.-en megfestette Csery Farkas k\u00e9pm\u00e1s\u00e1t, Kazinczy Ferenc sz\u00e1m\u00e1ra. <br \/><strong>Irod.:<\/strong> Szab\u00f3\u2013K\u00e1llai<\/br><\/p>\n","protected":false},"excerpt":{"rendered":"<p>? \u2020\u00a0?\u00a0: fest\u0151. \u2013 Erd\u00e9lybe \u00e9rkezett (1905). Mv.-en megfestette Csery Farkas k\u00e9pm\u00e1s\u00e1t, Kazinczy Ferenc sz\u00e1m\u00e1ra. Irod.: Szab\u00f3\u2013K\u00e1llai<\/p>\n","protected":false},"featured_media":0,"comment_status":"open","ping_status":"closed","template":"","meta":[],"product_brand":[],"product_cat":[137],"product_tag":[],"class_list":{"0":"post-7218","1":"product","2":"type-product","3":"status-publish","5":"product_cat-maros-megyei-eletrajzi-lexikon","7":"first","8":"instock","9":"shipping-taxable","10":"product-type-simple"},"_links":{"self":[{"href":"https:\/\/uj.adatbank.ro\/lexikon\/wp-json\/wp\/v2\/product\/7218","targetHints":{"allow":["GET"]}}],"collection":[{"href":"https:\/\/uj.adatbank.ro\/lexikon\/wp-json\/wp\/v2\/product"}],"about":[{"href":"https:\/\/uj.adatbank.ro\/lexikon\/wp-json\/wp\/v2\/types\/product"}],"replies":[{"embeddable":true,"href":"https:\/\/uj.adatbank.ro\/lexikon\/wp-json\/wp\/v2\/comments?post=7218"}],"wp:attachment":[{"href":"https:\/\/uj.adatbank.ro\/lexikon\/wp-json\/wp\/v2\/media?parent=7218"}],"wp:term":[{"taxonomy":"product_brand","embeddable":true,"href":"https:\/\/uj.adatbank.ro\/lexikon\/wp-json\/wp\/v2\/product_brand?post=7218"},{"taxonomy":"product_cat","embeddable":true,"href":"https:\/\/uj.adatbank.ro\/lexikon\/wp-json\/wp\/v2\/product_cat?post=7218"},{"taxonomy":"product_tag","embeddable":true,"href":"https:\/\/uj.adatbank.ro\/lexikon\/wp-json\/wp\/v2\/product_tag?post=7218"}],"curies":[{"name":"wp","href":"https:\/\/api.w.org\/{rel}","templated":true}]}}