{"id":7220,"date":"2025-06-28T18:19:02","date_gmt":"2025-06-28T16:19:02","guid":{"rendered":"https:\/\/uj.adatbank.ro\/lexikon\/termek\/eikler-ferenc\/"},"modified":"2025-06-28T18:19:02","modified_gmt":"2025-06-28T16:19:02","slug":"eikler-ferenc","status":"publish","type":"product","link":"https:\/\/uj.adatbank.ro\/lexikon\/termek\/eikler-ferenc\/","title":{"rendered":"EIKLER Ferenc"},"content":{"rendered":"<p>? \u2020\u00a0? : pall\u00e9r-mester. \u2013 Mv.-i \u00e9p\u00edt\u00e9sz mester \u00e9s Keszi Istv\u00e1nnal kezdte \u00e9p\u00edteni a somosdi templomot (1793\u2013), de nem fejezte azt be, Fik J\u00e1nos \u00e9s h\u00e1rom t\u00e1rsa v\u00e9gezte be a munk\u00e1t (1805). <br \/><strong>Irod.:<\/strong> Somosd<\/br><\/p>\n","protected":false},"excerpt":{"rendered":"<p>? \u2020\u00a0? : pall\u00e9r-mester. \u2013 Mv.-i \u00e9p\u00edt\u00e9sz mester \u00e9s Keszi Istv\u00e1nnal kezdte \u00e9p\u00edteni a somosdi templomot (1793\u2013), de nem fejezte azt be, Fik J\u00e1nos \u00e9s h\u00e1rom t\u00e1rsa v\u00e9gezte be a munk\u00e1t (1805). Irod.: Somosd<\/p>\n","protected":false},"featured_media":0,"comment_status":"open","ping_status":"closed","template":"","meta":[],"product_brand":[],"product_cat":[137],"product_tag":[],"class_list":{"0":"post-7220","1":"product","2":"type-product","3":"status-publish","5":"product_cat-maros-megyei-eletrajzi-lexikon","7":"first","8":"instock","9":"shipping-taxable","10":"product-type-simple"},"_links":{"self":[{"href":"https:\/\/uj.adatbank.ro\/lexikon\/wp-json\/wp\/v2\/product\/7220","targetHints":{"allow":["GET"]}}],"collection":[{"href":"https:\/\/uj.adatbank.ro\/lexikon\/wp-json\/wp\/v2\/product"}],"about":[{"href":"https:\/\/uj.adatbank.ro\/lexikon\/wp-json\/wp\/v2\/types\/product"}],"replies":[{"embeddable":true,"href":"https:\/\/uj.adatbank.ro\/lexikon\/wp-json\/wp\/v2\/comments?post=7220"}],"wp:attachment":[{"href":"https:\/\/uj.adatbank.ro\/lexikon\/wp-json\/wp\/v2\/media?parent=7220"}],"wp:term":[{"taxonomy":"product_brand","embeddable":true,"href":"https:\/\/uj.adatbank.ro\/lexikon\/wp-json\/wp\/v2\/product_brand?post=7220"},{"taxonomy":"product_cat","embeddable":true,"href":"https:\/\/uj.adatbank.ro\/lexikon\/wp-json\/wp\/v2\/product_cat?post=7220"},{"taxonomy":"product_tag","embeddable":true,"href":"https:\/\/uj.adatbank.ro\/lexikon\/wp-json\/wp\/v2\/product_tag?post=7220"}],"curies":[{"name":"wp","href":"https:\/\/api.w.org\/{rel}","templated":true}]}}