{"id":7222,"date":"2025-06-28T18:19:06","date_gmt":"2025-06-28T16:19:06","guid":{"rendered":"https:\/\/uj.adatbank.ro\/lexikon\/termek\/eisenburger-joseph\/"},"modified":"2025-06-28T18:19:06","modified_gmt":"2025-06-28T16:19:06","slug":"eisenburger-joseph","status":"publish","type":"product","link":"https:\/\/uj.adatbank.ro\/lexikon\/termek\/eisenburger-joseph\/","title":{"rendered":"EISENBURGER Joseph"},"content":{"rendered":"<p>Segesv\u00e1r, 1864. aug. 8., \u2020 Beszterce, 1929. nov. 4.: tan\u00e1r, zeneszerz\u0151. \u2013 Nev\u00e9hez f\u0171z\u0151dik a ritmikus torna bevezet\u00e9se az oktat\u00e1sba \u00e9s a besztercei zenei \u00e9let fellend\u00edt\u00e9se. Zeneszerz\u0151i tev\u00e9kenys\u00e9ge jelent\u0151s. \u2013 <strong>F. m.:<\/strong> Lieder f\u00fcr Singstimme und Klavier; Mundartlieder; \u201eMuttert\u00e4ndelei\u201d; Musik zu gymnastischen Reigenauff\u00fchrungen, T\u00e4nze, M\u00e4rsche; Der Dorfdrachen; Heimgekehrt; Im Schwei\u00dfe deines Angesichts; Der Amerikaner; Die Wundergeige. <br \/><strong>Irod.:<\/strong> LSS<\/br><\/p>\n","protected":false},"excerpt":{"rendered":"<p>Segesv\u00e1r, 1864. aug. 8., \u2020 Beszterce, 1929. nov. 4.: tan\u00e1r, zeneszerz\u0151. \u2013 Nev\u00e9hez f\u0171z\u0151dik a ritmikus torna bevezet\u00e9se az oktat\u00e1sba \u00e9s a besztercei zenei \u00e9let fellend\u00edt\u00e9se. Zeneszerz\u0151i tev\u00e9kenys\u00e9ge jelent\u0151s. \u2013 F. m.: Lieder f\u00fcr Singstimme und Klavier; Mundartlieder; \u201eMuttert\u00e4ndelei\u201d; Musik zu gymnastischen Reigenauff\u00fchrungen, T\u00e4nze, M\u00e4rsche; Der Dorfdrachen; Heimgekehrt; Im Schwei\u00dfe deines Angesichts; Der Amerikaner; Die [&hellip;]<\/p>\n","protected":false},"featured_media":0,"comment_status":"open","ping_status":"closed","template":"","meta":[],"product_brand":[],"product_cat":[137],"product_tag":[],"class_list":{"0":"post-7222","1":"product","2":"type-product","3":"status-publish","5":"product_cat-maros-megyei-eletrajzi-lexikon","7":"first","8":"instock","9":"shipping-taxable","10":"product-type-simple"},"_links":{"self":[{"href":"https:\/\/uj.adatbank.ro\/lexikon\/wp-json\/wp\/v2\/product\/7222","targetHints":{"allow":["GET"]}}],"collection":[{"href":"https:\/\/uj.adatbank.ro\/lexikon\/wp-json\/wp\/v2\/product"}],"about":[{"href":"https:\/\/uj.adatbank.ro\/lexikon\/wp-json\/wp\/v2\/types\/product"}],"replies":[{"embeddable":true,"href":"https:\/\/uj.adatbank.ro\/lexikon\/wp-json\/wp\/v2\/comments?post=7222"}],"wp:attachment":[{"href":"https:\/\/uj.adatbank.ro\/lexikon\/wp-json\/wp\/v2\/media?parent=7222"}],"wp:term":[{"taxonomy":"product_brand","embeddable":true,"href":"https:\/\/uj.adatbank.ro\/lexikon\/wp-json\/wp\/v2\/product_brand?post=7222"},{"taxonomy":"product_cat","embeddable":true,"href":"https:\/\/uj.adatbank.ro\/lexikon\/wp-json\/wp\/v2\/product_cat?post=7222"},{"taxonomy":"product_tag","embeddable":true,"href":"https:\/\/uj.adatbank.ro\/lexikon\/wp-json\/wp\/v2\/product_tag?post=7222"}],"curies":[{"name":"wp","href":"https:\/\/api.w.org\/{rel}","templated":true}]}}