{"id":7224,"date":"2025-06-28T18:19:10","date_gmt":"2025-06-28T16:19:10","guid":{"rendered":"https:\/\/uj.adatbank.ro\/lexikon\/termek\/eisenegg-lipot\/"},"modified":"2025-06-28T18:19:10","modified_gmt":"2025-06-28T16:19:10","slug":"eisenegg-lipot","status":"publish","type":"product","link":"https:\/\/uj.adatbank.ro\/lexikon\/termek\/eisenegg-lipot\/","title":{"rendered":"EISENEGG Lip\u00f3t"},"content":{"rendered":"<p>1800.? \u2020 Mv., 1875. \u00e1pr. 16.: j\u00e1r\u00e1sf\u0151n\u00f6k. \u2013 Testv\u00e9re: E. K\u00e1rolina, P\u00e9terfy P\u00e1ln\u00e9; E. Ter\u00e9z; E. J\u00f3zsef, cs. kir. kapit\u00e1nyn\u00e9. Feles\u00e9ge: P\u00e9terfy J\u00falia <br \/><strong>Irod.:<\/strong> Gy\u00e1szjelent\u0151<\/br><\/p>\n","protected":false},"excerpt":{"rendered":"<p>1800.? \u2020 Mv., 1875. \u00e1pr. 16.: j\u00e1r\u00e1sf\u0151n\u00f6k. \u2013 Testv\u00e9re: E. K\u00e1rolina, P\u00e9terfy P\u00e1ln\u00e9; E. Ter\u00e9z; E. J\u00f3zsef, cs. kir. kapit\u00e1nyn\u00e9. Feles\u00e9ge: P\u00e9terfy J\u00falia Irod.: Gy\u00e1szjelent\u0151<\/p>\n","protected":false},"featured_media":0,"comment_status":"open","ping_status":"closed","template":"","meta":[],"product_brand":[],"product_cat":[137],"product_tag":[],"class_list":{"0":"post-7224","1":"product","2":"type-product","3":"status-publish","5":"product_cat-maros-megyei-eletrajzi-lexikon","7":"first","8":"instock","9":"shipping-taxable","10":"product-type-simple"},"_links":{"self":[{"href":"https:\/\/uj.adatbank.ro\/lexikon\/wp-json\/wp\/v2\/product\/7224","targetHints":{"allow":["GET"]}}],"collection":[{"href":"https:\/\/uj.adatbank.ro\/lexikon\/wp-json\/wp\/v2\/product"}],"about":[{"href":"https:\/\/uj.adatbank.ro\/lexikon\/wp-json\/wp\/v2\/types\/product"}],"replies":[{"embeddable":true,"href":"https:\/\/uj.adatbank.ro\/lexikon\/wp-json\/wp\/v2\/comments?post=7224"}],"wp:attachment":[{"href":"https:\/\/uj.adatbank.ro\/lexikon\/wp-json\/wp\/v2\/media?parent=7224"}],"wp:term":[{"taxonomy":"product_brand","embeddable":true,"href":"https:\/\/uj.adatbank.ro\/lexikon\/wp-json\/wp\/v2\/product_brand?post=7224"},{"taxonomy":"product_cat","embeddable":true,"href":"https:\/\/uj.adatbank.ro\/lexikon\/wp-json\/wp\/v2\/product_cat?post=7224"},{"taxonomy":"product_tag","embeddable":true,"href":"https:\/\/uj.adatbank.ro\/lexikon\/wp-json\/wp\/v2\/product_tag?post=7224"}],"curies":[{"name":"wp","href":"https:\/\/api.w.org\/{rel}","templated":true}]}}