{"id":7226,"date":"2025-06-28T18:19:13","date_gmt":"2025-06-28T16:19:13","guid":{"rendered":"https:\/\/uj.adatbank.ro\/lexikon\/termek\/eisenstein-josef\/"},"modified":"2025-06-28T18:19:13","modified_gmt":"2025-06-28T16:19:13","slug":"eisenstein-josef","status":"publish","type":"product","link":"https:\/\/uj.adatbank.ro\/lexikon\/termek\/eisenstein-josef\/","title":{"rendered":"EISENSTEIN Josef"},"content":{"rendered":"<p>? \u2020\u00a0? : ezredes, f\u0151hadnagy, v\u00e1rparancsnok. \u2013 A mv.-i V\u00e1r parancsnoka. Topler Simon a v\u00e1ros sz\u00f3noka jelentette, hogy a v\u00e1r k\u00f6rny\u00e9k\u00e9n \u00f6nhatalm\u00falag utat k\u00e9sz\u00edtetett a v\u00e1ros f\u00f6ldj\u00e9n kereszt\u00fcl, s\u0151t katon\u00e1kkal \u0151riztette azokat. A tan\u00e1cs f\u00f6lsz\u00f3l\u00edtotta, hogy sz\u00fcntesse be \u00f6nk\u00e9nyesked\u00e9s\u00e9t (1833). <br \/><strong>Irod.:<\/strong> Id\u0151t\u00e1r 1<\/br><\/p>\n","protected":false},"excerpt":{"rendered":"<p>? \u2020\u00a0? : ezredes, f\u0151hadnagy, v\u00e1rparancsnok. \u2013 A mv.-i V\u00e1r parancsnoka. Topler Simon a v\u00e1ros sz\u00f3noka jelentette, hogy a v\u00e1r k\u00f6rny\u00e9k\u00e9n \u00f6nhatalm\u00falag utat k\u00e9sz\u00edtetett a v\u00e1ros f\u00f6ldj\u00e9n kereszt\u00fcl, s\u0151t katon\u00e1kkal \u0151riztette azokat. A tan\u00e1cs f\u00f6lsz\u00f3l\u00edtotta, hogy sz\u00fcntesse be \u00f6nk\u00e9nyesked\u00e9s\u00e9t (1833). Irod.: Id\u0151t\u00e1r 1<\/p>\n","protected":false},"featured_media":0,"comment_status":"open","ping_status":"closed","template":"","meta":[],"product_brand":[],"product_cat":[137],"product_tag":[],"class_list":{"0":"post-7226","1":"product","2":"type-product","3":"status-publish","5":"product_cat-maros-megyei-eletrajzi-lexikon","7":"first","8":"instock","9":"shipping-taxable","10":"product-type-simple"},"_links":{"self":[{"href":"https:\/\/uj.adatbank.ro\/lexikon\/wp-json\/wp\/v2\/product\/7226","targetHints":{"allow":["GET"]}}],"collection":[{"href":"https:\/\/uj.adatbank.ro\/lexikon\/wp-json\/wp\/v2\/product"}],"about":[{"href":"https:\/\/uj.adatbank.ro\/lexikon\/wp-json\/wp\/v2\/types\/product"}],"replies":[{"embeddable":true,"href":"https:\/\/uj.adatbank.ro\/lexikon\/wp-json\/wp\/v2\/comments?post=7226"}],"wp:attachment":[{"href":"https:\/\/uj.adatbank.ro\/lexikon\/wp-json\/wp\/v2\/media?parent=7226"}],"wp:term":[{"taxonomy":"product_brand","embeddable":true,"href":"https:\/\/uj.adatbank.ro\/lexikon\/wp-json\/wp\/v2\/product_brand?post=7226"},{"taxonomy":"product_cat","embeddable":true,"href":"https:\/\/uj.adatbank.ro\/lexikon\/wp-json\/wp\/v2\/product_cat?post=7226"},{"taxonomy":"product_tag","embeddable":true,"href":"https:\/\/uj.adatbank.ro\/lexikon\/wp-json\/wp\/v2\/product_tag?post=7226"}],"curies":[{"name":"wp","href":"https:\/\/api.w.org\/{rel}","templated":true}]}}