{"id":7228,"date":"2025-06-28T18:19:18","date_gmt":"2025-06-28T16:19:18","guid":{"rendered":"https:\/\/uj.adatbank.ro\/lexikon\/termek\/eitel-adolf-ernst\/"},"modified":"2025-06-28T18:19:18","modified_gmt":"2025-06-28T16:19:18","slug":"eitel-adolf-ernst","status":"publish","type":"product","link":"https:\/\/uj.adatbank.ro\/lexikon\/termek\/eitel-adolf-ernst\/","title":{"rendered":"EITEL Adolf Ernst"},"content":{"rendered":"<p>Segesv\u00e1r, 1877 \u2020\u00a0orvos.- Apja lelk\u00e9sz Szent\u00e1got\u00e1n. \u2013 A k\u00f6z\u00e9pisk. Segesv\u00e1ron v\u00e9gezte, majd egyetemi tanulm\u00e1nyait az Insbrucki (1896\u2013) \u00e9s a Grazi Egy. Orvosi Kar\u00e1n (1897, 1898\u20131902), Kv.-on is tanult. <br \/><strong>Irod.:<\/strong> Szab\u00f3\u2013Simon\u2013Sz\u00f6gi<\/br><\/p>\n","protected":false},"excerpt":{"rendered":"<p>Segesv\u00e1r, 1877 \u2020\u00a0orvos.- Apja lelk\u00e9sz Szent\u00e1got\u00e1n. \u2013 A k\u00f6z\u00e9pisk. Segesv\u00e1ron v\u00e9gezte, majd egyetemi tanulm\u00e1nyait az Insbrucki (1896\u2013) \u00e9s a Grazi Egy. Orvosi Kar\u00e1n (1897, 1898\u20131902), Kv.-on is tanult. Irod.: Szab\u00f3\u2013Simon\u2013Sz\u00f6gi<\/p>\n","protected":false},"featured_media":0,"comment_status":"open","ping_status":"closed","template":"","meta":[],"product_brand":[],"product_cat":[137],"product_tag":[],"class_list":{"0":"post-7228","1":"product","2":"type-product","3":"status-publish","5":"product_cat-maros-megyei-eletrajzi-lexikon","7":"first","8":"instock","9":"shipping-taxable","10":"product-type-simple"},"_links":{"self":[{"href":"https:\/\/uj.adatbank.ro\/lexikon\/wp-json\/wp\/v2\/product\/7228","targetHints":{"allow":["GET"]}}],"collection":[{"href":"https:\/\/uj.adatbank.ro\/lexikon\/wp-json\/wp\/v2\/product"}],"about":[{"href":"https:\/\/uj.adatbank.ro\/lexikon\/wp-json\/wp\/v2\/types\/product"}],"replies":[{"embeddable":true,"href":"https:\/\/uj.adatbank.ro\/lexikon\/wp-json\/wp\/v2\/comments?post=7228"}],"wp:attachment":[{"href":"https:\/\/uj.adatbank.ro\/lexikon\/wp-json\/wp\/v2\/media?parent=7228"}],"wp:term":[{"taxonomy":"product_brand","embeddable":true,"href":"https:\/\/uj.adatbank.ro\/lexikon\/wp-json\/wp\/v2\/product_brand?post=7228"},{"taxonomy":"product_cat","embeddable":true,"href":"https:\/\/uj.adatbank.ro\/lexikon\/wp-json\/wp\/v2\/product_cat?post=7228"},{"taxonomy":"product_tag","embeddable":true,"href":"https:\/\/uj.adatbank.ro\/lexikon\/wp-json\/wp\/v2\/product_tag?post=7228"}],"curies":[{"name":"wp","href":"https:\/\/api.w.org\/{rel}","templated":true}]}}