{"id":7229,"date":"2025-06-28T18:19:20","date_gmt":"2025-06-28T16:19:20","guid":{"rendered":"https:\/\/uj.adatbank.ro\/lexikon\/termek\/eitel-emil-victor\/"},"modified":"2025-06-28T18:19:20","modified_gmt":"2025-06-28T16:19:20","slug":"eitel-emil-victor","status":"publish","type":"product","link":"https:\/\/uj.adatbank.ro\/lexikon\/termek\/eitel-emil-victor\/","title":{"rendered":"EITEL Emil Victor"},"content":{"rendered":"<p>Segesv\u00e1r, 1879., \u2020\u00a0Sellenberg, 1948. \u00e1pr. 25.: pap. \u2013 Apja pap Szent\u00e1got\u00e1n. A k\u00f6z\u00e9piskol\u00e1t Segesv\u00e1ron v\u00e9gezte, egyetemre a Hittud. Karon Halleban (1898\u20131900), Berlinben (1901\u20131902), Heidelbergben (1902\u2013), Kv.-on j\u00e1rt. Hazat\u00e9rve tan\u00edtott Segesv\u00e1ron, majd Sellenbergben pap (1923\u201348). <br \/><strong>Irod.:<\/strong> Szab\u00f3\u2013Simon\u2013Sz\u00f6gi<\/br><\/p>\n","protected":false},"excerpt":{"rendered":"<p>Segesv\u00e1r, 1879., \u2020\u00a0Sellenberg, 1948. \u00e1pr. 25.: pap. \u2013 Apja pap Szent\u00e1got\u00e1n. A k\u00f6z\u00e9piskol\u00e1t Segesv\u00e1ron v\u00e9gezte, egyetemre a Hittud. Karon Halleban (1898\u20131900), Berlinben (1901\u20131902), Heidelbergben (1902\u2013), Kv.-on j\u00e1rt. Hazat\u00e9rve tan\u00edtott Segesv\u00e1ron, majd Sellenbergben pap (1923\u201348). Irod.: Szab\u00f3\u2013Simon\u2013Sz\u00f6gi<\/p>\n","protected":false},"featured_media":0,"comment_status":"open","ping_status":"closed","template":"","meta":[],"product_brand":[],"product_cat":[137],"product_tag":[],"class_list":{"0":"post-7229","1":"product","2":"type-product","3":"status-publish","5":"product_cat-maros-megyei-eletrajzi-lexikon","7":"first","8":"instock","9":"shipping-taxable","10":"product-type-simple"},"_links":{"self":[{"href":"https:\/\/uj.adatbank.ro\/lexikon\/wp-json\/wp\/v2\/product\/7229","targetHints":{"allow":["GET"]}}],"collection":[{"href":"https:\/\/uj.adatbank.ro\/lexikon\/wp-json\/wp\/v2\/product"}],"about":[{"href":"https:\/\/uj.adatbank.ro\/lexikon\/wp-json\/wp\/v2\/types\/product"}],"replies":[{"embeddable":true,"href":"https:\/\/uj.adatbank.ro\/lexikon\/wp-json\/wp\/v2\/comments?post=7229"}],"wp:attachment":[{"href":"https:\/\/uj.adatbank.ro\/lexikon\/wp-json\/wp\/v2\/media?parent=7229"}],"wp:term":[{"taxonomy":"product_brand","embeddable":true,"href":"https:\/\/uj.adatbank.ro\/lexikon\/wp-json\/wp\/v2\/product_brand?post=7229"},{"taxonomy":"product_cat","embeddable":true,"href":"https:\/\/uj.adatbank.ro\/lexikon\/wp-json\/wp\/v2\/product_cat?post=7229"},{"taxonomy":"product_tag","embeddable":true,"href":"https:\/\/uj.adatbank.ro\/lexikon\/wp-json\/wp\/v2\/product_tag?post=7229"}],"curies":[{"name":"wp","href":"https:\/\/api.w.org\/{rel}","templated":true}]}}