{"id":7234,"date":"2025-06-28T18:19:30","date_gmt":"2025-06-28T16:19:30","guid":{"rendered":"https:\/\/uj.adatbank.ro\/lexikon\/termek\/elek\/"},"modified":"2025-06-28T18:19:30","modified_gmt":"2025-06-28T16:19:30","slug":"elek","status":"publish","type":"product","link":"https:\/\/uj.adatbank.ro\/lexikon\/termek\/elek\/","title":{"rendered":"ELEK"},"content":{"rendered":"<p>? \u2020\u00a0Mv., 1527.: pl\u00e9b\u00e1nos. \u2013 A mv.-i Szent Mikl\u00f3s pl\u00e9b\u00e1niatemplomban volt pl\u00e9b\u00e1nos (1527), gyilkoss\u00e1g \u00e1ldozata, amelynek oka nem ismeretes (1527).-<br \/><strong>Irod.:<\/strong> Ferenczi S\u00e1ndor 2009; L\u00e9sty\u00e1n \u2013 templomok 1.; Lesty\u00e1n F.: Mv. katolikus m\u00faltja = Mv. T\u00f6rt\u00e9net\u00e9b\u0151l;.Marton J. 2013; P\u00e1l-Antal 2009<\/br><\/p>\n","protected":false},"excerpt":{"rendered":"<p>? \u2020\u00a0Mv., 1527.: pl\u00e9b\u00e1nos. \u2013 A mv.-i Szent Mikl\u00f3s pl\u00e9b\u00e1niatemplomban volt pl\u00e9b\u00e1nos (1527), gyilkoss\u00e1g \u00e1ldozata, amelynek oka nem ismeretes (1527).-Irod.: Ferenczi S\u00e1ndor 2009; L\u00e9sty\u00e1n \u2013 templomok 1.; Lesty\u00e1n F.: Mv. katolikus m\u00faltja = Mv. T\u00f6rt\u00e9net\u00e9b\u0151l;.Marton J. 2013; P\u00e1l-Antal 2009<\/p>\n","protected":false},"featured_media":0,"comment_status":"open","ping_status":"closed","template":"","meta":[],"product_brand":[],"product_cat":[137],"product_tag":[],"class_list":{"0":"post-7234","1":"product","2":"type-product","3":"status-publish","5":"product_cat-maros-megyei-eletrajzi-lexikon","7":"first","8":"instock","9":"shipping-taxable","10":"product-type-simple"},"_links":{"self":[{"href":"https:\/\/uj.adatbank.ro\/lexikon\/wp-json\/wp\/v2\/product\/7234","targetHints":{"allow":["GET"]}}],"collection":[{"href":"https:\/\/uj.adatbank.ro\/lexikon\/wp-json\/wp\/v2\/product"}],"about":[{"href":"https:\/\/uj.adatbank.ro\/lexikon\/wp-json\/wp\/v2\/types\/product"}],"replies":[{"embeddable":true,"href":"https:\/\/uj.adatbank.ro\/lexikon\/wp-json\/wp\/v2\/comments?post=7234"}],"wp:attachment":[{"href":"https:\/\/uj.adatbank.ro\/lexikon\/wp-json\/wp\/v2\/media?parent=7234"}],"wp:term":[{"taxonomy":"product_brand","embeddable":true,"href":"https:\/\/uj.adatbank.ro\/lexikon\/wp-json\/wp\/v2\/product_brand?post=7234"},{"taxonomy":"product_cat","embeddable":true,"href":"https:\/\/uj.adatbank.ro\/lexikon\/wp-json\/wp\/v2\/product_cat?post=7234"},{"taxonomy":"product_tag","embeddable":true,"href":"https:\/\/uj.adatbank.ro\/lexikon\/wp-json\/wp\/v2\/product_tag?post=7234"}],"curies":[{"name":"wp","href":"https:\/\/api.w.org\/{rel}","templated":true}]}}