{"id":7238,"date":"2025-06-28T18:19:41","date_gmt":"2025-06-28T16:19:41","guid":{"rendered":"https:\/\/uj.adatbank.ro\/lexikon\/termek\/elek-gyorgy-2\/"},"modified":"2025-06-28T18:19:41","modified_gmt":"2025-06-28T16:19:41","slug":"elek-gyorgy-2","status":"publish","type":"product","link":"https:\/\/uj.adatbank.ro\/lexikon\/termek\/elek-gyorgy-2\/","title":{"rendered":"ELEK Gy\u00f6rgy"},"content":{"rendered":"<p>Nagyernye, 1892., \u2020\u00a0? : k\u00f6rjegyz\u0151. \u2013 Iskol\u00e1it sz\u00fcl\u0151faluj\u00e1ban, majd Mv.-en v\u00e9gezte. Jegyz\u0151i oklevel\u00e9nek elnyer\u00e9se ut\u00e1n mint seg\u00e9djegyz\u0151 Marosszentann\u00e1n, Ny\u00e1r\u00e1dszered\u00e1n m\u0171k\u00f6d\u00f6tt, majd Mikh\u00e1z\u00e1n (1940\u2013) vezet\u0151 jegyz\u0151 volt. Az els\u0151 vh.-ban az orosz fronton harcolt, \u00f6nk\u00e9ntes tizedesi rangban szerelt le. <br \/><strong>Irod.:<\/strong> Sz\u00e9kelyf\u00f6ld \u00ed.k.<\/br><\/p>\n","protected":false},"excerpt":{"rendered":"<p>Nagyernye, 1892., \u2020\u00a0? : k\u00f6rjegyz\u0151. \u2013 Iskol\u00e1it sz\u00fcl\u0151faluj\u00e1ban, majd Mv.-en v\u00e9gezte. Jegyz\u0151i oklevel\u00e9nek elnyer\u00e9se ut\u00e1n mint seg\u00e9djegyz\u0151 Marosszentann\u00e1n, Ny\u00e1r\u00e1dszered\u00e1n m\u0171k\u00f6d\u00f6tt, majd Mikh\u00e1z\u00e1n (1940\u2013) vezet\u0151 jegyz\u0151 volt. Az els\u0151 vh.-ban az orosz fronton harcolt, \u00f6nk\u00e9ntes tizedesi rangban szerelt le. Irod.: Sz\u00e9kelyf\u00f6ld \u00ed.k.<\/p>\n","protected":false},"featured_media":0,"comment_status":"open","ping_status":"closed","template":"","meta":[],"product_brand":[],"product_cat":[137],"product_tag":[],"class_list":{"0":"post-7238","1":"product","2":"type-product","3":"status-publish","5":"product_cat-maros-megyei-eletrajzi-lexikon","7":"first","8":"instock","9":"shipping-taxable","10":"product-type-simple"},"_links":{"self":[{"href":"https:\/\/uj.adatbank.ro\/lexikon\/wp-json\/wp\/v2\/product\/7238","targetHints":{"allow":["GET"]}}],"collection":[{"href":"https:\/\/uj.adatbank.ro\/lexikon\/wp-json\/wp\/v2\/product"}],"about":[{"href":"https:\/\/uj.adatbank.ro\/lexikon\/wp-json\/wp\/v2\/types\/product"}],"replies":[{"embeddable":true,"href":"https:\/\/uj.adatbank.ro\/lexikon\/wp-json\/wp\/v2\/comments?post=7238"}],"wp:attachment":[{"href":"https:\/\/uj.adatbank.ro\/lexikon\/wp-json\/wp\/v2\/media?parent=7238"}],"wp:term":[{"taxonomy":"product_brand","embeddable":true,"href":"https:\/\/uj.adatbank.ro\/lexikon\/wp-json\/wp\/v2\/product_brand?post=7238"},{"taxonomy":"product_cat","embeddable":true,"href":"https:\/\/uj.adatbank.ro\/lexikon\/wp-json\/wp\/v2\/product_cat?post=7238"},{"taxonomy":"product_tag","embeddable":true,"href":"https:\/\/uj.adatbank.ro\/lexikon\/wp-json\/wp\/v2\/product_tag?post=7238"}],"curies":[{"name":"wp","href":"https:\/\/api.w.org\/{rel}","templated":true}]}}