{"id":7239,"date":"2025-06-28T18:19:43","date_gmt":"2025-06-28T16:19:43","guid":{"rendered":"https:\/\/uj.adatbank.ro\/lexikon\/termek\/elek-janos\/"},"modified":"2025-06-28T18:19:43","modified_gmt":"2025-06-28T16:19:43","slug":"elek-janos","status":"publish","type":"product","link":"https:\/\/uj.adatbank.ro\/lexikon\/termek\/elek-janos\/","title":{"rendered":"ELEK J\u00e1nos"},"content":{"rendered":"<p>? \u2020 ? : v\u00e1rosi polg\u00e1r, alap\u00edtv\u00e1nytev\u0151. \u2013 Mv.-i polg\u00e1r, a ref. egyh\u00e1zk\u00f6zs\u00e9g nagylelk\u0171 don\u00e1tora, eml\u00e9kirattal fordult a konziszt\u00f3riumhoz (1808 \u2013 Misi v. 1818) amelyben az egyh\u00e1zk\u00f6zs\u00e9g tagjainak k\u00f6lts\u00e9g\u00e9n egy vegyes elemi skola fel\u00e1ll\u00edt\u00e1s\u00e1t javasolta. Alap\u00edtv\u00e1nyt tett az iskol\u00e1k fenntart\u00e1s\u00e1ra. <br \/><strong>Irod.:<\/strong> Farcz\u00e1dy; Id\u0151t\u00e1r 1<\/br><\/p>\n","protected":false},"excerpt":{"rendered":"<p>? \u2020 ? : v\u00e1rosi polg\u00e1r, alap\u00edtv\u00e1nytev\u0151. \u2013 Mv.-i polg\u00e1r, a ref. egyh\u00e1zk\u00f6zs\u00e9g nagylelk\u0171 don\u00e1tora, eml\u00e9kirattal fordult a konziszt\u00f3riumhoz (1808 \u2013 Misi v. 1818) amelyben az egyh\u00e1zk\u00f6zs\u00e9g tagjainak k\u00f6lts\u00e9g\u00e9n egy vegyes elemi skola fel\u00e1ll\u00edt\u00e1s\u00e1t javasolta. Alap\u00edtv\u00e1nyt tett az iskol\u00e1k fenntart\u00e1s\u00e1ra. Irod.: Farcz\u00e1dy; Id\u0151t\u00e1r 1<\/p>\n","protected":false},"featured_media":0,"comment_status":"open","ping_status":"closed","template":"","meta":[],"product_brand":[],"product_cat":[137],"product_tag":[],"class_list":{"0":"post-7239","1":"product","2":"type-product","3":"status-publish","5":"product_cat-maros-megyei-eletrajzi-lexikon","7":"first","8":"instock","9":"shipping-taxable","10":"product-type-simple"},"_links":{"self":[{"href":"https:\/\/uj.adatbank.ro\/lexikon\/wp-json\/wp\/v2\/product\/7239","targetHints":{"allow":["GET"]}}],"collection":[{"href":"https:\/\/uj.adatbank.ro\/lexikon\/wp-json\/wp\/v2\/product"}],"about":[{"href":"https:\/\/uj.adatbank.ro\/lexikon\/wp-json\/wp\/v2\/types\/product"}],"replies":[{"embeddable":true,"href":"https:\/\/uj.adatbank.ro\/lexikon\/wp-json\/wp\/v2\/comments?post=7239"}],"wp:attachment":[{"href":"https:\/\/uj.adatbank.ro\/lexikon\/wp-json\/wp\/v2\/media?parent=7239"}],"wp:term":[{"taxonomy":"product_brand","embeddable":true,"href":"https:\/\/uj.adatbank.ro\/lexikon\/wp-json\/wp\/v2\/product_brand?post=7239"},{"taxonomy":"product_cat","embeddable":true,"href":"https:\/\/uj.adatbank.ro\/lexikon\/wp-json\/wp\/v2\/product_cat?post=7239"},{"taxonomy":"product_tag","embeddable":true,"href":"https:\/\/uj.adatbank.ro\/lexikon\/wp-json\/wp\/v2\/product_tag?post=7239"}],"curies":[{"name":"wp","href":"https:\/\/api.w.org\/{rel}","templated":true}]}}