{"id":7241,"date":"2025-06-28T18:19:47","date_gmt":"2025-06-28T16:19:47","guid":{"rendered":"https:\/\/uj.adatbank.ro\/lexikon\/termek\/elek-janos-3\/"},"modified":"2025-06-28T18:19:47","modified_gmt":"2025-06-28T16:19:47","slug":"elek-janos-3","status":"publish","type":"product","link":"https:\/\/uj.adatbank.ro\/lexikon\/termek\/elek-janos-3\/","title":{"rendered":"ELEK J\u00e1nos"},"content":{"rendered":"<p>1871, \u2020\u00a0Mv., 1938. okt. 27.?\u00a0: keresked\u0151. \u2013 Mv.-en a \u201ehelyi iparos t\u00e1rsadalom vezet\u0151tagja\u201d. <br \/><strong>Irod.:<\/strong> [Nekrol\u00f3g] (Reggeli \u00dajs\u00e1g, 1938. okt. 29.); Visnai<\/br><\/p>\n","protected":false},"excerpt":{"rendered":"<p>1871, \u2020\u00a0Mv., 1938. okt. 27.?\u00a0: keresked\u0151. \u2013 Mv.-en a \u201ehelyi iparos t\u00e1rsadalom vezet\u0151tagja\u201d. Irod.: [Nekrol\u00f3g] (Reggeli \u00dajs\u00e1g, 1938. okt. 29.); Visnai<\/p>\n","protected":false},"featured_media":0,"comment_status":"open","ping_status":"closed","template":"","meta":[],"product_brand":[],"product_cat":[137],"product_tag":[],"class_list":{"0":"post-7241","1":"product","2":"type-product","3":"status-publish","5":"product_cat-maros-megyei-eletrajzi-lexikon","7":"first","8":"instock","9":"shipping-taxable","10":"product-type-simple"},"_links":{"self":[{"href":"https:\/\/uj.adatbank.ro\/lexikon\/wp-json\/wp\/v2\/product\/7241","targetHints":{"allow":["GET"]}}],"collection":[{"href":"https:\/\/uj.adatbank.ro\/lexikon\/wp-json\/wp\/v2\/product"}],"about":[{"href":"https:\/\/uj.adatbank.ro\/lexikon\/wp-json\/wp\/v2\/types\/product"}],"replies":[{"embeddable":true,"href":"https:\/\/uj.adatbank.ro\/lexikon\/wp-json\/wp\/v2\/comments?post=7241"}],"wp:attachment":[{"href":"https:\/\/uj.adatbank.ro\/lexikon\/wp-json\/wp\/v2\/media?parent=7241"}],"wp:term":[{"taxonomy":"product_brand","embeddable":true,"href":"https:\/\/uj.adatbank.ro\/lexikon\/wp-json\/wp\/v2\/product_brand?post=7241"},{"taxonomy":"product_cat","embeddable":true,"href":"https:\/\/uj.adatbank.ro\/lexikon\/wp-json\/wp\/v2\/product_cat?post=7241"},{"taxonomy":"product_tag","embeddable":true,"href":"https:\/\/uj.adatbank.ro\/lexikon\/wp-json\/wp\/v2\/product_tag?post=7241"}],"curies":[{"name":"wp","href":"https:\/\/api.w.org\/{rel}","templated":true}]}}