{"id":7242,"date":"2025-06-28T18:19:49","date_gmt":"2025-06-28T16:19:49","guid":{"rendered":"https:\/\/uj.adatbank.ro\/lexikon\/termek\/elek-janos-kanyadi\/"},"modified":"2025-06-28T18:19:49","modified_gmt":"2025-06-28T16:19:49","slug":"elek-janos-kanyadi","status":"publish","type":"product","link":"https:\/\/uj.adatbank.ro\/lexikon\/termek\/elek-janos-kanyadi\/","title":{"rendered":"ELEK J\u00e1nos, k\u00e1ny\u00e1di"},"content":{"rendered":"<p>Csiba, 1900. jan. 1., \u2020\u00a0Mv., 1976. \u00e1pr. 7.: m\u0171b\u00fatorasztalos, b\u00fatorgy\u00e1ros. \u2013 R\u00e9gi sz\u00e9kely primor csal\u00e1d sarja. K\u00f6z\u00e9piskol\u00e1it \u00e9s ipari tanulm\u00e1nyait Mv.-en \u00e9s Bp.-en v\u00e9gezte, majd tanulm\u00e1ny\u00faton B\u00e9csbe, Bp.-en, Buk.-ben, Konstanc\u00e1n \u00e9s Galacon j\u00e1rt. Visszat\u00e9r\u00e9se ut\u00e1n Mv.-en m\u0171asztalos \u00fczemet l\u00e9tes\u00edtett (Roosevelt-t\u00e9r 4.sz, 1925. febr. 20), amely rendel\u00e9sre 22 munk\u00e1ssal barokk h\u00e1l\u00f3szobab\u00fatorokat, kis b\u00fatorokat, sz\u00e9keket, sz\u00e1nk\u00f3kat stb. \u00e1ll\u00edtott el\u0151 \u00e9s forgalmazott. A helyi Gazdas\u00e1gi Kamara valamint a Kereskedelmi \u00e9s Iparkamara \u00e1ltal rendezett ki\u00e1ll\u00edt\u00e1son k\u00e9t izben arany \u00e9remmel t\u00fcntett\u00e9k ki. A MP-nak, valamint a helyi int\u00e9z\u0151bizotts\u00e1gnak tagja, az Asztalos Ipart\u00e1rsulat eln\u00f6ke (1938\u2013), a M. Iparegyes\u00fclet aleln\u00f6ke (1939\u2013), a v\u00e1ros t\u00f6rv\u00e9nyhat\u00f3s\u00e1gi bizotts\u00e1g\u00e1nak tagja, az Egyes\u00fcl\u00e9s sz\u00f6vetkezet \u00fcgyvezet\u0151 eln\u00f6ke, a MSE v\u00e1lasztm\u00e1nyi tagja, a futballszakoszt\u00e1ly\u00e1nak eln\u00f6ke volt. A MP r\u00e9sz\u00e9r\u0151l k\u00e9pvisel\u0151jel\u00f6lt volt (1937). \u00dczem\u00e9t \u00e1llamos\u00edtott\u00e1k (1948), elkobozt\u00e1k az eg\u00e9sz vagyon\u00e1t: a butorgy\u00e1rat \u00e9s a k\u00e9t lak\u00e1st (melyek a M\u0103r\u0103\u015fti t\u00e9r 18. sz. alatt vannak). Feles\u00e9g\u00e9nek, Ritz Margitnak (1902. \u2013 Mv., 1990. szept. 6.) volt egy telke a Marosparton \u00e9s az oda \u00e9p\u00edtett lak\u00f3h\u00e1zban laktak (1951\u2013). A Dunacsatorn\u00e1hoz hurcolt\u00e1k (1953. m\u00e1rc.\u201354. febr.). A V\u00e1rtemplom prezsbitere volt 35 \u00e9vig. \u2013 <strong>F. m.:<\/strong> Modern b\u00fatortervek (Kv., 1928). <br \/><strong>Irod.:<\/strong> Bartos Zolt\u00e1n; csal\u00e1di inf.; Guly\u00e1s; Id\u0151t\u00e1r 3; K\u00e1d\u00e1r \u2013 P\u00e1l-Antal; \u00d6kr\u00f6s; Remeteszeg; Sz\u00e9kelyf\u00f6ld \u00ed.k.<\/br><\/p>\n","protected":false},"excerpt":{"rendered":"<p>Csiba, 1900. jan. 1., \u2020\u00a0Mv., 1976. \u00e1pr. 7.: m\u0171b\u00fatorasztalos, b\u00fatorgy\u00e1ros. \u2013 R\u00e9gi sz\u00e9kely primor csal\u00e1d sarja. K\u00f6z\u00e9piskol\u00e1it \u00e9s ipari tanulm\u00e1nyait Mv.-en \u00e9s Bp.-en v\u00e9gezte, majd tanulm\u00e1ny\u00faton B\u00e9csbe, Bp.-en, Buk.-ben, Konstanc\u00e1n \u00e9s Galacon j\u00e1rt. Visszat\u00e9r\u00e9se ut\u00e1n Mv.-en m\u0171asztalos \u00fczemet l\u00e9tes\u00edtett (Roosevelt-t\u00e9r 4.sz, 1925. febr. 20), amely rendel\u00e9sre 22 munk\u00e1ssal barokk h\u00e1l\u00f3szobab\u00fatorokat, kis b\u00fatorokat, sz\u00e9keket, sz\u00e1nk\u00f3kat stb. [&hellip;]<\/p>\n","protected":false},"featured_media":0,"comment_status":"open","ping_status":"closed","template":"","meta":[],"product_brand":[],"product_cat":[137],"product_tag":[],"class_list":{"0":"post-7242","1":"product","2":"type-product","3":"status-publish","5":"product_cat-maros-megyei-eletrajzi-lexikon","7":"first","8":"instock","9":"shipping-taxable","10":"product-type-simple"},"_links":{"self":[{"href":"https:\/\/uj.adatbank.ro\/lexikon\/wp-json\/wp\/v2\/product\/7242","targetHints":{"allow":["GET"]}}],"collection":[{"href":"https:\/\/uj.adatbank.ro\/lexikon\/wp-json\/wp\/v2\/product"}],"about":[{"href":"https:\/\/uj.adatbank.ro\/lexikon\/wp-json\/wp\/v2\/types\/product"}],"replies":[{"embeddable":true,"href":"https:\/\/uj.adatbank.ro\/lexikon\/wp-json\/wp\/v2\/comments?post=7242"}],"wp:attachment":[{"href":"https:\/\/uj.adatbank.ro\/lexikon\/wp-json\/wp\/v2\/media?parent=7242"}],"wp:term":[{"taxonomy":"product_brand","embeddable":true,"href":"https:\/\/uj.adatbank.ro\/lexikon\/wp-json\/wp\/v2\/product_brand?post=7242"},{"taxonomy":"product_cat","embeddable":true,"href":"https:\/\/uj.adatbank.ro\/lexikon\/wp-json\/wp\/v2\/product_cat?post=7242"},{"taxonomy":"product_tag","embeddable":true,"href":"https:\/\/uj.adatbank.ro\/lexikon\/wp-json\/wp\/v2\/product_tag?post=7242"}],"curies":[{"name":"wp","href":"https:\/\/api.w.org\/{rel}","templated":true}]}}