{"id":7243,"date":"2025-06-28T18:19:53","date_gmt":"2025-06-28T16:19:53","guid":{"rendered":"https:\/\/uj.adatbank.ro\/lexikon\/termek\/elek-nistor-maria\/"},"modified":"2025-06-28T18:19:53","modified_gmt":"2025-06-28T16:19:53","slug":"elek-nistor-maria","status":"publish","type":"product","link":"https:\/\/uj.adatbank.ro\/lexikon\/termek\/elek-nistor-maria\/","title":{"rendered":"ELEK NISTOR M\u00e1ria"},"content":{"rendered":"<p>Mv.1935.m\u00e1j.26., \u2020 ? : orvos. \u2013Mv.-en a Kereskedelmi k\u00f6z\u00e9piskol\u00e1ban tanult \u00e9s a MOGYE orvoskar\u00e1n v\u00e9gzett. Kihelyez\u00e9se: orvos a B\u00e1k\u00f3 tartom\u00e1nyi Fitione\u0219ti, majd Szentp\u00e1l, k\u00f6vetkezett a Mv.-i Fert\u0151z\u0151 Klinika, ahol infektol\u00f3gus szakorvos. <br \/><strong>Irod.:<\/strong> MOGYE<\/br><\/p>\n","protected":false},"excerpt":{"rendered":"<p>Mv.1935.m\u00e1j.26., \u2020 ? : orvos. \u2013Mv.-en a Kereskedelmi k\u00f6z\u00e9piskol\u00e1ban tanult \u00e9s a MOGYE orvoskar\u00e1n v\u00e9gzett. Kihelyez\u00e9se: orvos a B\u00e1k\u00f3 tartom\u00e1nyi Fitione\u0219ti, majd Szentp\u00e1l, k\u00f6vetkezett a Mv.-i Fert\u0151z\u0151 Klinika, ahol infektol\u00f3gus szakorvos. Irod.: MOGYE<\/p>\n","protected":false},"featured_media":0,"comment_status":"open","ping_status":"closed","template":"","meta":[],"product_brand":[],"product_cat":[137],"product_tag":[],"class_list":{"0":"post-7243","1":"product","2":"type-product","3":"status-publish","5":"product_cat-maros-megyei-eletrajzi-lexikon","7":"first","8":"instock","9":"shipping-taxable","10":"product-type-simple"},"_links":{"self":[{"href":"https:\/\/uj.adatbank.ro\/lexikon\/wp-json\/wp\/v2\/product\/7243","targetHints":{"allow":["GET"]}}],"collection":[{"href":"https:\/\/uj.adatbank.ro\/lexikon\/wp-json\/wp\/v2\/product"}],"about":[{"href":"https:\/\/uj.adatbank.ro\/lexikon\/wp-json\/wp\/v2\/types\/product"}],"replies":[{"embeddable":true,"href":"https:\/\/uj.adatbank.ro\/lexikon\/wp-json\/wp\/v2\/comments?post=7243"}],"wp:attachment":[{"href":"https:\/\/uj.adatbank.ro\/lexikon\/wp-json\/wp\/v2\/media?parent=7243"}],"wp:term":[{"taxonomy":"product_brand","embeddable":true,"href":"https:\/\/uj.adatbank.ro\/lexikon\/wp-json\/wp\/v2\/product_brand?post=7243"},{"taxonomy":"product_cat","embeddable":true,"href":"https:\/\/uj.adatbank.ro\/lexikon\/wp-json\/wp\/v2\/product_cat?post=7243"},{"taxonomy":"product_tag","embeddable":true,"href":"https:\/\/uj.adatbank.ro\/lexikon\/wp-json\/wp\/v2\/product_tag?post=7243"}],"curies":[{"name":"wp","href":"https:\/\/api.w.org\/{rel}","templated":true}]}}