{"id":7244,"date":"2025-06-28T18:19:57","date_gmt":"2025-06-28T16:19:57","guid":{"rendered":"https:\/\/uj.adatbank.ro\/lexikon\/termek\/elekes\/"},"modified":"2025-06-28T18:19:57","modified_gmt":"2025-06-28T16:19:57","slug":"elekes","status":"publish","type":"product","link":"https:\/\/uj.adatbank.ro\/lexikon\/termek\/elekes\/","title":{"rendered":"ELEKES"},"content":{"rendered":"<p>? \u2020\u00a0? : k\u00fcld\u00fctts\u00e9gi tag. \u2013 Az 1867-es band\u00e9rium r\u00e9sztvev\u0151je Kisk\u00fck\u00fcll\u0151 megye r\u00e9sz\u00e9r\u0151l. <br \/><strong>Irod.:<\/strong> Koron\u00e1z\u00e1si eml\u00e9kk\u00f6nyv I. Ferenc J\u00f3zsef megkoron\u00e1z\u00e1s\u00e1nak 25. \u00e9vfordul\u00f3ja \u00fcnnep\u00e9re (Bp., 1874)<\/br><\/p>\n","protected":false},"excerpt":{"rendered":"<p>? \u2020\u00a0? : k\u00fcld\u00fctts\u00e9gi tag. \u2013 Az 1867-es band\u00e9rium r\u00e9sztvev\u0151je Kisk\u00fck\u00fcll\u0151 megye r\u00e9sz\u00e9r\u0151l. Irod.: Koron\u00e1z\u00e1si eml\u00e9kk\u00f6nyv I. Ferenc J\u00f3zsef megkoron\u00e1z\u00e1s\u00e1nak 25. \u00e9vfordul\u00f3ja \u00fcnnep\u00e9re (Bp., 1874)<\/p>\n","protected":false},"featured_media":0,"comment_status":"open","ping_status":"closed","template":"","meta":[],"product_brand":[],"product_cat":[137],"product_tag":[],"class_list":{"0":"post-7244","1":"product","2":"type-product","3":"status-publish","5":"product_cat-maros-megyei-eletrajzi-lexikon","7":"first","8":"instock","9":"shipping-taxable","10":"product-type-simple"},"_links":{"self":[{"href":"https:\/\/uj.adatbank.ro\/lexikon\/wp-json\/wp\/v2\/product\/7244","targetHints":{"allow":["GET"]}}],"collection":[{"href":"https:\/\/uj.adatbank.ro\/lexikon\/wp-json\/wp\/v2\/product"}],"about":[{"href":"https:\/\/uj.adatbank.ro\/lexikon\/wp-json\/wp\/v2\/types\/product"}],"replies":[{"embeddable":true,"href":"https:\/\/uj.adatbank.ro\/lexikon\/wp-json\/wp\/v2\/comments?post=7244"}],"wp:attachment":[{"href":"https:\/\/uj.adatbank.ro\/lexikon\/wp-json\/wp\/v2\/media?parent=7244"}],"wp:term":[{"taxonomy":"product_brand","embeddable":true,"href":"https:\/\/uj.adatbank.ro\/lexikon\/wp-json\/wp\/v2\/product_brand?post=7244"},{"taxonomy":"product_cat","embeddable":true,"href":"https:\/\/uj.adatbank.ro\/lexikon\/wp-json\/wp\/v2\/product_cat?post=7244"},{"taxonomy":"product_tag","embeddable":true,"href":"https:\/\/uj.adatbank.ro\/lexikon\/wp-json\/wp\/v2\/product_tag?post=7244"}],"curies":[{"name":"wp","href":"https:\/\/api.w.org\/{rel}","templated":true}]}}