{"id":7245,"date":"2025-06-28T18:20:01","date_gmt":"2025-06-28T16:20:01","guid":{"rendered":"https:\/\/uj.adatbank.ro\/lexikon\/termek\/elekes-balazs\/"},"modified":"2025-06-28T18:20:01","modified_gmt":"2025-06-28T16:20:01","slug":"elekes-balazs","status":"publish","type":"product","link":"https:\/\/uj.adatbank.ro\/lexikon\/termek\/elekes-balazs\/","title":{"rendered":"ELEKES Bal\u00e1zs"},"content":{"rendered":"<p>Sz\u00e9kelyudvarhely, 1886, \u2020\u00a0? : postafel\u00fcgyel\u0151. \u2013 K\u00f6z\u00e9piskol\u00e1it sz\u00fcl\u0151v\u00e1ros\u00e1ban \u00e9s Brass\u00f3ban v\u00e9gezte. A posta szolg\u00e1lat\u00e1ba l\u00e9pett (1908), Segesv\u00e1rt, Sz\u00e9kelyudvarhelyen, Nagyenyeden, Bp.-en (1821\u2013) m\u0171k\u00f6d\u00f6tt. \u2013 <strong>F. m.:<\/strong> Sz\u00e1rnyasaink (1911). <br \/><strong>Irod.:<\/strong> Guly\u00e1s<\/br><\/p>\n","protected":false},"excerpt":{"rendered":"<p>Sz\u00e9kelyudvarhely, 1886, \u2020\u00a0? : postafel\u00fcgyel\u0151. \u2013 K\u00f6z\u00e9piskol\u00e1it sz\u00fcl\u0151v\u00e1ros\u00e1ban \u00e9s Brass\u00f3ban v\u00e9gezte. A posta szolg\u00e1lat\u00e1ba l\u00e9pett (1908), Segesv\u00e1rt, Sz\u00e9kelyudvarhelyen, Nagyenyeden, Bp.-en (1821\u2013) m\u0171k\u00f6d\u00f6tt. \u2013 F. m.: Sz\u00e1rnyasaink (1911). Irod.: Guly\u00e1s<\/p>\n","protected":false},"featured_media":0,"comment_status":"open","ping_status":"closed","template":"","meta":[],"product_brand":[],"product_cat":[137],"product_tag":[],"class_list":{"0":"post-7245","1":"product","2":"type-product","3":"status-publish","5":"product_cat-maros-megyei-eletrajzi-lexikon","7":"first","8":"instock","9":"shipping-taxable","10":"product-type-simple"},"_links":{"self":[{"href":"https:\/\/uj.adatbank.ro\/lexikon\/wp-json\/wp\/v2\/product\/7245","targetHints":{"allow":["GET"]}}],"collection":[{"href":"https:\/\/uj.adatbank.ro\/lexikon\/wp-json\/wp\/v2\/product"}],"about":[{"href":"https:\/\/uj.adatbank.ro\/lexikon\/wp-json\/wp\/v2\/types\/product"}],"replies":[{"embeddable":true,"href":"https:\/\/uj.adatbank.ro\/lexikon\/wp-json\/wp\/v2\/comments?post=7245"}],"wp:attachment":[{"href":"https:\/\/uj.adatbank.ro\/lexikon\/wp-json\/wp\/v2\/media?parent=7245"}],"wp:term":[{"taxonomy":"product_brand","embeddable":true,"href":"https:\/\/uj.adatbank.ro\/lexikon\/wp-json\/wp\/v2\/product_brand?post=7245"},{"taxonomy":"product_cat","embeddable":true,"href":"https:\/\/uj.adatbank.ro\/lexikon\/wp-json\/wp\/v2\/product_cat?post=7245"},{"taxonomy":"product_tag","embeddable":true,"href":"https:\/\/uj.adatbank.ro\/lexikon\/wp-json\/wp\/v2\/product_tag?post=7245"}],"curies":[{"name":"wp","href":"https:\/\/api.w.org\/{rel}","templated":true}]}}