{"id":7246,"date":"2025-06-28T18:20:05","date_gmt":"2025-06-28T16:20:05","guid":{"rendered":"https:\/\/uj.adatbank.ro\/lexikon\/termek\/elekes-balazs-2\/"},"modified":"2025-06-28T18:20:05","modified_gmt":"2025-06-28T16:20:05","slug":"elekes-balazs-2","status":"publish","type":"product","link":"https:\/\/uj.adatbank.ro\/lexikon\/termek\/elekes-balazs-2\/","title":{"rendered":"ELEKES Bal\u00e1zs"},"content":{"rendered":"<p>? \u2020 ? : albisi lak\u00f3s. \u2013 Az erd\u0151szentgy\u00f6rgyi 1956-os ellenz\u00e9ki \u00fan. Kisk\u00fck\u00fcll\u0151-menti csoport tagja. A kv.-i katonai t\u00f6rv\u00e9nysz\u00e9k \u00e1llamellenes \u00f6sszeesk\u00fcv\u00e9s v\u00e1dj\u00e1val 6 \u00e9v b\u00f6rt\u00f6nb\u00fcntet\u00e9sre it\u00e9lte (1957. szept. 9.). <br \/><strong>Irod.:<\/strong> Bottoni 2006<\/br><\/p>\n","protected":false},"excerpt":{"rendered":"<p>? \u2020 ? : albisi lak\u00f3s. \u2013 Az erd\u0151szentgy\u00f6rgyi 1956-os ellenz\u00e9ki \u00fan. Kisk\u00fck\u00fcll\u0151-menti csoport tagja. A kv.-i katonai t\u00f6rv\u00e9nysz\u00e9k \u00e1llamellenes \u00f6sszeesk\u00fcv\u00e9s v\u00e1dj\u00e1val 6 \u00e9v b\u00f6rt\u00f6nb\u00fcntet\u00e9sre it\u00e9lte (1957. szept. 9.). Irod.: Bottoni 2006<\/p>\n","protected":false},"featured_media":0,"comment_status":"open","ping_status":"closed","template":"","meta":[],"product_brand":[],"product_cat":[137],"product_tag":[],"class_list":{"0":"post-7246","1":"product","2":"type-product","3":"status-publish","5":"product_cat-maros-megyei-eletrajzi-lexikon","7":"first","8":"instock","9":"shipping-taxable","10":"product-type-simple"},"_links":{"self":[{"href":"https:\/\/uj.adatbank.ro\/lexikon\/wp-json\/wp\/v2\/product\/7246","targetHints":{"allow":["GET"]}}],"collection":[{"href":"https:\/\/uj.adatbank.ro\/lexikon\/wp-json\/wp\/v2\/product"}],"about":[{"href":"https:\/\/uj.adatbank.ro\/lexikon\/wp-json\/wp\/v2\/types\/product"}],"replies":[{"embeddable":true,"href":"https:\/\/uj.adatbank.ro\/lexikon\/wp-json\/wp\/v2\/comments?post=7246"}],"wp:attachment":[{"href":"https:\/\/uj.adatbank.ro\/lexikon\/wp-json\/wp\/v2\/media?parent=7246"}],"wp:term":[{"taxonomy":"product_brand","embeddable":true,"href":"https:\/\/uj.adatbank.ro\/lexikon\/wp-json\/wp\/v2\/product_brand?post=7246"},{"taxonomy":"product_cat","embeddable":true,"href":"https:\/\/uj.adatbank.ro\/lexikon\/wp-json\/wp\/v2\/product_cat?post=7246"},{"taxonomy":"product_tag","embeddable":true,"href":"https:\/\/uj.adatbank.ro\/lexikon\/wp-json\/wp\/v2\/product_tag?post=7246"}],"curies":[{"name":"wp","href":"https:\/\/api.w.org\/{rel}","templated":true}]}}