{"id":7247,"date":"2025-06-28T18:20:07","date_gmt":"2025-06-28T16:20:07","guid":{"rendered":"https:\/\/uj.adatbank.ro\/lexikon\/termek\/elekes-bela\/"},"modified":"2025-06-28T18:20:07","modified_gmt":"2025-06-28T16:20:07","slug":"elekes-bela","status":"publish","type":"product","link":"https:\/\/uj.adatbank.ro\/lexikon\/termek\/elekes-bela\/","title":{"rendered":"ELEKES B\u00e9la"},"content":{"rendered":"<p>? \u2020 ? : keresked\u0151, igazgat\u00f3. \u2013 Mv.-en nagykeresked\u0151, majd vajgy\u00e1rigazgat\u00f3. A MSE-ben kezdett sportolni (1920) mint labdar\u00fag\u00f3. Az egyes\u00fcletnek torna szakoszt\u00e1ly\u00e1nak vezet\u0151je (1939). <br \/><strong>Irod.:<\/strong> Id\u0151t\u00e1r 3; Pluh\u00e1r<\/br><\/p>\n","protected":false},"excerpt":{"rendered":"<p>? \u2020 ? : keresked\u0151, igazgat\u00f3. \u2013 Mv.-en nagykeresked\u0151, majd vajgy\u00e1rigazgat\u00f3. A MSE-ben kezdett sportolni (1920) mint labdar\u00fag\u00f3. Az egyes\u00fcletnek torna szakoszt\u00e1ly\u00e1nak vezet\u0151je (1939). Irod.: Id\u0151t\u00e1r 3; Pluh\u00e1r<\/p>\n","protected":false},"featured_media":0,"comment_status":"open","ping_status":"closed","template":"","meta":[],"product_brand":[],"product_cat":[137],"product_tag":[],"class_list":{"0":"post-7247","1":"product","2":"type-product","3":"status-publish","5":"product_cat-maros-megyei-eletrajzi-lexikon","7":"first","8":"instock","9":"shipping-taxable","10":"product-type-simple"},"_links":{"self":[{"href":"https:\/\/uj.adatbank.ro\/lexikon\/wp-json\/wp\/v2\/product\/7247","targetHints":{"allow":["GET"]}}],"collection":[{"href":"https:\/\/uj.adatbank.ro\/lexikon\/wp-json\/wp\/v2\/product"}],"about":[{"href":"https:\/\/uj.adatbank.ro\/lexikon\/wp-json\/wp\/v2\/types\/product"}],"replies":[{"embeddable":true,"href":"https:\/\/uj.adatbank.ro\/lexikon\/wp-json\/wp\/v2\/comments?post=7247"}],"wp:attachment":[{"href":"https:\/\/uj.adatbank.ro\/lexikon\/wp-json\/wp\/v2\/media?parent=7247"}],"wp:term":[{"taxonomy":"product_brand","embeddable":true,"href":"https:\/\/uj.adatbank.ro\/lexikon\/wp-json\/wp\/v2\/product_brand?post=7247"},{"taxonomy":"product_cat","embeddable":true,"href":"https:\/\/uj.adatbank.ro\/lexikon\/wp-json\/wp\/v2\/product_cat?post=7247"},{"taxonomy":"product_tag","embeddable":true,"href":"https:\/\/uj.adatbank.ro\/lexikon\/wp-json\/wp\/v2\/product_tag?post=7247"}],"curies":[{"name":"wp","href":"https:\/\/api.w.org\/{rel}","templated":true}]}}