{"id":7252,"date":"2025-06-28T18:20:15","date_gmt":"2025-06-28T16:20:15","guid":{"rendered":"https:\/\/uj.adatbank.ro\/lexikon\/termek\/elekes-imre-jeno\/"},"modified":"2025-06-28T18:20:15","modified_gmt":"2025-06-28T16:20:15","slug":"elekes-imre-jeno","status":"publish","type":"product","link":"https:\/\/uj.adatbank.ro\/lexikon\/termek\/elekes-imre-jeno\/","title":{"rendered":"ELEKES Imre Jen\u0151"},"content":{"rendered":"<p>Okl\u00e1nd, 1900. jan. 22., \u2020 Mv., 1999. okt. 19.: f\u0151gy\u00f3gyszer\u00e9sz. \u2013 E. J\u00e1nos \u00e9s Brassai M\u00e1ria fia. Testv\u00e9re: Lajos. Feles\u00e9ge: Barta Ant\u00f3nia. Le\u00e1nyuk: \u00c9va. \u2013 Cs\u00edkszered\u00e1ban kezdte k\u00f6z\u00e9piskolai tanulm\u00e1nyait, Mv.-en \u00e9retts\u00e9gizett a r. k. gimn.-ban (1919). R\u00e9szt vett az I. vh.-ban, a 24. gyalogezred \u00f6nk\u00e9ntese, tiszti vizsg\u00e1t tett \u00e9s a Sz\u00e9kely Hadoszt\u00e1lyban szolg\u00e1lt. Gy\u00f3gyszer\u00e9sz p\u00e1ly\u00e1ra l\u00e9pett, Mv.-en Osv\u00e1th K\u00e1lm\u00e1n gy\u00f3gyszert\u00e1r\u00e1ban gyakornok, Bp.-en gyakornoki vizsg\u00e1t tett (1920), a szegedi FJTE \u2013en kapott gy\u00f3gyszer\u00e9sz oklevelet (1923. j\u00fan. 19.). Gy\u00f3gyszer\u00e9sz Bar\u00f3ton dr. Jeney Istv\u00e1n (1882?\u20131958) gy\u00f3gyszert\u00e1r\u00e1ban. Katona Mv.-en (1925), ut\u00e1na munkan\u00e9lk\u00fcli, t\u00f6bb gy\u00f3gyszert\u00e1rban helyettes, honos\u00edtott\u00e1k szegedi oklevel\u00e9t (1932), gy\u00f3gyszert\u00e1rb\u00e9rl\u0151 Nagyb\u00e1ny\u00e1n, gy\u00f3gyszer\u00e9sz Gyergy\u00f3szentmikl\u00f3son (1940\u201343), az Ungv\u00e1r melletti Nagykaposon bombat\u00e1mad\u00e1sban elpusztult a saj\u00e1t gy\u00f3gyszert\u00e1ra. Visszat\u00e9rt Mv.-re, alkalmazott lett a Rekord gy\u00f3gyszert\u00e1rban (1945. szept.\u201348. szept.). \u00c1llamos\u00edt\u00e1s ut\u00e1n vezet\u0151je nyugd\u00edjaz\u00e1s\u00e1ig (1969-ig) a Kossuth Lajos u.-i, volt Izmael M\u00e1rton f\u00e9le gy\u00f3gyszert\u00e1rnak, ami a 2. sz\u00e1mot viselte. A Szegedi Orvostudom\u00e1nyi Egyetem arany (1974), gy\u00e9m\u00e1nt (1983) \u00e9s rubin (1993) oklev\u00e9llel t\u00fcntette ki. <br \/><strong>Irod.:<\/strong> Bodolai: A hossz\u00fa \u00e9let titka (N\u00fa., 1997. febr. 11.); P\u00e9ter H. M\u00e1ria: In memoriam E. I. (N\u00fa., 1999. nov. 23); P\u00e9ter H. M.; P\u00e9ter H. M. 2013<\/br><\/p>\n","protected":false},"excerpt":{"rendered":"<p>Okl\u00e1nd, 1900. jan. 22., \u2020 Mv., 1999. okt. 19.: f\u0151gy\u00f3gyszer\u00e9sz. \u2013 E. J\u00e1nos \u00e9s Brassai M\u00e1ria fia. Testv\u00e9re: Lajos. Feles\u00e9ge: Barta Ant\u00f3nia. Le\u00e1nyuk: \u00c9va. \u2013 Cs\u00edkszered\u00e1ban kezdte k\u00f6z\u00e9piskolai tanulm\u00e1nyait, Mv.-en \u00e9retts\u00e9gizett a r. k. gimn.-ban (1919). R\u00e9szt vett az I. vh.-ban, a 24. gyalogezred \u00f6nk\u00e9ntese, tiszti vizsg\u00e1t tett \u00e9s a Sz\u00e9kely Hadoszt\u00e1lyban szolg\u00e1lt. Gy\u00f3gyszer\u00e9sz p\u00e1ly\u00e1ra [&hellip;]<\/p>\n","protected":false},"featured_media":0,"comment_status":"open","ping_status":"closed","template":"","meta":[],"product_brand":[],"product_cat":[137],"product_tag":[],"class_list":{"0":"post-7252","1":"product","2":"type-product","3":"status-publish","5":"product_cat-maros-megyei-eletrajzi-lexikon","7":"first","8":"instock","9":"shipping-taxable","10":"product-type-simple"},"_links":{"self":[{"href":"https:\/\/uj.adatbank.ro\/lexikon\/wp-json\/wp\/v2\/product\/7252","targetHints":{"allow":["GET"]}}],"collection":[{"href":"https:\/\/uj.adatbank.ro\/lexikon\/wp-json\/wp\/v2\/product"}],"about":[{"href":"https:\/\/uj.adatbank.ro\/lexikon\/wp-json\/wp\/v2\/types\/product"}],"replies":[{"embeddable":true,"href":"https:\/\/uj.adatbank.ro\/lexikon\/wp-json\/wp\/v2\/comments?post=7252"}],"wp:attachment":[{"href":"https:\/\/uj.adatbank.ro\/lexikon\/wp-json\/wp\/v2\/media?parent=7252"}],"wp:term":[{"taxonomy":"product_brand","embeddable":true,"href":"https:\/\/uj.adatbank.ro\/lexikon\/wp-json\/wp\/v2\/product_brand?post=7252"},{"taxonomy":"product_cat","embeddable":true,"href":"https:\/\/uj.adatbank.ro\/lexikon\/wp-json\/wp\/v2\/product_cat?post=7252"},{"taxonomy":"product_tag","embeddable":true,"href":"https:\/\/uj.adatbank.ro\/lexikon\/wp-json\/wp\/v2\/product_tag?post=7252"}],"curies":[{"name":"wp","href":"https:\/\/api.w.org\/{rel}","templated":true}]}}