{"id":7253,"date":"2025-06-28T18:20:17","date_gmt":"2025-06-28T16:20:17","guid":{"rendered":"https:\/\/uj.adatbank.ro\/lexikon\/termek\/elekes-imre-diosadi\/"},"modified":"2025-06-28T18:20:17","modified_gmt":"2025-06-28T16:20:17","slug":"elekes-imre-diosadi","status":"publish","type":"product","link":"https:\/\/uj.adatbank.ro\/lexikon\/termek\/elekes-imre-diosadi\/","title":{"rendered":"ELEKES Imre, di\u00f3sadi"},"content":{"rendered":"<p>Gernyeszeg, 1873. m\u00e1rc. 20., \u2020\u00a0? : tan\u00e1r, ref. gim. igazgat\u00f3, k\u00f6lt\u0151, \u00edr\u00f3. \u2013 E. K\u00e1lm\u00e1n fia. \u2013 K\u00f6z\u00e9piskol\u00e1it Nagyenyeden, a teol\u00f3gi\u00e1t u.o. \u00e9s Bp.-en v\u00e9gezte (1895). Kishark\u00e1nyi lelk\u00e9sz (1895\u201397), egy\u00fattal a bp-i egyetem b\u00f6lcs\u00e9szhallgat\u00f3ja; tan\u00e1r Nagyk\u0151r\u00f6s\u00f6n (1897\u201398), Gy\u00f6nk\u00f6n (1898\u20131904), S\u00e1rospatakon (1904\u2013) m., latin nyelvet, logik\u00e1t \u00e9s vall\u00e1st tan\u00edtott, az \u00faj alap\u00edt\u00e1s\u00fa angol intern\u00e1tus igazgat\u00f3ja volt\u00a0(1931\u201334). Az intern\u00e1tusok tanulm\u00e1nyoz\u00e1s\u00e1ra Pr\u00e1g\u00e1ban \u00e9s t\u00f6bb n\u00e9met v\u00e1rosban j\u00e1rt (1929), elk\u00e9sz\u00edtette az angol gimn. tanterv\u00e9t. Verseit, novell\u00e1it, polit. Cikkeit k\u00f6z\u00f6lte: a nagyenyedi K\u00f6z\u00e9rdek, Debr. Prot. Lap., Prot. Egyh. \u00e9s Isk.., S\u00e1rospataki Ref. F\u0151isk. \u00c9rtes\u00edt\u0151je, S\u00e1rospatak, S\u00e1rospataki Ref. Lapok, H\u00e1bor\u00fas el\u0151ad\u00e1sok, S\u00e1rospataki Ifj. K\u00f6zl., Orsz. Ref. Tan\u00e1regyes. \u00c9vk\u00f6nyve, El\u0151\u0151rs, Magyars\u00e1g, V\u00e9n Di\u00e1kok Lapja, K\u00e1lvinista Szemle, Lelk\u00e9szegyes\u00fclet. Szerk.-tette a S\u00e1rospatak c. hetilapot. \u2013 <strong>F. m.:<\/strong> Eml\u00e9kirat egy Miskolcon fel\u00e1ll\u00edtand\u00f3 ref. tan\u00edt\u00f3k\u00e9pz\u0151 \u00fcgy\u00e9ben (Miskolc, 1917); El\u0151ad\u00f3i javaslat a f\u0151iskolai birtokok \u00e9rt\u00e9kes\u00edt\u00e9se \u00fcgy\u00e9ben (S\u00e1rospatak, 1920); Eml\u00e9kk\u00f6nyv a S\u00e1rospataki Ref. F\u0151iskola fenn\u00e1ll\u00e1s\u00e1nak n\u00e9gysz\u00e1zados \u00fcnnep\u00e9r\u0151l (szerk., S\u00e1rospatak, 1932); Halotti besz\u00e9d Kov\u00e1csy S\u00e1ndor&#8230; felett (S\u00e1rospatak, 1934). <br \/><strong>Irod.:<\/strong> Guly\u00e1s<\/br><\/p>\n","protected":false},"excerpt":{"rendered":"<p>Gernyeszeg, 1873. m\u00e1rc. 20., \u2020\u00a0? : tan\u00e1r, ref. gim. igazgat\u00f3, k\u00f6lt\u0151, \u00edr\u00f3. \u2013 E. K\u00e1lm\u00e1n fia. \u2013 K\u00f6z\u00e9piskol\u00e1it Nagyenyeden, a teol\u00f3gi\u00e1t u.o. \u00e9s Bp.-en v\u00e9gezte (1895). Kishark\u00e1nyi lelk\u00e9sz (1895\u201397), egy\u00fattal a bp-i egyetem b\u00f6lcs\u00e9szhallgat\u00f3ja; tan\u00e1r Nagyk\u0151r\u00f6s\u00f6n (1897\u201398), Gy\u00f6nk\u00f6n (1898\u20131904), S\u00e1rospatakon (1904\u2013) m., latin nyelvet, logik\u00e1t \u00e9s vall\u00e1st tan\u00edtott, az \u00faj alap\u00edt\u00e1s\u00fa angol intern\u00e1tus igazgat\u00f3ja volt\u00a0(1931\u201334). [&hellip;]<\/p>\n","protected":false},"featured_media":0,"comment_status":"open","ping_status":"closed","template":"","meta":[],"product_brand":[],"product_cat":[137],"product_tag":[],"class_list":{"0":"post-7253","1":"product","2":"type-product","3":"status-publish","5":"product_cat-maros-megyei-eletrajzi-lexikon","7":"first","8":"instock","9":"shipping-taxable","10":"product-type-simple"},"_links":{"self":[{"href":"https:\/\/uj.adatbank.ro\/lexikon\/wp-json\/wp\/v2\/product\/7253","targetHints":{"allow":["GET"]}}],"collection":[{"href":"https:\/\/uj.adatbank.ro\/lexikon\/wp-json\/wp\/v2\/product"}],"about":[{"href":"https:\/\/uj.adatbank.ro\/lexikon\/wp-json\/wp\/v2\/types\/product"}],"replies":[{"embeddable":true,"href":"https:\/\/uj.adatbank.ro\/lexikon\/wp-json\/wp\/v2\/comments?post=7253"}],"wp:attachment":[{"href":"https:\/\/uj.adatbank.ro\/lexikon\/wp-json\/wp\/v2\/media?parent=7253"}],"wp:term":[{"taxonomy":"product_brand","embeddable":true,"href":"https:\/\/uj.adatbank.ro\/lexikon\/wp-json\/wp\/v2\/product_brand?post=7253"},{"taxonomy":"product_cat","embeddable":true,"href":"https:\/\/uj.adatbank.ro\/lexikon\/wp-json\/wp\/v2\/product_cat?post=7253"},{"taxonomy":"product_tag","embeddable":true,"href":"https:\/\/uj.adatbank.ro\/lexikon\/wp-json\/wp\/v2\/product_tag?post=7253"}],"curies":[{"name":"wp","href":"https:\/\/api.w.org\/{rel}","templated":true}]}}