{"id":7255,"date":"2025-06-28T18:20:22","date_gmt":"2025-06-28T16:20:22","guid":{"rendered":"https:\/\/uj.adatbank.ro\/lexikon\/termek\/elekes-jozsef-%c2%a7\/"},"modified":"2025-06-28T18:20:22","modified_gmt":"2025-06-28T16:20:22","slug":"elekes-jozsef-%c2%a7","status":"publish","type":"product","link":"https:\/\/uj.adatbank.ro\/lexikon\/termek\/elekes-jozsef-%c2%a7\/","title":{"rendered":"ELEKES J\u00f3zsef, \u00a7"},"content":{"rendered":"<p>Petrozs\u00e9ny, 1877., \u2020\u00a0? : fatermel\u0151 \u00e9s fakeresked\u0151. \u2013 Testv\u00e9re: Egrenreich Hermann, gyalogos, az orosz harct\u00e9ren h\u0151si hal\u00e1lt halt (1917). \u2013 Az I. vh.-ban gyalogosk\u00e9nt teljes\u00edtett szolg\u00e1latot. A k\u00f6z\u00e9piskola ev\u00e9gz\u00e9se ut\u00e1n fakeresked\u0151i p\u00e1ly\u00e1ra l\u00e9pett. Tisztvisel\u0151 Sz\u00e1szsebesen, Brass\u00f3ban \u00e9s Sz\u00e1szr\u00e9genben. Marosludason \u00f6n\u00e1ll\u00f3s\u00edtotta mag\u00e1t (1920) \u00e9s Darvas M\u00f3rral t\u00e1rsulva, a c\u00e9g beltagja lett. Darvas M\u00f3r \u00e9s T\u00e1rsa Fatermel\u0151 \u00e9s Fakeresked\u0151 C\u00e9g n\u00e9ven k\u00f6zpontjukat Mv.-re tett\u00e9k. Zsid\u00f3 kultur\u00e1lis t\u00e9ren gazdag tev\u00e9kenys\u00e9get folytatott, vezet\u0151je \u00e9s tagja sz\u00e1mos egyes\u00fcletnek. Mv.-r\u0151l deport\u00e1lt\u00e1k (1944. m\u00e1j. 29.). <br \/><strong>Irod.:<\/strong> Ki kicsoda\u00a0?; M. hadviselt zsid\u00f3k; Mv. zsid\u00f3s\u00e1ga<\/br><\/p>\n","protected":false},"excerpt":{"rendered":"<p>Petrozs\u00e9ny, 1877., \u2020\u00a0? : fatermel\u0151 \u00e9s fakeresked\u0151. \u2013 Testv\u00e9re: Egrenreich Hermann, gyalogos, az orosz harct\u00e9ren h\u0151si hal\u00e1lt halt (1917). \u2013 Az I. vh.-ban gyalogosk\u00e9nt teljes\u00edtett szolg\u00e1latot. A k\u00f6z\u00e9piskola ev\u00e9gz\u00e9se ut\u00e1n fakeresked\u0151i p\u00e1ly\u00e1ra l\u00e9pett. Tisztvisel\u0151 Sz\u00e1szsebesen, Brass\u00f3ban \u00e9s Sz\u00e1szr\u00e9genben. Marosludason \u00f6n\u00e1ll\u00f3s\u00edtotta mag\u00e1t (1920) \u00e9s Darvas M\u00f3rral t\u00e1rsulva, a c\u00e9g beltagja lett. Darvas M\u00f3r \u00e9s T\u00e1rsa Fatermel\u0151 [&hellip;]<\/p>\n","protected":false},"featured_media":0,"comment_status":"open","ping_status":"closed","template":"","meta":[],"product_brand":[],"product_cat":[137],"product_tag":[],"class_list":{"0":"post-7255","1":"product","2":"type-product","3":"status-publish","5":"product_cat-maros-megyei-eletrajzi-lexikon","7":"first","8":"instock","9":"shipping-taxable","10":"product-type-simple"},"_links":{"self":[{"href":"https:\/\/uj.adatbank.ro\/lexikon\/wp-json\/wp\/v2\/product\/7255","targetHints":{"allow":["GET"]}}],"collection":[{"href":"https:\/\/uj.adatbank.ro\/lexikon\/wp-json\/wp\/v2\/product"}],"about":[{"href":"https:\/\/uj.adatbank.ro\/lexikon\/wp-json\/wp\/v2\/types\/product"}],"replies":[{"embeddable":true,"href":"https:\/\/uj.adatbank.ro\/lexikon\/wp-json\/wp\/v2\/comments?post=7255"}],"wp:attachment":[{"href":"https:\/\/uj.adatbank.ro\/lexikon\/wp-json\/wp\/v2\/media?parent=7255"}],"wp:term":[{"taxonomy":"product_brand","embeddable":true,"href":"https:\/\/uj.adatbank.ro\/lexikon\/wp-json\/wp\/v2\/product_brand?post=7255"},{"taxonomy":"product_cat","embeddable":true,"href":"https:\/\/uj.adatbank.ro\/lexikon\/wp-json\/wp\/v2\/product_cat?post=7255"},{"taxonomy":"product_tag","embeddable":true,"href":"https:\/\/uj.adatbank.ro\/lexikon\/wp-json\/wp\/v2\/product_tag?post=7255"}],"curies":[{"name":"wp","href":"https:\/\/api.w.org\/{rel}","templated":true}]}}