{"id":7256,"date":"2025-06-28T18:20:25","date_gmt":"2025-06-28T16:20:25","guid":{"rendered":"https:\/\/uj.adatbank.ro\/lexikon\/termek\/elekes-jozsefne-galambas-maria\/"},"modified":"2025-06-28T18:20:25","modified_gmt":"2025-06-28T16:20:25","slug":"elekes-jozsefne-galambas-maria","status":"publish","type":"product","link":"https:\/\/uj.adatbank.ro\/lexikon\/termek\/elekes-jozsefne-galambas-maria\/","title":{"rendered":"ELEKES J\u00f3zsefn\u00e9, Galambas M\u00e1ria"},"content":{"rendered":"<p>1785.?, \u2020 Mv., 1832. \u00e1pr. 26. F\u00e9rje: 1. Nemes Gy\u00f6rgy, f\u0151b\u00edr\u00f3; 2. Elekes J\u00f3zsef. Gyermekei: Nemes Karolina, N. Anna , N. Gy\u00f6rgy, Elekes M\u00e1ria. <br \/><strong>Irod.:<\/strong> Gy\u00e1szjelent\u0151<\/br><\/p>\n","protected":false},"excerpt":{"rendered":"<p>1785.?, \u2020 Mv., 1832. \u00e1pr. 26. F\u00e9rje: 1. Nemes Gy\u00f6rgy, f\u0151b\u00edr\u00f3; 2. Elekes J\u00f3zsef. Gyermekei: Nemes Karolina, N. Anna , N. Gy\u00f6rgy, Elekes M\u00e1ria. Irod.: Gy\u00e1szjelent\u0151<\/p>\n","protected":false},"featured_media":0,"comment_status":"open","ping_status":"closed","template":"","meta":[],"product_brand":[],"product_cat":[137],"product_tag":[],"class_list":{"0":"post-7256","1":"product","2":"type-product","3":"status-publish","5":"product_cat-maros-megyei-eletrajzi-lexikon","7":"first","8":"instock","9":"shipping-taxable","10":"product-type-simple"},"_links":{"self":[{"href":"https:\/\/uj.adatbank.ro\/lexikon\/wp-json\/wp\/v2\/product\/7256","targetHints":{"allow":["GET"]}}],"collection":[{"href":"https:\/\/uj.adatbank.ro\/lexikon\/wp-json\/wp\/v2\/product"}],"about":[{"href":"https:\/\/uj.adatbank.ro\/lexikon\/wp-json\/wp\/v2\/types\/product"}],"replies":[{"embeddable":true,"href":"https:\/\/uj.adatbank.ro\/lexikon\/wp-json\/wp\/v2\/comments?post=7256"}],"wp:attachment":[{"href":"https:\/\/uj.adatbank.ro\/lexikon\/wp-json\/wp\/v2\/media?parent=7256"}],"wp:term":[{"taxonomy":"product_brand","embeddable":true,"href":"https:\/\/uj.adatbank.ro\/lexikon\/wp-json\/wp\/v2\/product_brand?post=7256"},{"taxonomy":"product_cat","embeddable":true,"href":"https:\/\/uj.adatbank.ro\/lexikon\/wp-json\/wp\/v2\/product_cat?post=7256"},{"taxonomy":"product_tag","embeddable":true,"href":"https:\/\/uj.adatbank.ro\/lexikon\/wp-json\/wp\/v2\/product_tag?post=7256"}],"curies":[{"name":"wp","href":"https:\/\/api.w.org\/{rel}","templated":true}]}}