{"id":7259,"date":"2025-06-28T18:20:30","date_gmt":"2025-06-28T16:20:30","guid":{"rendered":"https:\/\/uj.adatbank.ro\/lexikon\/termek\/elekes-karoly-2\/"},"modified":"2025-06-28T18:20:30","modified_gmt":"2025-06-28T16:20:30","slug":"elekes-karoly-2","status":"publish","type":"product","link":"https:\/\/uj.adatbank.ro\/lexikon\/termek\/elekes-karoly-2\/","title":{"rendered":"ELEKES K\u00e1roly"},"content":{"rendered":"<p>Gyulafeh\u00e9rv\u00e1r, 1844. m\u00e1rc. 22., \u2020\u00a0Nagyenyed, 1922. dec. 12.: tan\u00e1r. \u2013 Tanulm\u00e1nyait Nagyenyeden kezdte, ahol gimn.-ot, teol\u00f3gi\u00e1t b\u00f6lcseleti \u00e9s jogi tanulm\u00e1nyokat folytatott, papi vizsg\u00e1t tett (1866), majd a berlini (1867\u20131868), j\u00e9nai (1868) \u00e9s heidelbergi (1868) egyetem Hittud.\u00e9s B\u00f6lcs. Kar\u00e1n v\u00e9gzett. Term\u00e9szetrajzi, vegytani \u00e9s b\u00f6lcs\u00e9szeti tanulm\u00e1nyait befejezve Heidelbergben Bunsen laborat\u00f3rium\u00e1ban \u00e9s Pagenstecher \u00e1llattani tanint\u00e9zet\u00e9ben gyakornok. A kv.-i ref. koll.-ban tan\u00edtott (1866\u201367). A mv.-i Ref. Koll. term\u00e9szetrajz \u00e9s vegytan tan\u00e1ra (1869\u201374), majd Nagyenyeden tan\u00e1r a Bethlen Koll.-ban (1874\u20131901), a koll igazgat\u00f3ja (1887\u201388). Nevel\u00e9stani \u00e9s fizikai tanulm\u00e1nyai jelentek meg. <br \/><strong>Irod.:<\/strong> Er\u0151s v\u00e1runk; Gy\u00e1szjelent\u0151; Koncz; Par\u00e1di; Rugonfalvi Kiss; Szab\u00f3\u2013Simon\u2013Sz\u00f6gi<\/br><\/p>\n","protected":false},"excerpt":{"rendered":"<p>Gyulafeh\u00e9rv\u00e1r, 1844. m\u00e1rc. 22., \u2020\u00a0Nagyenyed, 1922. dec. 12.: tan\u00e1r. \u2013 Tanulm\u00e1nyait Nagyenyeden kezdte, ahol gimn.-ot, teol\u00f3gi\u00e1t b\u00f6lcseleti \u00e9s jogi tanulm\u00e1nyokat folytatott, papi vizsg\u00e1t tett (1866), majd a berlini (1867\u20131868), j\u00e9nai (1868) \u00e9s heidelbergi (1868) egyetem Hittud.\u00e9s B\u00f6lcs. Kar\u00e1n v\u00e9gzett. Term\u00e9szetrajzi, vegytani \u00e9s b\u00f6lcs\u00e9szeti tanulm\u00e1nyait befejezve Heidelbergben Bunsen laborat\u00f3rium\u00e1ban \u00e9s Pagenstecher \u00e1llattani tanint\u00e9zet\u00e9ben gyakornok. A kv.-i [&hellip;]<\/p>\n","protected":false},"featured_media":0,"comment_status":"open","ping_status":"closed","template":"","meta":[],"product_brand":[],"product_cat":[137],"product_tag":[],"class_list":{"0":"post-7259","1":"product","2":"type-product","3":"status-publish","5":"product_cat-maros-megyei-eletrajzi-lexikon","7":"first","8":"instock","9":"shipping-taxable","10":"product-type-simple"},"_links":{"self":[{"href":"https:\/\/uj.adatbank.ro\/lexikon\/wp-json\/wp\/v2\/product\/7259","targetHints":{"allow":["GET"]}}],"collection":[{"href":"https:\/\/uj.adatbank.ro\/lexikon\/wp-json\/wp\/v2\/product"}],"about":[{"href":"https:\/\/uj.adatbank.ro\/lexikon\/wp-json\/wp\/v2\/types\/product"}],"replies":[{"embeddable":true,"href":"https:\/\/uj.adatbank.ro\/lexikon\/wp-json\/wp\/v2\/comments?post=7259"}],"wp:attachment":[{"href":"https:\/\/uj.adatbank.ro\/lexikon\/wp-json\/wp\/v2\/media?parent=7259"}],"wp:term":[{"taxonomy":"product_brand","embeddable":true,"href":"https:\/\/uj.adatbank.ro\/lexikon\/wp-json\/wp\/v2\/product_brand?post=7259"},{"taxonomy":"product_cat","embeddable":true,"href":"https:\/\/uj.adatbank.ro\/lexikon\/wp-json\/wp\/v2\/product_cat?post=7259"},{"taxonomy":"product_tag","embeddable":true,"href":"https:\/\/uj.adatbank.ro\/lexikon\/wp-json\/wp\/v2\/product_tag?post=7259"}],"curies":[{"name":"wp","href":"https:\/\/api.w.org\/{rel}","templated":true}]}}