{"id":7260,"date":"2025-06-28T18:20:31","date_gmt":"2025-06-28T16:20:31","guid":{"rendered":"https:\/\/uj.adatbank.ro\/lexikon\/termek\/elekes-katinka-diosadi-szenteh-dezsone\/"},"modified":"2025-06-28T18:20:31","modified_gmt":"2025-06-28T16:20:31","slug":"elekes-katinka-diosadi-szenteh-dezsone","status":"publish","type":"product","link":"https:\/\/uj.adatbank.ro\/lexikon\/termek\/elekes-katinka-diosadi-szenteh-dezsone\/","title":{"rendered":"ELEKES Katinka, di\u00f3sadi, Szenteh Dezs\u0151n\u00e9"},"content":{"rendered":"<p>Gernyeszeg, 1876., \u2020 1943.: tan\u00edt\u00f3n\u0151. \u2013 E. K\u00e1lm\u00e1n le\u00e1nya. \u2013 Algy\u00f3gyon tan\u00edtott f\u00e9rjhezmenetel\u00e9ig, azut\u00e1n Brezn\u00f3b\u00e1ny\u00e1n (\u20131919), F\u00e9legyh\u00e1z\u00e1n, Sopronban, Nagyk\u0151r\u00f6s\u00f6n, Bp.-en \u00e9lt. Novell\u00e1i \u00e9s egy\u00e9bb \u00edr\u00e1sai: Sopron, K\u00e9p. Luther. Napt\u00e1r, Az \u00c9n \u00dajs\u00e1gom, M-\u0171. Asszony, Nagyk\u0151r\u00f6si H\u00edrad\u00f3, Ref. Figyel\u0151, Ref. \u00c9let-ben. \u2013 <strong>F. m.:<\/strong> M. varrottasok (Sopron, 1925); Fon\u00f3 a guzsalyos h\u00e1zban: T\u00f6rt\u00e9nelmi \u00e9letk\u00e9p (Sopron, 1929). <br \/><strong>Irod.:<\/strong> B\u00f6jthe Andor; Guly\u00e1s<\/br><\/p>\n","protected":false},"excerpt":{"rendered":"<p>Gernyeszeg, 1876., \u2020 1943.: tan\u00edt\u00f3n\u0151. \u2013 E. K\u00e1lm\u00e1n le\u00e1nya. \u2013 Algy\u00f3gyon tan\u00edtott f\u00e9rjhezmenetel\u00e9ig, azut\u00e1n Brezn\u00f3b\u00e1ny\u00e1n (\u20131919), F\u00e9legyh\u00e1z\u00e1n, Sopronban, Nagyk\u0151r\u00f6s\u00f6n, Bp.-en \u00e9lt. Novell\u00e1i \u00e9s egy\u00e9bb \u00edr\u00e1sai: Sopron, K\u00e9p. Luther. Napt\u00e1r, Az \u00c9n \u00dajs\u00e1gom, M-\u0171. Asszony, Nagyk\u0151r\u00f6si H\u00edrad\u00f3, Ref. Figyel\u0151, Ref. \u00c9let-ben. \u2013 F. m.: M. varrottasok (Sopron, 1925); Fon\u00f3 a guzsalyos h\u00e1zban: T\u00f6rt\u00e9nelmi \u00e9letk\u00e9p (Sopron, 1929). [&hellip;]<\/p>\n","protected":false},"featured_media":0,"comment_status":"open","ping_status":"closed","template":"","meta":[],"product_brand":[],"product_cat":[137],"product_tag":[],"class_list":{"0":"post-7260","1":"product","2":"type-product","3":"status-publish","5":"product_cat-maros-megyei-eletrajzi-lexikon","7":"first","8":"instock","9":"shipping-taxable","10":"product-type-simple"},"_links":{"self":[{"href":"https:\/\/uj.adatbank.ro\/lexikon\/wp-json\/wp\/v2\/product\/7260","targetHints":{"allow":["GET"]}}],"collection":[{"href":"https:\/\/uj.adatbank.ro\/lexikon\/wp-json\/wp\/v2\/product"}],"about":[{"href":"https:\/\/uj.adatbank.ro\/lexikon\/wp-json\/wp\/v2\/types\/product"}],"replies":[{"embeddable":true,"href":"https:\/\/uj.adatbank.ro\/lexikon\/wp-json\/wp\/v2\/comments?post=7260"}],"wp:attachment":[{"href":"https:\/\/uj.adatbank.ro\/lexikon\/wp-json\/wp\/v2\/media?parent=7260"}],"wp:term":[{"taxonomy":"product_brand","embeddable":true,"href":"https:\/\/uj.adatbank.ro\/lexikon\/wp-json\/wp\/v2\/product_brand?post=7260"},{"taxonomy":"product_cat","embeddable":true,"href":"https:\/\/uj.adatbank.ro\/lexikon\/wp-json\/wp\/v2\/product_cat?post=7260"},{"taxonomy":"product_tag","embeddable":true,"href":"https:\/\/uj.adatbank.ro\/lexikon\/wp-json\/wp\/v2\/product_tag?post=7260"}],"curies":[{"name":"wp","href":"https:\/\/api.w.org\/{rel}","templated":true}]}}