{"id":7262,"date":"2025-06-28T18:20:38","date_gmt":"2025-06-28T16:20:38","guid":{"rendered":"https:\/\/uj.adatbank.ro\/lexikon\/termek\/elekes-laszlo\/"},"modified":"2025-06-28T18:20:38","modified_gmt":"2025-06-28T16:20:38","slug":"elekes-laszlo","status":"publish","type":"product","link":"https:\/\/uj.adatbank.ro\/lexikon\/termek\/elekes-laszlo\/","title":{"rendered":"ELEKES L\u00e1szl\u00f3"},"content":{"rendered":"<p>Mv., 1904., \u2020\u00a0Mv., 2004. febr. 11.: elektrom\u00e9rn\u00f6k. \u2013 Tanulm\u00e1nyait Sz\u00e9kelyudvarhelyt \u00e9s N\u00e9meto.-ban v\u00e9gezte, majd \u00f6n\u00e1ll\u00f3 lett Mv.-en (1934). Mint elektrom\u00e9rn\u00f6k r\u00e1di\u00f3- \u00e9s villamosv\u00e1llalat tulajdonosa volt. Szakszer\u0171 jav\u00edt\u00e1sokat v\u00e9gzett, \u00faj r\u00e1di\u00f3t is k\u00e9sz\u00edtett. Sz\u00e1mos k\u00f6zmunk\u00e1t v\u00e1llalt \u00e9s v\u00e9gzett Mv.-en \u00e9s k\u00f6rny\u00e9k\u00e9n. A mv.-i Dermagant sportegyes\u00fclet egyik eln\u00f6ke (1946). M\u00e9rn\u00f6k a mv.-i Electromures V\u00e1llalatn\u00e1l. <br \/><strong>Irod.:<\/strong> Kl\u00f3sz 2005; Mv.-i labdar\u00fag\u00e1s; Mv.-i zsid\u00f3 temet\u0151 dok.; [Nekrol\u00f3g] (N\u00fa., 2004. febr.?); Sz\u00e9kelyf\u00f6ld \u00ed.k.<\/br><\/p>\n","protected":false},"excerpt":{"rendered":"<p>Mv., 1904., \u2020\u00a0Mv., 2004. febr. 11.: elektrom\u00e9rn\u00f6k. \u2013 Tanulm\u00e1nyait Sz\u00e9kelyudvarhelyt \u00e9s N\u00e9meto.-ban v\u00e9gezte, majd \u00f6n\u00e1ll\u00f3 lett Mv.-en (1934). Mint elektrom\u00e9rn\u00f6k r\u00e1di\u00f3- \u00e9s villamosv\u00e1llalat tulajdonosa volt. Szakszer\u0171 jav\u00edt\u00e1sokat v\u00e9gzett, \u00faj r\u00e1di\u00f3t is k\u00e9sz\u00edtett. Sz\u00e1mos k\u00f6zmunk\u00e1t v\u00e1llalt \u00e9s v\u00e9gzett Mv.-en \u00e9s k\u00f6rny\u00e9k\u00e9n. A mv.-i Dermagant sportegyes\u00fclet egyik eln\u00f6ke (1946). M\u00e9rn\u00f6k a mv.-i Electromures V\u00e1llalatn\u00e1l. Irod.: Kl\u00f3sz 2005; [&hellip;]<\/p>\n","protected":false},"featured_media":0,"comment_status":"open","ping_status":"closed","template":"","meta":[],"product_brand":[],"product_cat":[137],"product_tag":[],"class_list":{"0":"post-7262","1":"product","2":"type-product","3":"status-publish","5":"product_cat-maros-megyei-eletrajzi-lexikon","7":"first","8":"instock","9":"shipping-taxable","10":"product-type-simple"},"_links":{"self":[{"href":"https:\/\/uj.adatbank.ro\/lexikon\/wp-json\/wp\/v2\/product\/7262","targetHints":{"allow":["GET"]}}],"collection":[{"href":"https:\/\/uj.adatbank.ro\/lexikon\/wp-json\/wp\/v2\/product"}],"about":[{"href":"https:\/\/uj.adatbank.ro\/lexikon\/wp-json\/wp\/v2\/types\/product"}],"replies":[{"embeddable":true,"href":"https:\/\/uj.adatbank.ro\/lexikon\/wp-json\/wp\/v2\/comments?post=7262"}],"wp:attachment":[{"href":"https:\/\/uj.adatbank.ro\/lexikon\/wp-json\/wp\/v2\/media?parent=7262"}],"wp:term":[{"taxonomy":"product_brand","embeddable":true,"href":"https:\/\/uj.adatbank.ro\/lexikon\/wp-json\/wp\/v2\/product_brand?post=7262"},{"taxonomy":"product_cat","embeddable":true,"href":"https:\/\/uj.adatbank.ro\/lexikon\/wp-json\/wp\/v2\/product_cat?post=7262"},{"taxonomy":"product_tag","embeddable":true,"href":"https:\/\/uj.adatbank.ro\/lexikon\/wp-json\/wp\/v2\/product_tag?post=7262"}],"curies":[{"name":"wp","href":"https:\/\/api.w.org\/{rel}","templated":true}]}}