{"id":7266,"date":"2025-06-28T18:20:49","date_gmt":"2025-06-28T16:20:49","guid":{"rendered":"https:\/\/uj.adatbank.ro\/lexikon\/termek\/elekes-pal-kezdiszentkatolnai\/"},"modified":"2025-06-28T18:20:49","modified_gmt":"2025-06-28T16:20:49","slug":"elekes-pal-kezdiszentkatolnai","status":"publish","type":"product","link":"https:\/\/uj.adatbank.ro\/lexikon\/termek\/elekes-pal-kezdiszentkatolnai\/","title":{"rendered":"ELEKES P\u00e1l, k\u00e9zdiszentkatolnai"},"content":{"rendered":"<p>1871., \u2020\u00a0Mv., 1922. nov. 22.: kir. j\u00e1r\u00e1sb\u00edr\u00f3. \u2013 Testv\u00e9re: Irma Bajkay J\u00f3zsefn\u00e9. Feles\u00e9ge: k\u00e9zdiszentkatolnai Sz\u00e1sz Lenke. \u2013 Kir. it\u00e9l\u0151t\u00e1blai eln\u00f6k, j\u00e1r\u00e1sb\u00edr\u00f3 Mv.-en. <br \/><strong>Irod.:<\/strong> Gy\u00e1szjelent\u0151<\/br><\/p>\n","protected":false},"excerpt":{"rendered":"<p>1871., \u2020\u00a0Mv., 1922. nov. 22.: kir. j\u00e1r\u00e1sb\u00edr\u00f3. \u2013 Testv\u00e9re: Irma Bajkay J\u00f3zsefn\u00e9. Feles\u00e9ge: k\u00e9zdiszentkatolnai Sz\u00e1sz Lenke. \u2013 Kir. it\u00e9l\u0151t\u00e1blai eln\u00f6k, j\u00e1r\u00e1sb\u00edr\u00f3 Mv.-en. Irod.: Gy\u00e1szjelent\u0151<\/p>\n","protected":false},"featured_media":0,"comment_status":"open","ping_status":"closed","template":"","meta":[],"product_brand":[],"product_cat":[137],"product_tag":[],"class_list":{"0":"post-7266","1":"product","2":"type-product","3":"status-publish","5":"product_cat-maros-megyei-eletrajzi-lexikon","7":"first","8":"instock","9":"shipping-taxable","10":"product-type-simple"},"_links":{"self":[{"href":"https:\/\/uj.adatbank.ro\/lexikon\/wp-json\/wp\/v2\/product\/7266","targetHints":{"allow":["GET"]}}],"collection":[{"href":"https:\/\/uj.adatbank.ro\/lexikon\/wp-json\/wp\/v2\/product"}],"about":[{"href":"https:\/\/uj.adatbank.ro\/lexikon\/wp-json\/wp\/v2\/types\/product"}],"replies":[{"embeddable":true,"href":"https:\/\/uj.adatbank.ro\/lexikon\/wp-json\/wp\/v2\/comments?post=7266"}],"wp:attachment":[{"href":"https:\/\/uj.adatbank.ro\/lexikon\/wp-json\/wp\/v2\/media?parent=7266"}],"wp:term":[{"taxonomy":"product_brand","embeddable":true,"href":"https:\/\/uj.adatbank.ro\/lexikon\/wp-json\/wp\/v2\/product_brand?post=7266"},{"taxonomy":"product_cat","embeddable":true,"href":"https:\/\/uj.adatbank.ro\/lexikon\/wp-json\/wp\/v2\/product_cat?post=7266"},{"taxonomy":"product_tag","embeddable":true,"href":"https:\/\/uj.adatbank.ro\/lexikon\/wp-json\/wp\/v2\/product_tag?post=7266"}],"curies":[{"name":"wp","href":"https:\/\/api.w.org\/{rel}","templated":true}]}}