{"id":7268,"date":"2025-06-28T18:20:53","date_gmt":"2025-06-28T16:20:53","guid":{"rendered":"https:\/\/uj.adatbank.ro\/lexikon\/termek\/elekes-samuel\/"},"modified":"2025-06-28T18:20:53","modified_gmt":"2025-06-28T16:20:53","slug":"elekes-samuel","status":"publish","type":"product","link":"https:\/\/uj.adatbank.ro\/lexikon\/termek\/elekes-samuel\/","title":{"rendered":"ELEKES S\u00e1muel"},"content":{"rendered":"<p>? \u2020\u00a0? : kir. t\u00e1blai jegyz\u0151. \u2013 Egyetlen verse Mv.-en jelent meg Gr. Karcsai S\u00e1ndor Kolozs megyei alisp\u00e1n n\u00e9vnapja \u00fcnnep\u00e9re. \u2013 <strong>F. m.:<\/strong> Gr. Karacsai S\u00e1ndor kolos-megyei alisp\u00e1n n\u00e9vnapja \u00fcnnep\u00e9re m\u00e1rcz. 18. hazafi\u00fai bab\u00e9r koszor\u00faval \u00f6vezett tisztelet olt\u00e1ra. \u00c9ljen az igazs\u00e1g \u00e9s a szeretet: M\u00e9rt\u00e9kes vers (Mv., 1831). <br \/><strong>Irod.:<\/strong> Kr\u00f3n. F\u00fcz. (1939. 4\/7)<\/br><\/p>\n","protected":false},"excerpt":{"rendered":"<p>? \u2020\u00a0? : kir. t\u00e1blai jegyz\u0151. \u2013 Egyetlen verse Mv.-en jelent meg Gr. Karcsai S\u00e1ndor Kolozs megyei alisp\u00e1n n\u00e9vnapja \u00fcnnep\u00e9re. \u2013 F. m.: Gr. Karacsai S\u00e1ndor kolos-megyei alisp\u00e1n n\u00e9vnapja \u00fcnnep\u00e9re m\u00e1rcz. 18. hazafi\u00fai bab\u00e9r koszor\u00faval \u00f6vezett tisztelet olt\u00e1ra. \u00c9ljen az igazs\u00e1g \u00e9s a szeretet: M\u00e9rt\u00e9kes vers (Mv., 1831). Irod.: Kr\u00f3n. F\u00fcz. (1939. 4\/7)<\/p>\n","protected":false},"featured_media":0,"comment_status":"open","ping_status":"closed","template":"","meta":[],"product_brand":[],"product_cat":[137],"product_tag":[],"class_list":{"0":"post-7268","1":"product","2":"type-product","3":"status-publish","5":"product_cat-maros-megyei-eletrajzi-lexikon","7":"first","8":"instock","9":"shipping-taxable","10":"product-type-simple"},"_links":{"self":[{"href":"https:\/\/uj.adatbank.ro\/lexikon\/wp-json\/wp\/v2\/product\/7268","targetHints":{"allow":["GET"]}}],"collection":[{"href":"https:\/\/uj.adatbank.ro\/lexikon\/wp-json\/wp\/v2\/product"}],"about":[{"href":"https:\/\/uj.adatbank.ro\/lexikon\/wp-json\/wp\/v2\/types\/product"}],"replies":[{"embeddable":true,"href":"https:\/\/uj.adatbank.ro\/lexikon\/wp-json\/wp\/v2\/comments?post=7268"}],"wp:attachment":[{"href":"https:\/\/uj.adatbank.ro\/lexikon\/wp-json\/wp\/v2\/media?parent=7268"}],"wp:term":[{"taxonomy":"product_brand","embeddable":true,"href":"https:\/\/uj.adatbank.ro\/lexikon\/wp-json\/wp\/v2\/product_brand?post=7268"},{"taxonomy":"product_cat","embeddable":true,"href":"https:\/\/uj.adatbank.ro\/lexikon\/wp-json\/wp\/v2\/product_cat?post=7268"},{"taxonomy":"product_tag","embeddable":true,"href":"https:\/\/uj.adatbank.ro\/lexikon\/wp-json\/wp\/v2\/product_tag?post=7268"}],"curies":[{"name":"wp","href":"https:\/\/api.w.org\/{rel}","templated":true}]}}