{"id":7271,"date":"2025-06-28T18:20:59","date_gmt":"2025-06-28T16:20:59","guid":{"rendered":"https:\/\/uj.adatbank.ro\/lexikon\/termek\/elekesi-janos\/"},"modified":"2025-06-28T18:20:59","modified_gmt":"2025-06-28T16:20:59","slug":"elekesi-janos","status":"publish","type":"product","link":"https:\/\/uj.adatbank.ro\/lexikon\/termek\/elekesi-janos\/","title":{"rendered":"ELEKESI J\u00e1nos"},"content":{"rendered":"<p>? \u2020\u00a0? : adom\u00e1nyoz\u00f3. \u2013 A s\u00f6v\u00e9nyfalvi ref. egyh\u00e1znak \u00f3n keresztel\u0151kann\u00e1t adom\u00e1nyozott k\u00f6z\u00f6sen Vas Kat\u00e1val (1667). <br \/><strong>Irod.:<\/strong> K\u00fck\u00fcll\u0151i Ref. Egyh\u00e1zm. 3.<\/br><\/p>\n","protected":false},"excerpt":{"rendered":"<p>? \u2020\u00a0? : adom\u00e1nyoz\u00f3. \u2013 A s\u00f6v\u00e9nyfalvi ref. egyh\u00e1znak \u00f3n keresztel\u0151kann\u00e1t adom\u00e1nyozott k\u00f6z\u00f6sen Vas Kat\u00e1val (1667). Irod.: K\u00fck\u00fcll\u0151i Ref. Egyh\u00e1zm. 3.<\/p>\n","protected":false},"featured_media":0,"comment_status":"open","ping_status":"closed","template":"","meta":[],"product_brand":[],"product_cat":[137],"product_tag":[],"class_list":{"0":"post-7271","1":"product","2":"type-product","3":"status-publish","5":"product_cat-maros-megyei-eletrajzi-lexikon","7":"first","8":"instock","9":"shipping-taxable","10":"product-type-simple"},"_links":{"self":[{"href":"https:\/\/uj.adatbank.ro\/lexikon\/wp-json\/wp\/v2\/product\/7271","targetHints":{"allow":["GET"]}}],"collection":[{"href":"https:\/\/uj.adatbank.ro\/lexikon\/wp-json\/wp\/v2\/product"}],"about":[{"href":"https:\/\/uj.adatbank.ro\/lexikon\/wp-json\/wp\/v2\/types\/product"}],"replies":[{"embeddable":true,"href":"https:\/\/uj.adatbank.ro\/lexikon\/wp-json\/wp\/v2\/comments?post=7271"}],"wp:attachment":[{"href":"https:\/\/uj.adatbank.ro\/lexikon\/wp-json\/wp\/v2\/media?parent=7271"}],"wp:term":[{"taxonomy":"product_brand","embeddable":true,"href":"https:\/\/uj.adatbank.ro\/lexikon\/wp-json\/wp\/v2\/product_brand?post=7271"},{"taxonomy":"product_cat","embeddable":true,"href":"https:\/\/uj.adatbank.ro\/lexikon\/wp-json\/wp\/v2\/product_cat?post=7271"},{"taxonomy":"product_tag","embeddable":true,"href":"https:\/\/uj.adatbank.ro\/lexikon\/wp-json\/wp\/v2\/product_tag?post=7271"}],"curies":[{"name":"wp","href":"https:\/\/api.w.org\/{rel}","templated":true}]}}