{"id":7272,"date":"2025-06-28T18:21:02","date_gmt":"2025-06-28T16:21:02","guid":{"rendered":"https:\/\/uj.adatbank.ro\/lexikon\/termek\/elekesi-tarisznya-gyorgy\/"},"modified":"2025-06-28T18:21:02","modified_gmt":"2025-06-28T16:21:02","slug":"elekesi-tarisznya-gyorgy","status":"publish","type":"product","link":"https:\/\/uj.adatbank.ro\/lexikon\/termek\/elekesi-tarisznya-gyorgy\/","title":{"rendered":"ELEKESI TARISZNYA Gy\u00f6rgy"},"content":{"rendered":"<p>? \u2020\u00a0?: sz\u00edjgy\u00e1rt\u00f3 mester. \u2013 Az obszerv\u00e1ns ferencesek (szab\u00e1lyt betart\u00f3, szigor\u00fabb rendtart\u00e1s\u00faak) visszat\u00e9rhettek Mv.-re (1735), telket vettek t\u0151le a mai f\u0151t\u00e9ren (Trandafirilor 10), ahol rendh\u00e1zat \u00e9s templomot \u00e9p\u00edtettek. (1745\u201377). <br \/><strong>Irod.:<\/strong> Man: Tg.M. 1.; P\u00e1l-Antal 2003\u00a0; P\u00e1l Antal 2009<\/br><\/p>\n","protected":false},"excerpt":{"rendered":"<p>? \u2020\u00a0?: sz\u00edjgy\u00e1rt\u00f3 mester. \u2013 Az obszerv\u00e1ns ferencesek (szab\u00e1lyt betart\u00f3, szigor\u00fabb rendtart\u00e1s\u00faak) visszat\u00e9rhettek Mv.-re (1735), telket vettek t\u0151le a mai f\u0151t\u00e9ren (Trandafirilor 10), ahol rendh\u00e1zat \u00e9s templomot \u00e9p\u00edtettek. (1745\u201377). Irod.: Man: Tg.M. 1.; P\u00e1l-Antal 2003\u00a0; P\u00e1l Antal 2009<\/p>\n","protected":false},"featured_media":0,"comment_status":"open","ping_status":"closed","template":"","meta":[],"product_brand":[],"product_cat":[137],"product_tag":[],"class_list":{"0":"post-7272","1":"product","2":"type-product","3":"status-publish","5":"product_cat-maros-megyei-eletrajzi-lexikon","7":"first","8":"instock","9":"shipping-taxable","10":"product-type-simple"},"_links":{"self":[{"href":"https:\/\/uj.adatbank.ro\/lexikon\/wp-json\/wp\/v2\/product\/7272","targetHints":{"allow":["GET"]}}],"collection":[{"href":"https:\/\/uj.adatbank.ro\/lexikon\/wp-json\/wp\/v2\/product"}],"about":[{"href":"https:\/\/uj.adatbank.ro\/lexikon\/wp-json\/wp\/v2\/types\/product"}],"replies":[{"embeddable":true,"href":"https:\/\/uj.adatbank.ro\/lexikon\/wp-json\/wp\/v2\/comments?post=7272"}],"wp:attachment":[{"href":"https:\/\/uj.adatbank.ro\/lexikon\/wp-json\/wp\/v2\/media?parent=7272"}],"wp:term":[{"taxonomy":"product_brand","embeddable":true,"href":"https:\/\/uj.adatbank.ro\/lexikon\/wp-json\/wp\/v2\/product_brand?post=7272"},{"taxonomy":"product_cat","embeddable":true,"href":"https:\/\/uj.adatbank.ro\/lexikon\/wp-json\/wp\/v2\/product_cat?post=7272"},{"taxonomy":"product_tag","embeddable":true,"href":"https:\/\/uj.adatbank.ro\/lexikon\/wp-json\/wp\/v2\/product_tag?post=7272"}],"curies":[{"name":"wp","href":"https:\/\/api.w.org\/{rel}","templated":true}]}}