{"id":7273,"date":"2025-06-28T18:21:04","date_gmt":"2025-06-28T16:21:04","guid":{"rendered":"https:\/\/uj.adatbank.ro\/lexikon\/termek\/elena-din-ardeal-%c2%a7-eredeti-neve-elena-simtion\/"},"modified":"2025-06-28T18:21:04","modified_gmt":"2025-06-28T16:21:04","slug":"elena-din-ardeal-%c2%a7-eredeti-neve-elena-simtion","status":"publish","type":"product","link":"https:\/\/uj.adatbank.ro\/lexikon\/termek\/elena-din-ardeal-%c2%a7-eredeti-neve-elena-simtion\/","title":{"rendered":"ELENA din Ardeal, \u00a7 eredeti neve: Elena Simtion"},"content":{"rendered":"<p>Bal\u00e1zsfalva, 1873. j\u00fal. 13., \u2020 Dics\u0151szentm\u00e1rton, 1925. febr. 9.: tan\u00e1r, k\u00f6lt\u0151, \u00edr\u00f3. \u2013 Tanult sz\u00fcl\u0151v\u00e1ros\u00e1ban \u00e9s Szebenben; tan\u00edt\u00f3n\u0151 lett Bal\u00e1zsfalv\u00e1n (1890\u20131909). Tan\u00edt\u00f3n\u0151k\u00e9nt dolgozott Egres-en (1910\u201311) \u00e9s Coacul de C\u00e2mpie-n (1912\u201319). Rom\u00e1n tan\u00e1r Dics\u0151szentm\u00e1rtonban az Andrei B\u00e2rseanu gimn.-ban (1919\u201325), majd kinevezt\u00e9k igazgat\u00f3nak az Oltea Doamna Le\u00e1nygimn.-ba. Rom\u00e1n- nyelv \u00e9s irodalom tan\u00e1rk\u00e9nt \u00e9l\u00e9nk kult\u00farmunk\u00e1t fejtett ki a tanul\u00f3k, de a feln\u0151ttek k\u00f6r\u00e9ben is; bekapcsol\u00f3dott a Cercul cultural Valea T\u00e2rnavelor m\u0171vel\u0151d\u00e9si k\u00f6r tev\u00e9kenys\u00e9g\u00e9be. 15 \u00e9ves kora \u00f3ta \u00edrt verseket; publik\u00e1lt a Familia, Tribuna, Pagini literare, Unirea, Viea\u0163a, Revista politic\u0103 \u015fi literar\u0103, Foaia interesant\u0103, Revista Or\u0103\u015ftiei, Revista noastr\u0103, Dreptatea, Tribuna poporului, T\u00e2rnava c. Lapokban. Ford\u00edtott Berde M\u00e1ria, Pet\u0151fi, Heine, Sipos Domokos m\u0171veib\u0151l. A Dics\u0151szentm\u00e1rtoni Irodalmi K\u00f6r viseli a nev\u00e9t (1990\u2013); post mortem a v\u00e1ros d\u00edszpolg\u00e1ra (1995); eml\u00e9kt\u00e1bl\u00e1t \u00e1ll\u00edtottak a gimn.-ra amelyben tan\u00edtott (1994). \u2013 <strong>F. m.:<\/strong> Stropi de rou\u0103 (Arad., 1902); Din inima \u0163\u0103rii (Dicios\u00e2nmartin, 1923); Poezii \u015fi poeme \u00een proz\u0103 (Tg.M., 1995); <strong>antol\u00f3g.:<\/strong> Almanahul scriitorilor de la noi (Or\u0103\u015ftie, 1911); Poe\u0163ii \u015fi prozatorii Ardealului p\u00e2n\u0103 la Unire \/ Gh. Carda\u015f (Buc., 1936); Antologia Unirii, 1918\u20131983 (Buc., 1983). <br \/><strong>Irod.:<\/strong> C.L. (8. febr. 2000; 8. febr. 2003.; 9. febr. 2006..); Cosma; \u00c9vfordul\u00f3nkra; Ghid Alba; Molter 1., Predescu; T\u00e2rnava (1992. nr. 2.); T\u00e2rn\u0103veni, cult.- ist.<\/br><\/p>\n","protected":false},"excerpt":{"rendered":"<p>Bal\u00e1zsfalva, 1873. j\u00fal. 13., \u2020 Dics\u0151szentm\u00e1rton, 1925. febr. 9.: tan\u00e1r, k\u00f6lt\u0151, \u00edr\u00f3. \u2013 Tanult sz\u00fcl\u0151v\u00e1ros\u00e1ban \u00e9s Szebenben; tan\u00edt\u00f3n\u0151 lett Bal\u00e1zsfalv\u00e1n (1890\u20131909). Tan\u00edt\u00f3n\u0151k\u00e9nt dolgozott Egres-en (1910\u201311) \u00e9s Coacul de C\u00e2mpie-n (1912\u201319). Rom\u00e1n tan\u00e1r Dics\u0151szentm\u00e1rtonban az Andrei B\u00e2rseanu gimn.-ban (1919\u201325), majd kinevezt\u00e9k igazgat\u00f3nak az Oltea Doamna Le\u00e1nygimn.-ba. Rom\u00e1n- nyelv \u00e9s irodalom tan\u00e1rk\u00e9nt \u00e9l\u00e9nk kult\u00farmunk\u00e1t fejtett ki a [&hellip;]<\/p>\n","protected":false},"featured_media":0,"comment_status":"open","ping_status":"closed","template":"","meta":[],"product_brand":[],"product_cat":[137],"product_tag":[],"class_list":{"0":"post-7273","1":"product","2":"type-product","3":"status-publish","5":"product_cat-maros-megyei-eletrajzi-lexikon","7":"first","8":"instock","9":"shipping-taxable","10":"product-type-simple"},"_links":{"self":[{"href":"https:\/\/uj.adatbank.ro\/lexikon\/wp-json\/wp\/v2\/product\/7273","targetHints":{"allow":["GET"]}}],"collection":[{"href":"https:\/\/uj.adatbank.ro\/lexikon\/wp-json\/wp\/v2\/product"}],"about":[{"href":"https:\/\/uj.adatbank.ro\/lexikon\/wp-json\/wp\/v2\/types\/product"}],"replies":[{"embeddable":true,"href":"https:\/\/uj.adatbank.ro\/lexikon\/wp-json\/wp\/v2\/comments?post=7273"}],"wp:attachment":[{"href":"https:\/\/uj.adatbank.ro\/lexikon\/wp-json\/wp\/v2\/media?parent=7273"}],"wp:term":[{"taxonomy":"product_brand","embeddable":true,"href":"https:\/\/uj.adatbank.ro\/lexikon\/wp-json\/wp\/v2\/product_brand?post=7273"},{"taxonomy":"product_cat","embeddable":true,"href":"https:\/\/uj.adatbank.ro\/lexikon\/wp-json\/wp\/v2\/product_cat?post=7273"},{"taxonomy":"product_tag","embeddable":true,"href":"https:\/\/uj.adatbank.ro\/lexikon\/wp-json\/wp\/v2\/product_tag?post=7273"}],"curies":[{"name":"wp","href":"https:\/\/api.w.org\/{rel}","templated":true}]}}