{"id":7274,"date":"2025-06-28T18:21:07","date_gmt":"2025-06-28T16:21:07","guid":{"rendered":"https:\/\/uj.adatbank.ro\/lexikon\/termek\/elges-johann\/"},"modified":"2025-06-28T18:21:07","modified_gmt":"2025-06-28T16:21:07","slug":"elges-johann","status":"publish","type":"product","link":"https:\/\/uj.adatbank.ro\/lexikon\/termek\/elges-johann\/","title":{"rendered":"ELGES Johann"},"content":{"rendered":"<p>K\u00fck\u00fcll\u0151magyar\u00f3s v. Segesv\u00e1r, 1820., \u2020\u00a0Sz\u00e1szmagyar\u00f3s, 1867.: ev. lelk\u00e9sz. \u2013 B\u00e9csben a protest\u00e1ns teol\u00f3gi\u00e1n tanult (1839). Tan\u00e1r Segesv\u00e1ron (1810\u201316) \u00e9s pap Sz\u00e1szmagyar\u00f3son (1810\u201367). <br \/><strong>Irod.:<\/strong> Szab\u00f3\u2013Sz\u00f6gi<\/br><\/p>\n","protected":false},"excerpt":{"rendered":"<p>K\u00fck\u00fcll\u0151magyar\u00f3s v. Segesv\u00e1r, 1820., \u2020\u00a0Sz\u00e1szmagyar\u00f3s, 1867.: ev. lelk\u00e9sz. \u2013 B\u00e9csben a protest\u00e1ns teol\u00f3gi\u00e1n tanult (1839). Tan\u00e1r Segesv\u00e1ron (1810\u201316) \u00e9s pap Sz\u00e1szmagyar\u00f3son (1810\u201367). Irod.: Szab\u00f3\u2013Sz\u00f6gi<\/p>\n","protected":false},"featured_media":0,"comment_status":"open","ping_status":"closed","template":"","meta":[],"product_brand":[],"product_cat":[137],"product_tag":[],"class_list":{"0":"post-7274","1":"product","2":"type-product","3":"status-publish","5":"product_cat-maros-megyei-eletrajzi-lexikon","7":"first","8":"instock","9":"shipping-taxable","10":"product-type-simple"},"_links":{"self":[{"href":"https:\/\/uj.adatbank.ro\/lexikon\/wp-json\/wp\/v2\/product\/7274","targetHints":{"allow":["GET"]}}],"collection":[{"href":"https:\/\/uj.adatbank.ro\/lexikon\/wp-json\/wp\/v2\/product"}],"about":[{"href":"https:\/\/uj.adatbank.ro\/lexikon\/wp-json\/wp\/v2\/types\/product"}],"replies":[{"embeddable":true,"href":"https:\/\/uj.adatbank.ro\/lexikon\/wp-json\/wp\/v2\/comments?post=7274"}],"wp:attachment":[{"href":"https:\/\/uj.adatbank.ro\/lexikon\/wp-json\/wp\/v2\/media?parent=7274"}],"wp:term":[{"taxonomy":"product_brand","embeddable":true,"href":"https:\/\/uj.adatbank.ro\/lexikon\/wp-json\/wp\/v2\/product_brand?post=7274"},{"taxonomy":"product_cat","embeddable":true,"href":"https:\/\/uj.adatbank.ro\/lexikon\/wp-json\/wp\/v2\/product_cat?post=7274"},{"taxonomy":"product_tag","embeddable":true,"href":"https:\/\/uj.adatbank.ro\/lexikon\/wp-json\/wp\/v2\/product_tag?post=7274"}],"curies":[{"name":"wp","href":"https:\/\/api.w.org\/{rel}","templated":true}]}}