{"id":7276,"date":"2025-06-28T18:21:10","date_gmt":"2025-06-28T16:21:10","guid":{"rendered":"https:\/\/uj.adatbank.ro\/lexikon\/termek\/eliasz-sarolta-elias-sarolta\/"},"modified":"2025-06-28T18:21:10","modified_gmt":"2025-06-28T16:21:10","slug":"eliasz-sarolta-elias-sarolta","status":"publish","type":"product","link":"https:\/\/uj.adatbank.ro\/lexikon\/termek\/eliasz-sarolta-elias-sarolta\/","title":{"rendered":"\u00c9LI\u00c1SZ Sarolta, Eli\u00e1s Sarolta"},"content":{"rendered":"<p>? \u2020\u00a01944.: keresked\u0151. \u2013 Val\u00f3sz\u00edn\u0171: apja \u00c9. M\u00e1rton J\u00f3zsef, mv.-i szab\u00f3mester. F\u00e9rje Mermelstein Salamon (P\u00e9terfalva, 1894\u2013) keresked\u0151 Mv.-en. \u2013 Mv.-en c\u00e9ge, k\u00f6t\u00f6tt\u00e1r\u00fa \u00fczlet \u00e9s f\u0171z\u0151szalon tulajdonos (1921\u2013). <br \/><strong>Irod.:<\/strong> M. hadviselt zsid\u00f3k; Mv.-i zsid\u00f3 temet\u0151 dok.; Sz\u00e9kelyf\u00f6ld \u00ed.k.<\/br><\/p>\n","protected":false},"excerpt":{"rendered":"<p>? \u2020\u00a01944.: keresked\u0151. \u2013 Val\u00f3sz\u00edn\u0171: apja \u00c9. M\u00e1rton J\u00f3zsef, mv.-i szab\u00f3mester. F\u00e9rje Mermelstein Salamon (P\u00e9terfalva, 1894\u2013) keresked\u0151 Mv.-en. \u2013 Mv.-en c\u00e9ge, k\u00f6t\u00f6tt\u00e1r\u00fa \u00fczlet \u00e9s f\u0171z\u0151szalon tulajdonos (1921\u2013). Irod.: M. hadviselt zsid\u00f3k; Mv.-i zsid\u00f3 temet\u0151 dok.; Sz\u00e9kelyf\u00f6ld \u00ed.k.<\/p>\n","protected":false},"featured_media":0,"comment_status":"open","ping_status":"closed","template":"","meta":[],"product_brand":[],"product_cat":[137],"product_tag":[],"class_list":{"0":"post-7276","1":"product","2":"type-product","3":"status-publish","5":"product_cat-maros-megyei-eletrajzi-lexikon","7":"first","8":"instock","9":"shipping-taxable","10":"product-type-simple"},"_links":{"self":[{"href":"https:\/\/uj.adatbank.ro\/lexikon\/wp-json\/wp\/v2\/product\/7276","targetHints":{"allow":["GET"]}}],"collection":[{"href":"https:\/\/uj.adatbank.ro\/lexikon\/wp-json\/wp\/v2\/product"}],"about":[{"href":"https:\/\/uj.adatbank.ro\/lexikon\/wp-json\/wp\/v2\/types\/product"}],"replies":[{"embeddable":true,"href":"https:\/\/uj.adatbank.ro\/lexikon\/wp-json\/wp\/v2\/comments?post=7276"}],"wp:attachment":[{"href":"https:\/\/uj.adatbank.ro\/lexikon\/wp-json\/wp\/v2\/media?parent=7276"}],"wp:term":[{"taxonomy":"product_brand","embeddable":true,"href":"https:\/\/uj.adatbank.ro\/lexikon\/wp-json\/wp\/v2\/product_brand?post=7276"},{"taxonomy":"product_cat","embeddable":true,"href":"https:\/\/uj.adatbank.ro\/lexikon\/wp-json\/wp\/v2\/product_cat?post=7276"},{"taxonomy":"product_tag","embeddable":true,"href":"https:\/\/uj.adatbank.ro\/lexikon\/wp-json\/wp\/v2\/product_tag?post=7276"}],"curies":[{"name":"wp","href":"https:\/\/api.w.org\/{rel}","templated":true}]}}