{"id":7280,"date":"2025-06-28T18:21:18","date_gmt":"2025-06-28T16:21:18","guid":{"rendered":"https:\/\/uj.adatbank.ro\/lexikon\/termek\/elsasser-miklos-elseser-nicolae\/"},"modified":"2025-06-28T18:21:18","modified_gmt":"2025-06-28T16:21:18","slug":"elsasser-miklos-elseser-nicolae","status":"publish","type":"product","link":"https:\/\/uj.adatbank.ro\/lexikon\/termek\/elsasser-miklos-elseser-nicolae\/","title":{"rendered":"ELS\u00c4SSER Mikl\u00f3s, Elseser Nicolae"},"content":{"rendered":"<p>? \u2020 N\u00e9meto., 2004. jan. 12.: \u00e9p\u00edt\u00e9szm\u00e9rn\u00f6k. \u2013 A mv.-i cukorgy\u00e1r \u00e9p\u00edt\u00e9s\u00e9n\u00e9l dolgozott (1962). <br \/><strong>Irod.:<\/strong> Bartos 2012; [Nekrol\u00f3g] (N\u00fa., 2006. nov. 4.)<\/br><\/p>\n","protected":false},"excerpt":{"rendered":"<p>? \u2020 N\u00e9meto., 2004. jan. 12.: \u00e9p\u00edt\u00e9szm\u00e9rn\u00f6k. \u2013 A mv.-i cukorgy\u00e1r \u00e9p\u00edt\u00e9s\u00e9n\u00e9l dolgozott (1962). Irod.: Bartos 2012; [Nekrol\u00f3g] (N\u00fa., 2006. nov. 4.)<\/p>\n","protected":false},"featured_media":0,"comment_status":"open","ping_status":"closed","template":"","meta":[],"product_brand":[],"product_cat":[137],"product_tag":[],"class_list":{"0":"post-7280","1":"product","2":"type-product","3":"status-publish","5":"product_cat-maros-megyei-eletrajzi-lexikon","7":"first","8":"instock","9":"shipping-taxable","10":"product-type-simple"},"_links":{"self":[{"href":"https:\/\/uj.adatbank.ro\/lexikon\/wp-json\/wp\/v2\/product\/7280","targetHints":{"allow":["GET"]}}],"collection":[{"href":"https:\/\/uj.adatbank.ro\/lexikon\/wp-json\/wp\/v2\/product"}],"about":[{"href":"https:\/\/uj.adatbank.ro\/lexikon\/wp-json\/wp\/v2\/types\/product"}],"replies":[{"embeddable":true,"href":"https:\/\/uj.adatbank.ro\/lexikon\/wp-json\/wp\/v2\/comments?post=7280"}],"wp:attachment":[{"href":"https:\/\/uj.adatbank.ro\/lexikon\/wp-json\/wp\/v2\/media?parent=7280"}],"wp:term":[{"taxonomy":"product_brand","embeddable":true,"href":"https:\/\/uj.adatbank.ro\/lexikon\/wp-json\/wp\/v2\/product_brand?post=7280"},{"taxonomy":"product_cat","embeddable":true,"href":"https:\/\/uj.adatbank.ro\/lexikon\/wp-json\/wp\/v2\/product_cat?post=7280"},{"taxonomy":"product_tag","embeddable":true,"href":"https:\/\/uj.adatbank.ro\/lexikon\/wp-json\/wp\/v2\/product_tag?post=7280"}],"curies":[{"name":"wp","href":"https:\/\/api.w.org\/{rel}","templated":true}]}}